{"id":1970,"date":"2015-04-25T22:59:11","date_gmt":"2015-04-25T22:59:11","guid":{"rendered":"http:\/\/dstenerife.ducklingit.com\/?page_id=1970"},"modified":"2021-07-17T12:22:07","modified_gmt":"2021-07-17T12:22:07","slug":"guarderia-kikri","status":"publish","type":"page","link":"https:\/\/www.dstenerife.eu\/es\/kikri-y-kindergarten\/guarderia-kikri\/","title":{"rendered":"Centro de Primer Ciclo de Educaci\u00f3n infantil KiKri"},"content":{"rendered":"<p style=\"text-align: justify;\">La guarder\u00eda biling\u00fce \u201cKiKri\u201d, que abri\u00f3 en 2014 con dos grupos de 15 ni\u00f1os es parte integral del colegio y sirve, entre otras cosas, como instalaci\u00f3n preparatoria para la entrada en el Kindergarten (educaci\u00f3n infantil biling\u00fce).<\/p>\n<p style=\"text-align: justify;\"><iframe src=\"\/\/www.youtube.com\/embed\/7-ApveMBNIo\" width=\"560\" height=\"314\" allowfullscreen=\"allowfullscreen\"><\/iframe><\/p>\n<p style=\"text-align: justify;\">Lo especial de la Kikri es el aprendizaje temprano del idioma alem\u00e1n. El personal de la Kikri se compone de educadores especializados en Alemania que encauzan a los ni\u00f1os de manera profesional hacia el segundo idioma. El concepto pedag\u00f3gico est\u00e1 orientado hacia la formaci\u00f3n y educaci\u00f3n alemana e integra al mismo tiempo la cultura canaria.<\/p>\n<p style=\"text-align: justify;\">Nuestro trabajo esta centrado en transmitir el idioma alem\u00e1n de una forma l\u00fadica. Los ni\u00f1os aprenden la segunda lengua\u00a0de una forma natural, ya que los educadores se comunican exclusivamente en alem\u00e1n con ellos. A lo largo de todo el a\u00f1o tenemos estudiantes de pedagog\u00eda y de educaci\u00f3n infantil que nos apoyan. Por ello podemos trabajar en peque\u00f1os grupos y percibir la individualidad de cada ni\u00f1o para\u00a0de esta forma conducirlos sensiblemente hacia el nuevo idioma.<\/p>\n<p style=\"text-align: justify;\">Met\u00f3dicamente nos orientamos en el principio de inmersi\u00f3n. Como ya nos indica el concepto, el aprendizaje del idioma no se lleva a cabo de una forma sistem\u00e1tica o escolar, sino por su empleo \u00a0en el d\u00eda a d\u00eda. La forma y manera de transmitir el principio de inmersi\u00f3n se parece al aprendizaje de la lengua materna y no supone una sobrecarga para los ni\u00f1os. La inmersi\u00f3n resulta muy exitosa en el fomento del idioma, al no ocasionar ninguna presi\u00f3n sobre los ni\u00f1os\/as.<\/p>\n<p style=\"text-align: justify;\">El desarrollo pr\u00e1ctico diario esta organizado de una forma muy variada. Los ni\u00f1os\/as son saludados y despedidos en un c\u00edrculo en conjunto, comen juntos y tienen mucho espacio para jugar libremente. Tambi\u00e9n se integran ofertas especiales para los\/as peque\u00f1os\/as las cuales despiertan los sentidos as\u00ed como el aprendizaje del idioma.<\/p>\n<p style=\"text-align: justify;\">Al asistir\u00a0a guarder\u00eda (KiKri) los ni\u00f1os\/as pueden irse acostumbrando al idioma alem\u00e1n as\u00ed como a las instalaciones del colegio y tambi\u00e9n a la posibilidad de entrar en el Kindergarten. Por ello es importante que para entrar en el Kindergarten hayan estado en\u00a0nuestra guarder\u00eda biling\u00fce hecho que \u00a0y es tenido en cuenta favorablemente como criterio de admisi\u00f3n.<\/p>\n<p>&nbsp;<\/p>\n","protected":false},"excerpt":{"rendered":"<p>La guarder\u00eda biling\u00fce \u201cKiKri\u201d, que abri\u00f3 en 2014 con dos grupos de 15 ni\u00f1os es parte [&hellip;]<\/p>\n","protected":false},"author":10,"featured_media":0,"parent":1601,"menu_order":14,"comment_status":"closed","ping_status":"closed","template":"","meta":{"site-sidebar-layout":"default","site-content-layout":"default","ast-site-content-layout":"default","site-content-style":"default","site-sidebar-style":"default","ast-global-header-display":"","ast-banner-title-visibility":"","ast-main-header-display":"","ast-hfb-above-header-display":"","ast-hfb-below-header-display":"","ast-hfb-mobile-header-display":"","site-post-title":"","ast-breadcrumbs-content":"","ast-featured-img":"","footer-sml-layout":"","ast-disable-related-posts":"","theme-transparent-header-meta":"default","adv-header-id-meta":"","stick-header-meta":"default","header-above-stick-meta":"","header-main-stick-meta":"","header-below-stick-meta":"","astra-migrate-meta-layouts":"default","ast-page-background-enabled":"default","ast-page-background-meta":{"desktop":{"background-color":"","background-image":"","background-repeat":"repeat","background-position":"center center","background-size":"auto","background-attachment":"scroll","background-type":"","background-media":"","overlay-type":"","overlay-color":"","overlay-opacity":"","overlay-gradient":""},"tablet":{"background-color":"","background-image":"","background-repeat":"repeat","background-position":"center center","background-size":"auto","background-attachment":"scroll","background-type":"","background-media":"","overlay-type":"","overlay-color":"","overlay-opacity":"","overlay-gradient":""},"mobile":{"background-color":"","background-image":"","background-repeat":"repeat","background-position":"center center","background-size":"auto","background-attachment":"scroll","background-type":"","background-media":"","overlay-type":"","overlay-color":"","overlay-opacity":"","overlay-gradient":""}},"ast-content-background-meta":{"desktop":{"background-color":"var(--ast-global-color-5)","background-image":"","background-repeat":"repeat","background-position":"center center","background-size":"auto","background-attachment":"scroll","background-type":"","background-media":"","overlay-type":"","overlay-color":"","overlay-opacity":"","overlay-gradient":""},"tablet":{"background-color":"var(--ast-global-color-5)","background-image":"","background-repeat":"repeat","background-position":"center center","background-size":"auto","background-attachment":"scroll","background-type":"","background-media":"","overlay-type":"","overlay-color":"","overlay-opacity":"","overlay-gradient":""},"mobile":{"background-color":"var(--ast-global-color-5)","background-image":"","background-repeat":"repeat","background-position":"center center","background-size":"auto","background-attachment":"scroll","background-type":"","background-media":"","overlay-type":"","overlay-color":"","overlay-opacity":"","overlay-gradient":""}},"_jet_sm_ready_style":"","_jet_sm_style":"","_jet_sm_controls_values":"","_jet_sm_fonts_collection":"","_jet_sm_fonts_links":"","footnotes":""},"schlagwortedst":[],"wf_page_folders":[178],"class_list":["post-1970","page","type-page","status-publish","hentry"],"_links":{"self":[{"href":"https:\/\/www.dstenerife.eu\/es\/wp-json\/wp\/v2\/pages\/1970","targetHints":{"allow":["GET"]}}],"collection":[{"href":"https:\/\/www.dstenerife.eu\/es\/wp-json\/wp\/v2\/pages"}],"about":[{"href":"https:\/\/www.dstenerife.eu\/es\/wp-json\/wp\/v2\/types\/page"}],"author":[{"embeddable":true,"href":"https:\/\/www.dstenerife.eu\/es\/wp-json\/wp\/v2\/users\/10"}],"replies":[{"embeddable":true,"href":"https:\/\/www.dstenerife.eu\/es\/wp-json\/wp\/v2\/comments?post=1970"}],"version-history":[{"count":0,"href":"https:\/\/www.dstenerife.eu\/es\/wp-json\/wp\/v2\/pages\/1970\/revisions"}],"up":[{"embeddable":true,"href":"https:\/\/www.dstenerife.eu\/es\/wp-json\/wp\/v2\/pages\/1601"}],"wp:attachment":[{"href":"https:\/\/www.dstenerife.eu\/es\/wp-json\/wp\/v2\/media?parent=1970"}],"wp:term":[{"taxonomy":"schlagwortedst","embeddable":true,"href":"https:\/\/www.dstenerife.eu\/es\/wp-json\/wp\/v2\/schlagwortedst?post=1970"},{"taxonomy":"wf_page_folders","embeddable":true,"href":"https:\/\/www.dstenerife.eu\/es\/wp-json\/wp\/v2\/wf_page_folders?post=1970"}],"curies":[{"name":"wp","href":"https:\/\/api.w.org\/{rel}","templated":true}]}}