{"id":1976,"date":"2015-04-25T23:01:02","date_gmt":"2015-04-25T22:01:02","guid":{"rendered":"http:\/\/dstenerife.ducklingit.com\/?page_id=1976"},"modified":"2025-09-30T09:56:37","modified_gmt":"2025-09-30T08:56:37","slug":"informaciones-para-padres","status":"publish","type":"page","link":"https:\/\/www.dstenerife.eu\/es\/kikri-y-kindergarten\/informaciones-para-padres\/","title":{"rendered":"Informaci\u00f3n para las familias"},"content":{"rendered":"\t\t<div data-elementor-type=\"wp-page\" data-elementor-id=\"1976\" class=\"elementor elementor-1976 elementor-756\" data-elementor-post-type=\"page\">\n\t\t\t\t\t\t<section class=\"elementor-section elementor-top-section elementor-element elementor-element-5ca086fc elementor-section-boxed elementor-section-height-default elementor-section-height-default\" data-id=\"5ca086fc\" data-element_type=\"section\" data-e-type=\"section\">\n\t\t\t\t\t\t<div class=\"elementor-container elementor-column-gap-default\">\n\t\t\t\t\t<div class=\"elementor-column elementor-col-100 elementor-top-column elementor-element elementor-element-57e93131\" data-id=\"57e93131\" data-element_type=\"column\" data-e-type=\"column\">\n\t\t\t<div class=\"elementor-widget-wrap elementor-element-populated\">\n\t\t\t\t\t\t<div class=\"elementor-element elementor-element-6c9006e0 elementor-widget elementor-widget-text-editor\" data-id=\"6c9006e0\" data-element_type=\"widget\" data-e-type=\"widget\" data-settings=\"{&quot;_ob_widget_stalker_use&quot;:&quot;no&quot;,&quot;_ob_shadough_use&quot;:&quot;no&quot;}\" data-widget_type=\"text-editor.default\">\n\t\t\t\t<div class=\"elementor-widget-container\">\n\t\t\t\t\t\t\t\t\t<p>Nuestro Centro de Educaci\u00f3n Infantil biling\u00fce se compone de tres instalaciones:<br \/>el centro del primer ciclo de educaci\u00f3n infantil, la guarder\u00eda \u201cKikri\u201d, el Kindergarten Arco Iris (1\u00ba. y 2\u00ba. de Educaci\u00f3n infantil) y un curso de preescolar \u201cK3+\u201d 3\u00ba. de Educaci\u00f3n infantil).<\/p><p>El centro para el primer ciclo de educaci\u00f3n infantil biling\u00fce, <strong>la guarder\u00eda \u201cKikri\u201d <\/strong>es parte integrante del colegio y ejerce una funci\u00f3n preparatoria para la posible entrada en el Kindergarten. En la guarder\u00eda Kikri tenemos aproximadamente 30 ni\u00f1as y ni\u00f1os de entre uno y tres a\u00f1os.<\/p><p>El <strong>Kindergarten Arcos Iris<\/strong> se compone de cinco grupos de edades mezcladas ( de tres a cinco a\u00f1os) entre 13 a 15 ni\u00f1as y ni\u00f1os cada uno. Un total de aproximadamente 90 ni\u00f1as y ni\u00f1os de entre tres y cinco a\u00f1os.<\/p><p><strong>Preescolar K3+<\/strong> se compone de tres grupos de edades homog\u00e9neas de entre aproximadamente 15 ni\u00f1as y ni\u00f1os de cinco y seis a\u00f1os.<\/p><p>La estrecha colaboraci\u00f3n entre nuestros tres centros ofrece a las ni\u00f1as y a los ni\u00f1os un entorno de confianza desde el principio, en el que las educadoras facilitan el aprendizaje de la lengua alemana a trav\u00e9s de las distintas \u00e1reas educativas y el ciclo anual. Adem\u00e1s de la ense\u00f1anza de la autonom\u00eda, que se considera un componente importante, hacemos gran hincapi\u00e9 en el juego libre, los proyectos y el movimiento, que se incorporan a la rutina del centro de Educaci\u00f3n Infantil. Los grupos reducidos permiten un trabajo individualizado y espec\u00edfico con el alumnado.<\/p><h2><strong>Horarios de apertura de Kindergarten y K3+<\/strong><\/h2><p>1.\u00aa Fase de entrada: 7:45 \u2013 8:30 horas<br \/>2.\u00aa Fase de entrada: 9:00 horas (abrimos la puerta un momento)<br \/>1.\u00aa Fase de recogida: 13:00 horas (antes del comedor)<br \/>2.\u00aa Fase de recogida: 14:00 horas (despu\u00e9s del comedor)<br \/>3.\u00aa Fase de recogida: 15:15 \u2013 15:40 horas<\/p><h2><strong>Horarios de apertura de KiKri<\/strong><\/h2><p>1.\u00aa Fase de entrada: 7.45 horas\u2013 9.00 horas<br \/>1.\u00aa Fase de recogida: 11.30 horas\u2013 11.45 horas (antes del comedor)<br \/>2.\u00aa Fase de recogida: 12.30 horas\u2013 13.00 horas (despu\u00e9s del comedor)<br \/>3.\u00aa Fase de recogida: 14.00 horas<br \/>4.\u00aa Fase de recogida: 15.00 horas\u2013 15.40 horas<\/p>\t\t\t\t\t\t\t\t<\/div>\n\t\t\t\t<\/div>\n\t\t\t\t\t<\/div>\n\t\t<\/div>\n\t\t\t\t\t<\/div>\n\t\t<\/section>\n\t\t\t\t<\/div>\n\t\t","protected":false},"excerpt":{"rendered":"<p>Nuestro Centro de Educaci\u00f3n Infantil biling\u00fce se compone de tres instalaciones: el centro del primer ciclo [&hellip;]<\/p>\n","protected":false},"author":10,"featured_media":99772,"parent":1601,"menu_order":4,"comment_status":"closed","ping_status":"closed","template":"","meta":{"site-sidebar-layout":"default","site-content-layout":"default","ast-site-content-layout":"default","site-content-style":"default","site-sidebar-style":"default","ast-global-header-display":"","ast-banner-title-visibility":"","ast-main-header-display":"","ast-hfb-above-header-display":"","ast-hfb-below-header-display":"","ast-hfb-mobile-header-display":"","site-post-title":"","ast-breadcrumbs-content":"","ast-featured-img":"","footer-sml-layout":"","ast-disable-related-posts":"","theme-transparent-header-meta":"default","adv-header-id-meta":"","stick-header-meta":"default","header-above-stick-meta":"","header-main-stick-meta":"","header-below-stick-meta":"","astra-migrate-meta-layouts":"set","ast-page-background-enabled":"default","ast-page-background-meta":{"desktop":{"background-color":"","background-image":"","background-repeat":"repeat","background-position":"center center","background-size":"auto","background-attachment":"scroll","background-type":"","background-media":"","overlay-type":"","overlay-color":"","overlay-opacity":"","overlay-gradient":""},"tablet":{"background-color":"","background-image":"","background-repeat":"repeat","background-position":"center center","background-size":"auto","background-attachment":"scroll","background-type":"","background-media":"","overlay-type":"","overlay-color":"","overlay-opacity":"","overlay-gradient":""},"mobile":{"background-color":"","background-image":"","background-repeat":"repeat","background-position":"center center","background-size":"auto","background-attachment":"scroll","background-type":"","background-media":"","overlay-type":"","overlay-color":"","overlay-opacity":"","overlay-gradient":""}},"ast-content-background-meta":{"desktop":{"background-color":"var(--ast-global-color-5)","background-image":"","background-repeat":"repeat","background-position":"center center","background-size":"auto","background-attachment":"scroll","background-type":"","background-media":"","overlay-type":"","overlay-color":"","overlay-opacity":"","overlay-gradient":""},"tablet":{"background-color":"var(--ast-global-color-5)","background-image":"","background-repeat":"repeat","background-position":"center center","background-size":"auto","background-attachment":"scroll","background-type":"","background-media":"","overlay-type":"","overlay-color":"","overlay-opacity":"","overlay-gradient":""},"mobile":{"background-color":"var(--ast-global-color-5)","background-image":"","background-repeat":"repeat","background-position":"center center","background-size":"auto","background-attachment":"scroll","background-type":"","background-media":"","overlay-type":"","overlay-color":"","overlay-opacity":"","overlay-gradient":""}},"_jet_sm_ready_style":"","_jet_sm_style":"","_jet_sm_controls_values":"","_jet_sm_fonts_collection":"","_jet_sm_fonts_links":"","footnotes":""},"schlagwortedst":[149],"wf_page_folders":[178],"class_list":["post-1976","page","type-page","status-publish","has-post-thumbnail","hentry","schlagwortedst-sidekg"],"_links":{"self":[{"href":"https:\/\/www.dstenerife.eu\/es\/wp-json\/wp\/v2\/pages\/1976","targetHints":{"allow":["GET"]}}],"collection":[{"href":"https:\/\/www.dstenerife.eu\/es\/wp-json\/wp\/v2\/pages"}],"about":[{"href":"https:\/\/www.dstenerife.eu\/es\/wp-json\/wp\/v2\/types\/page"}],"author":[{"embeddable":true,"href":"https:\/\/www.dstenerife.eu\/es\/wp-json\/wp\/v2\/users\/10"}],"replies":[{"embeddable":true,"href":"https:\/\/www.dstenerife.eu\/es\/wp-json\/wp\/v2\/comments?post=1976"}],"version-history":[{"count":56,"href":"https:\/\/www.dstenerife.eu\/es\/wp-json\/wp\/v2\/pages\/1976\/revisions"}],"predecessor-version":[{"id":99840,"href":"https:\/\/www.dstenerife.eu\/es\/wp-json\/wp\/v2\/pages\/1976\/revisions\/99840"}],"up":[{"embeddable":true,"href":"https:\/\/www.dstenerife.eu\/es\/wp-json\/wp\/v2\/pages\/1601"}],"wp:featuredmedia":[{"embeddable":true,"href":"https:\/\/www.dstenerife.eu\/es\/wp-json\/wp\/v2\/media\/99772"}],"wp:attachment":[{"href":"https:\/\/www.dstenerife.eu\/es\/wp-json\/wp\/v2\/media?parent=1976"}],"wp:term":[{"taxonomy":"schlagwortedst","embeddable":true,"href":"https:\/\/www.dstenerife.eu\/es\/wp-json\/wp\/v2\/schlagwortedst?post=1976"},{"taxonomy":"wf_page_folders","embeddable":true,"href":"https:\/\/www.dstenerife.eu\/es\/wp-json\/wp\/v2\/wf_page_folders?post=1976"}],"curies":[{"name":"wp","href":"https:\/\/api.w.org\/{rel}","templated":true}]}}