{"id":1979,"date":"2015-04-25T22:56:30","date_gmt":"2015-04-25T21:56:30","guid":{"rendered":"http:\/\/dstenerife.ducklingit.com\/?page_id=1979"},"modified":"2026-04-28T13:46:56","modified_gmt":"2026-04-28T12:46:56","slug":"practicas-en-la-preescolar","status":"publish","type":"page","link":"https:\/\/www.dstenerife.eu\/es\/kikri-y-kindergarten\/practicas-en-la-preescolar\/","title":{"rendered":"Pr\u00e1cticas en preescolar"},"content":{"rendered":"\t\t<div data-elementor-type=\"wp-page\" data-elementor-id=\"1979\" class=\"elementor elementor-1979 elementor-750\" data-elementor-post-type=\"page\">\n\t\t\t\t<div class=\"elementor-element elementor-element-454bd1d e-flex e-con-boxed e-con e-parent\" data-id=\"454bd1d\" data-element_type=\"container\" data-e-type=\"container\">\n\t\t\t\t\t<div class=\"e-con-inner\">\n\t\t<div class=\"elementor-element elementor-element-58d67f8 e-con-full e-flex e-con e-child\" data-id=\"58d67f8\" data-element_type=\"container\" data-e-type=\"container\">\n\t\t\t\t<div class=\"elementor-element elementor-element-02e9882 elementor-toc--minimized-on-mobile elementor-widget elementor-widget-table-of-contents\" data-id=\"02e9882\" data-element_type=\"widget\" data-e-type=\"widget\" data-settings=\"{&quot;headings_by_tags&quot;:[&quot;h2&quot;,&quot;h3&quot;,&quot;h4&quot;],&quot;exclude_headings_by_selector&quot;:[],&quot;minimized_on&quot;:&quot;mobile&quot;,&quot;sticky&quot;:&quot;top&quot;,&quot;no_headings_message&quot;:&quot;No headings were found on this page.&quot;,&quot;marker_view&quot;:&quot;numbers&quot;,&quot;minimize_box&quot;:&quot;yes&quot;,&quot;hierarchical_view&quot;:&quot;yes&quot;,&quot;min_height&quot;:{&quot;unit&quot;:&quot;px&quot;,&quot;size&quot;:&quot;&quot;,&quot;sizes&quot;:[]},&quot;min_height_tablet&quot;:{&quot;unit&quot;:&quot;px&quot;,&quot;size&quot;:&quot;&quot;,&quot;sizes&quot;:[]},&quot;min_height_mobile&quot;:{&quot;unit&quot;:&quot;px&quot;,&quot;size&quot;:&quot;&quot;,&quot;sizes&quot;:[]},&quot;_ob_widget_stalker_use&quot;:&quot;no&quot;,&quot;sticky_on&quot;:[&quot;desktop&quot;,&quot;tablet&quot;,&quot;mobile&quot;],&quot;sticky_offset&quot;:0,&quot;sticky_effects_offset&quot;:0,&quot;sticky_anchor_link_offset&quot;:0,&quot;_ob_shadough_use&quot;:&quot;no&quot;}\" data-widget_type=\"table-of-contents.default\">\n\t\t\t\t<div class=\"elementor-widget-container\">\n\t\t\t\t\t\t\t\t\t<div class=\"elementor-toc__header\">\n\t\t\t\t\t\t<h6 class=\"elementor-toc__header-title\">\n\t\t\t\t\u00cdndice\t\t\t<\/h6>\n\t\t\t\t\t\t\t\t\t\t<div class=\"elementor-toc__toggle-button elementor-toc__toggle-button--expand\" role=\"button\" tabindex=\"0\" aria-controls=\"elementor-toc__02e9882\" aria-expanded=\"true\" aria-label=\"Abrir la tabla de contenidos\"><svg aria-hidden=\"true\" class=\"e-font-icon-svg e-fas-caret-down\" viewBox=\"0 0 320 512\" xmlns=\"http:\/\/www.w3.org\/2000\/svg\"><path d=\"M31.3 192h257.3c17.8 0 26.7 21.5 14.1 34.1L174.1 354.8c-7.8 7.8-20.5 7.8-28.3 0L17.2 226.1C4.6 213.5 13.5 192 31.3 192z\"><\/path><\/svg><\/div>\n\t\t\t\t<div class=\"elementor-toc__toggle-button elementor-toc__toggle-button--collapse\" role=\"button\" tabindex=\"0\" aria-controls=\"elementor-toc__02e9882\" aria-expanded=\"true\" aria-label=\"Cerrar la tabla de contenidos\"><svg aria-hidden=\"true\" class=\"e-font-icon-svg e-fas-caret-up\" viewBox=\"0 0 320 512\" xmlns=\"http:\/\/www.w3.org\/2000\/svg\"><path d=\"M288.662 352H31.338c-17.818 0-26.741-21.543-14.142-34.142l128.662-128.662c7.81-7.81 20.474-7.81 28.284 0l128.662 128.662c12.6 12.599 3.676 34.142-14.142 34.142z\"><\/path><\/svg><\/div>\n\t\t\t\t\t<\/div>\n\t\t\t\t<div id=\"elementor-toc__02e9882\" class=\"elementor-toc__body\">\n\t\t\t<div class=\"elementor-toc__spinner-container\">\n\t\t\t\t<svg class=\"elementor-toc__spinner eicon-animation-spin e-font-icon-svg e-eicon-loading\" aria-hidden=\"true\" viewBox=\"0 0 1000 1000\" xmlns=\"http:\/\/www.w3.org\/2000\/svg\"><path d=\"M500 975V858C696 858 858 696 858 500S696 142 500 142 142 304 142 500H25C25 237 238 25 500 25S975 237 975 500 763 975 500 975Z\"><\/path><\/svg>\t\t\t<\/div>\n\t\t<\/div>\n\t\t\t\t\t\t<\/div>\n\t\t\t\t<\/div>\n\t\t\t\t<\/div>\n\t\t<div class=\"elementor-element elementor-element-f2b66ca e-con-full e-flex e-con e-child\" data-id=\"f2b66ca\" data-element_type=\"container\" data-e-type=\"container\">\n\t\t\t\t<div class=\"elementor-element elementor-element-00eb7e5 elementor-position-left elementor-vertical-align-top elementor-widget elementor-widget-image-box\" data-id=\"00eb7e5\" data-element_type=\"widget\" data-e-type=\"widget\" data-settings=\"{&quot;_ob_widget_stalker_use&quot;:&quot;no&quot;,&quot;_ob_shadough_use&quot;:&quot;no&quot;}\" data-widget_type=\"image-box.default\">\n\t\t\t\t<div class=\"elementor-widget-container\">\n\t\t\t\t\t<div class=\"elementor-image-box-wrapper\"><figure class=\"elementor-image-box-img\"><img fetchpriority=\"high\" decoding=\"async\" width=\"403\" height=\"423\" src=\"https:\/\/e969z83yjsq.exactdn.com\/wp-content\/uploads\/2025\/09\/Practicantes-Kindergarten-403x423.jpg?strip=all\" class=\"attachment-medium size-medium wp-image-99803\" alt=\"\" srcset=\"https:\/\/e969z83yjsq.exactdn.com\/wp-content\/uploads\/2025\/09\/Practicantes-Kindergarten-403x423.jpg?strip=all 403w, https:\/\/e969z83yjsq.exactdn.com\/wp-content\/uploads\/2025\/09\/Practicantes-Kindergarten-686x720.jpg?strip=all 686w, https:\/\/e969z83yjsq.exactdn.com\/wp-content\/uploads\/2025\/09\/Practicantes-Kindergarten-768x806.jpg?strip=all 768w, https:\/\/e969z83yjsq.exactdn.com\/wp-content\/uploads\/2025\/09\/Practicantes-Kindergarten-1464x1536.jpg?strip=all 1464w, https:\/\/e969z83yjsq.exactdn.com\/wp-content\/uploads\/2025\/09\/Practicantes-Kindergarten-320x336.jpg?strip=all 320w, https:\/\/e969z83yjsq.exactdn.com\/wp-content\/uploads\/2025\/09\/Practicantes-Kindergarten.jpg?strip=all 1830w, https:\/\/e969z83yjsq.exactdn.com\/wp-content\/uploads\/2025\/09\/Practicantes-Kindergarten.jpg?strip=all&amp;w=1098 1098w\" sizes=\"(max-width: 403px) 100vw, 403px\" \/><\/figure><div class=\"elementor-image-box-content\"><p class=\"elementor-image-box-description\">\u00bfLe interesa hacer pr\u00e1cticas en el Colegio Alem\u00e1n Santa Cruz de Tenerife?<\/p><\/div><\/div>\t\t\t\t<\/div>\n\t\t\t\t<\/div>\n\t\t\t\t<div class=\"elementor-element elementor-element-c15f956 elementor-vertical-align-top elementor-widget elementor-widget-image-box\" data-id=\"c15f956\" data-element_type=\"widget\" data-e-type=\"widget\" data-settings=\"{&quot;_ob_widget_stalker_use&quot;:&quot;no&quot;,&quot;_ob_shadough_use&quot;:&quot;no&quot;}\" data-widget_type=\"image-box.default\">\n\t\t\t\t<div class=\"elementor-widget-container\">\n\t\t\t\t\t<div class=\"elementor-image-box-wrapper\"><div class=\"elementor-image-box-content\"><h3 class=\"elementor-image-box-title\">Organizaci\u00f3n<\/h3><p class=\"elementor-image-box-description\">Aqu\u00ed encontrar\u00e1 informaci\u00f3n importante para sus pr\u00e1cticas.\n\n<\/p><\/div><\/div>\t\t\t\t<\/div>\n\t\t\t\t<\/div>\n\t\t\t\t<div class=\"elementor-element elementor-element-0e15854 elementor-widget elementor-widget-text-editor\" data-id=\"0e15854\" data-element_type=\"widget\" data-e-type=\"widget\" data-settings=\"{&quot;_ob_widget_stalker_use&quot;:&quot;no&quot;,&quot;_ob_shadough_use&quot;:&quot;no&quot;}\" data-widget_type=\"text-editor.default\">\n\t\t\t\t<div class=\"elementor-widget-container\">\n\t\t\t\t\t\t\t\t\t<h4>\u00bfC\u00f3mo solicito una plaza?<\/h4><p>Para ello, env\u00ede un correo electr\u00f3nico con la documentaci\u00f3n (curriculum con foto, formaci\u00f3n, certificado de notas, diploma, tipo de pr\u00e1cticas que desea realizar, etc.) a <a href=\"mailto:bewerbungKIGA@dstenerife.eu\">bewerbungKIGA@dstenerife.eu<\/a><\/p><h4>Duraci\u00f3n de las pr\u00e1cticas<\/h4><p>Cada curso buscamos a personas motivadas y comprometidas que quieren hacer sus pr\u00e1cticas en un colegio alem\u00e1n o en un centro de Educaci\u00f3n Infantil en el extranjero.\u00a0<\/p><p>Tenemos las siguientes plazas en la guarder\u00eda, Educaci\u00f3n Infantil, preescolar y asistencia:<\/p><ul><li>Voluntariados<\/li><li>Pr\u00e1cticas de profesi\u00f3n<\/li><li>Pr\u00e1cticas cortas (al menos 12 semanas)<\/li><li>Asistente de la direcci\u00f3n<\/li><\/ul><p>Si le interesa, p\u00f3ngase en contacto con nosotros.<\/p><p>CONSEJO: En nuestra web encontrar\u00e1 el <a href=\"https:\/\/www.dstenerife.eu\/es\/servicios\/calendario-de-vacaciones\/\">calendario escolar<\/a> con todas las fechas importantes.\u00a0<\/p><h4>\u00bfQu\u00e9 ofrecemos?<\/h4><ul><li>Apoyo in situ mediante un introducci\u00f3n pr\u00e1ctica, reuniones semanales.<\/li><li>Participaci\u00f3n en cursos de formaci\u00f3n interna y reuniones mensuales para el alumnado en pr\u00e1ctica.<\/li><li>Organizaci\u00f3n conjunta y participaci\u00f3n activa en las actividades educativas diarias de los grupos.<\/li><li>Conocer otro pa\u00eds y otra cultura.<\/li><li>Un equipo abierto y familias alegres.<\/li><li><span style=\"font-size: 18.15px;\">Datos de contacto para la b\u00fasqueda de alojamiento.<\/span><\/li><\/ul><h4>Adem\u00e1s, tambi\u00e9n ofrecemos:<\/h4><ol><li>Transporte escolar gratuito<\/li><li>Almuerzo gratuito en el comedor<\/li><\/ol><p>Esperamos con inter\u00e9s su solicitud.<\/p><p><strong>Persona de contacto<\/strong><\/p><p>Judith Casanova, Directora de Preescolar<\/p><p><strong><em><a href=\"mailto:bewerbungKIGA@dstenerife.eu\">bewerbungKIGA@dstenerife.eu<\/a><\/em><\/strong>\u00a0<\/p>\t\t\t\t\t\t\t\t<\/div>\n\t\t\t\t<\/div>\n\t\t\t\t<\/div>\n\t\t\t\t\t<\/div>\n\t\t\t\t<\/div>\n\t\t\t\t<\/div>\n\t\t","protected":false},"excerpt":{"rendered":"<p>\u00cdndice \u00bfLe interesa hacer pr\u00e1cticas en el Colegio Alem\u00e1n Santa Cruz de Tenerife? Organizaci\u00f3n Aqu\u00ed encontrar\u00e1 [&hellip;]<\/p>\n","protected":false},"author":10,"featured_media":0,"parent":1601,"menu_order":5,"comment_status":"closed","ping_status":"closed","template":"","meta":{"site-sidebar-layout":"default","site-content-layout":"default","ast-site-content-layout":"default","site-content-style":"default","site-sidebar-style":"default","ast-global-header-display":"","ast-banner-title-visibility":"","ast-main-header-display":"","ast-hfb-above-header-display":"","ast-hfb-below-header-display":"","ast-hfb-mobile-header-display":"","site-post-title":"","ast-breadcrumbs-content":"","ast-featured-img":"","footer-sml-layout":"","ast-disable-related-posts":"","theme-transparent-header-meta":"default","adv-header-id-meta":"","stick-header-meta":"default","header-above-stick-meta":"","header-main-stick-meta":"","header-below-stick-meta":"","astra-migrate-meta-layouts":"default","ast-page-background-enabled":"default","ast-page-background-meta":{"desktop":{"background-color":"","background-image":"","background-repeat":"repeat","background-position":"center center","background-size":"auto","background-attachment":"scroll","background-type":"","background-media":"","overlay-type":"","overlay-color":"","overlay-opacity":"","overlay-gradient":""},"tablet":{"background-color":"","background-image":"","background-repeat":"repeat","background-position":"center center","background-size":"auto","background-attachment":"scroll","background-type":"","background-media":"","overlay-type":"","overlay-color":"","overlay-opacity":"","overlay-gradient":""},"mobile":{"background-color":"","background-image":"","background-repeat":"repeat","background-position":"center center","background-size":"auto","background-attachment":"scroll","background-type":"","background-media":"","overlay-type":"","overlay-color":"","overlay-opacity":"","overlay-gradient":""}},"ast-content-background-meta":{"desktop":{"background-color":"var(--ast-global-color-5)","background-image":"","background-repeat":"repeat","background-position":"center center","background-size":"auto","background-attachment":"scroll","background-type":"","background-media":"","overlay-type":"","overlay-color":"","overlay-opacity":"","overlay-gradient":""},"tablet":{"background-color":"var(--ast-global-color-5)","background-image":"","background-repeat":"repeat","background-position":"center center","background-size":"auto","background-attachment":"scroll","background-type":"","background-media":"","overlay-type":"","overlay-color":"","overlay-opacity":"","overlay-gradient":""},"mobile":{"background-color":"var(--ast-global-color-5)","background-image":"","background-repeat":"repeat","background-position":"center center","background-size":"auto","background-attachment":"scroll","background-type":"","background-media":"","overlay-type":"","overlay-color":"","overlay-opacity":"","overlay-gradient":""}},"_jet_sm_ready_style":"","_jet_sm_style":"","_jet_sm_controls_values":"","_jet_sm_fonts_collection":"","_jet_sm_fonts_links":"","footnotes":""},"schlagwortedst":[149],"wf_page_folders":[178],"class_list":["post-1979","page","type-page","status-publish","hentry","schlagwortedst-sidekg"],"_links":{"self":[{"href":"https:\/\/www.dstenerife.eu\/es\/wp-json\/wp\/v2\/pages\/1979","targetHints":{"allow":["GET"]}}],"collection":[{"href":"https:\/\/www.dstenerife.eu\/es\/wp-json\/wp\/v2\/pages"}],"about":[{"href":"https:\/\/www.dstenerife.eu\/es\/wp-json\/wp\/v2\/types\/page"}],"author":[{"embeddable":true,"href":"https:\/\/www.dstenerife.eu\/es\/wp-json\/wp\/v2\/users\/10"}],"replies":[{"embeddable":true,"href":"https:\/\/www.dstenerife.eu\/es\/wp-json\/wp\/v2\/comments?post=1979"}],"version-history":[{"count":60,"href":"https:\/\/www.dstenerife.eu\/es\/wp-json\/wp\/v2\/pages\/1979\/revisions"}],"predecessor-version":[{"id":108895,"href":"https:\/\/www.dstenerife.eu\/es\/wp-json\/wp\/v2\/pages\/1979\/revisions\/108895"}],"up":[{"embeddable":true,"href":"https:\/\/www.dstenerife.eu\/es\/wp-json\/wp\/v2\/pages\/1601"}],"wp:attachment":[{"href":"https:\/\/www.dstenerife.eu\/es\/wp-json\/wp\/v2\/media?parent=1979"}],"wp:term":[{"taxonomy":"schlagwortedst","embeddable":true,"href":"https:\/\/www.dstenerife.eu\/es\/wp-json\/wp\/v2\/schlagwortedst?post=1979"},{"taxonomy":"wf_page_folders","embeddable":true,"href":"https:\/\/www.dstenerife.eu\/es\/wp-json\/wp\/v2\/wf_page_folders?post=1979"}],"curies":[{"name":"wp","href":"https:\/\/api.w.org\/{rel}","templated":true}]}}