{"id":1988,"date":"2015-04-25T22:19:10","date_gmt":"2015-04-25T21:19:10","guid":{"rendered":"http:\/\/dstenerife.ducklingit.com\/?page_id=1988"},"modified":"2025-09-30T09:40:46","modified_gmt":"2025-09-30T08:40:46","slug":"profersores","status":"publish","type":"page","link":"https:\/\/www.dstenerife.eu\/es\/primaria\/profersores\/","title":{"rendered":"Profesorado de Primaria"},"content":{"rendered":"<ul style=\"list-style-type: disc;\">\n<li><strong>Directora:<\/strong>\n<ul style=\"list-style-type: disc;\">\n<li>Heliosch, Julia<\/li>\n<\/ul>\n<\/li>\n<li><strong>Profesorado:<\/strong>\n<ul style=\"list-style-type: disc;\">\n<li>Acevedo, Carmen &#8211; Cotutora G4A, G2A, G1A<\/li>\n<li>Behschnitt, Anna &#8211; Tutora G3B<\/li>\n<li>B\u00fchler, Laura &#8211; Tutora G1A, Clase de apoyo en Alem\u00e1n (D+) KIGA<\/li>\n<li>Degner, Birte\u00a0 &#8211; Tutora G2B<\/li>\n<li>Eule, Grit &#8211; Tutora G4A<\/li>\n<li>Gonz\u00e1lez P\u00e9rez, Luc\u00eda &#8211; Tutora G1B<\/li>\n<li>Mar\u00edn, Paloma &#8211; Cotutora G4B, IPS, Alfabetizaci\u00f3n K3+<\/li>\n<li>Meyer, Tamara &#8211; Tutora G4B<\/li>\n<li>P\u00e9rez, Mariluz\u00a0 &#8211; Cotutora G3B, G2B, G1B<\/li>\n<li>Roulston, Victoria &#8211; Profesora de M\u00fasica e Ingl\u00e9s<\/li>\n<li>Sandholzer Mart\u00edn, Marta &#8211; Cotutora G3A, G4B, IPS<\/li>\n<li>Schuhmacher, Nadine &#8211; Tutora G3A<\/li>\n<li>Zabel, Jana &#8211; Tutora G2A, encargada del alumnado en pr\u00e1cticas<\/li>\n<\/ul>\n<\/li>\n<li><strong>Hora de aprendizaje y repaso<\/strong>\n<ul style=\"list-style-type: disc;\">\n<li>Lehrmann, Marion &#8211; Vigilante educativo<\/li>\n<li>Kaiser, Jessica- Bibliotecaria<\/li>\n<li>Silvia y Patricia &#8211; Vigilantes educativos<\/li>\n<\/ul>\n<\/li>\n<\/ul>\n","protected":false},"excerpt":{"rendered":"<p>Directora: Heliosch, Julia Profesorado: Acevedo, Carmen &#8211; Cotutora G4A, G2A, G1A Behschnitt, Anna &#8211; Tutora G3B [&hellip;]<\/p>\n","protected":false},"author":10,"featured_media":99794,"parent":1743,"menu_order":2,"comment_status":"closed","ping_status":"closed","template":"","meta":{"site-sidebar-layout":"default","site-content-layout":"default","ast-site-content-layout":"default","site-content-style":"default","site-sidebar-style":"default","ast-global-header-display":"","ast-banner-title-visibility":"","ast-main-header-display":"","ast-hfb-above-header-display":"","ast-hfb-below-header-display":"","ast-hfb-mobile-header-display":"","site-post-title":"","ast-breadcrumbs-content":"","ast-featured-img":"","footer-sml-layout":"","ast-disable-related-posts":"","theme-transparent-header-meta":"default","adv-header-id-meta":"","stick-header-meta":"default","header-above-stick-meta":"","header-main-stick-meta":"","header-below-stick-meta":"","astra-migrate-meta-layouts":"set","ast-page-background-enabled":"default","ast-page-background-meta":{"desktop":{"background-color":"","background-image":"","background-repeat":"repeat","background-position":"center center","background-size":"auto","background-attachment":"scroll","background-type":"","background-media":"","overlay-type":"","overlay-color":"","overlay-opacity":"","overlay-gradient":""},"tablet":{"background-color":"","background-image":"","background-repeat":"repeat","background-position":"center center","background-size":"auto","background-attachment":"scroll","background-type":"","background-media":"","overlay-type":"","overlay-color":"","overlay-opacity":"","overlay-gradient":""},"mobile":{"background-color":"","background-image":"","background-repeat":"repeat","background-position":"center center","background-size":"auto","background-attachment":"scroll","background-type":"","background-media":"","overlay-type":"","overlay-color":"","overlay-opacity":"","overlay-gradient":""}},"ast-content-background-meta":{"desktop":{"background-color":"var(--ast-global-color-5)","background-image":"","background-repeat":"repeat","background-position":"center center","background-size":"auto","background-attachment":"scroll","background-type":"","background-media":"","overlay-type":"","overlay-color":"","overlay-opacity":"","overlay-gradient":""},"tablet":{"background-color":"var(--ast-global-color-5)","background-image":"","background-repeat":"repeat","background-position":"center center","background-size":"auto","background-attachment":"scroll","background-type":"","background-media":"","overlay-type":"","overlay-color":"","overlay-opacity":"","overlay-gradient":""},"mobile":{"background-color":"var(--ast-global-color-5)","background-image":"","background-repeat":"repeat","background-position":"center center","background-size":"auto","background-attachment":"scroll","background-type":"","background-media":"","overlay-type":"","overlay-color":"","overlay-opacity":"","overlay-gradient":""}},"_jet_sm_ready_style":"","_jet_sm_style":"","_jet_sm_controls_values":"","_jet_sm_fonts_collection":"","_jet_sm_fonts_links":"","footnotes":""},"schlagwortedst":[150],"wf_page_folders":[179],"class_list":["post-1988","page","type-page","status-publish","has-post-thumbnail","hentry","schlagwortedst-sidegs"],"_links":{"self":[{"href":"https:\/\/www.dstenerife.eu\/es\/wp-json\/wp\/v2\/pages\/1988","targetHints":{"allow":["GET"]}}],"collection":[{"href":"https:\/\/www.dstenerife.eu\/es\/wp-json\/wp\/v2\/pages"}],"about":[{"href":"https:\/\/www.dstenerife.eu\/es\/wp-json\/wp\/v2\/types\/page"}],"author":[{"embeddable":true,"href":"https:\/\/www.dstenerife.eu\/es\/wp-json\/wp\/v2\/users\/10"}],"replies":[{"embeddable":true,"href":"https:\/\/www.dstenerife.eu\/es\/wp-json\/wp\/v2\/comments?post=1988"}],"version-history":[{"count":25,"href":"https:\/\/www.dstenerife.eu\/es\/wp-json\/wp\/v2\/pages\/1988\/revisions"}],"predecessor-version":[{"id":99820,"href":"https:\/\/www.dstenerife.eu\/es\/wp-json\/wp\/v2\/pages\/1988\/revisions\/99820"}],"up":[{"embeddable":true,"href":"https:\/\/www.dstenerife.eu\/es\/wp-json\/wp\/v2\/pages\/1743"}],"wp:featuredmedia":[{"embeddable":true,"href":"https:\/\/www.dstenerife.eu\/es\/wp-json\/wp\/v2\/media\/99794"}],"wp:attachment":[{"href":"https:\/\/www.dstenerife.eu\/es\/wp-json\/wp\/v2\/media?parent=1988"}],"wp:term":[{"taxonomy":"schlagwortedst","embeddable":true,"href":"https:\/\/www.dstenerife.eu\/es\/wp-json\/wp\/v2\/schlagwortedst?post=1988"},{"taxonomy":"wf_page_folders","embeddable":true,"href":"https:\/\/www.dstenerife.eu\/es\/wp-json\/wp\/v2\/wf_page_folders?post=1988"}],"curies":[{"name":"wp","href":"https:\/\/api.w.org\/{rel}","templated":true}]}}