{"id":2132,"date":"2015-06-06T23:34:31","date_gmt":"2015-06-06T22:34:31","guid":{"rendered":"http:\/\/dstenerife.ducklingit.com\/?page_id=2132"},"modified":"2025-10-15T15:47:16","modified_gmt":"2025-10-15T14:47:16","slug":"biblioteca","status":"publish","type":"page","link":"https:\/\/www.dstenerife.eu\/es\/servicios\/instituciones\/biblioteca\/","title":{"rendered":"Biblioteca"},"content":{"rendered":"<p>\u00a1Bienvenidos a la p\u00e1gina web de la biblioteca!<\/p>\n<p>La biblioteca del colegio es un punto de encuentro importante y muy concurrido para todos el alumnado, familias y profesorado, y contribuye de forma importante al aprendizaje de la lengua alemana y al fomento de la lectura, ya que ofrece una amplia gama de medios de comunicaci\u00f3n.<\/p>\n<p>La biblioteca es tambi\u00e9n un lugar de intercambio comunitario e informal, donde se fortalece la comunidad escolar.<\/p>\n<p>A lo largo del a\u00f1o escolar, se organizan diversas actividades y eventos de lectura en voz alta con y para el alumnado. La biblioteca cuenta actualmente con m\u00e1s de 5.900 medios de comunicaci\u00f3n: novelas, libros especializados, DVD, CD, productos Tiptoi y revistas para ni\u00f1as y ni\u00f1os y j\u00f3venes. Adem\u00e1s, el alumnado puede pedir prestado juegos de mesa durante las pausas y ocupar su tiempo libre en el colegio junto con sus amistades. En la biblioteca, cada alumna y alumno, desde la clase 1 hasta la clase 12, puede pedir consejo a Jessica, nuestra bibliotecaria, para encontrar y tomar prestado el libro adecuado.<\/p>\n<p>Seis ordenadores est\u00e1n disponibles en la biblioteca para la investigaci\u00f3n o para trabajar con \u00abAntolin\u00bb, un programa para el fomento de la lectura.<\/p>\n<p>Las listas de lecturas actuales de Antolin se encuentran en los siguientes enlaces:<\/p>\n<ul>\n<li>Lista completa:<a href=\"https:\/\/antolin.westermann.de\/all\/info\/titel-listen.jsp\"> https:\/\/antolin.westermann.de\/all\/info\/titel-listen.jsp<\/a><\/li>\n<li>Lista de t\u00edtulos en espa\u00f1ol: <a href=\"https:\/\/antolin.westermann.de\/all\/bycat.jsp?rubrik=-19&amp;foreign=1\">https:\/\/antolin.westermann.de\/all\/bycat.jsp?rubrik=-19&amp;foreign=1<\/a><\/li>\n<li>Lista de t\u00edtulos en ingl\u00e9s: <a href=\"https:\/\/antolin.westermann.de\/all\/bycat.jsp?rubrik=-2&amp;foreign=1\">https:\/\/antolin.westermann.de\/all\/bycat.jsp?rubrik=-2&amp;foreign=1<\/a><\/li>\n<\/ul>\n<p>La biblioteca tiene el siguiente horario: Lunes a viernes: 08:00-15:40<\/p>\n<p>Por favor, tenga en cuenta <a href=\"https:\/\/www.dstenerife.eu\/wp-content\/uploads\/2019\/10\/Bibliotheksnormen.pdf\" target=\"_blank\" rel=\"noopener noreferrer\">las reglas de pr\u00e9stamo y de la biblioteca<\/a>.<\/p>\n<p>Si tiene alguna pregunta, por favor env\u00ede un correo electr\u00f3nico a <a href=\"mailto:bibliothek@dstenerife.eu\">bibliothek@dstenerife.eu<\/a><\/p>\n<p>&nbsp;<\/p>\n","protected":false},"excerpt":{"rendered":"<p>\u00a1Bienvenidos a la p\u00e1gina web de la biblioteca! La biblioteca del colegio es un punto de [&hellip;]<\/p>\n","protected":false},"author":15,"featured_media":45677,"parent":1944,"menu_order":1,"comment_status":"closed","ping_status":"closed","template":"","meta":{"site-sidebar-layout":"default","site-content-layout":"default","ast-site-content-layout":"default","site-content-style":"default","site-sidebar-style":"default","ast-global-header-display":"","ast-banner-title-visibility":"","ast-main-header-display":"","ast-hfb-above-header-display":"","ast-hfb-below-header-display":"","ast-hfb-mobile-header-display":"","site-post-title":"","ast-breadcrumbs-content":"","ast-featured-img":"","footer-sml-layout":"","ast-disable-related-posts":"","theme-transparent-header-meta":"default","adv-header-id-meta":"","stick-header-meta":"default","header-above-stick-meta":"","header-main-stick-meta":"","header-below-stick-meta":"","astra-migrate-meta-layouts":"set","ast-page-background-enabled":"default","ast-page-background-meta":{"desktop":{"background-color":"","background-image":"","background-repeat":"repeat","background-position":"center center","background-size":"auto","background-attachment":"scroll","background-type":"","background-media":"","overlay-type":"","overlay-color":"","overlay-opacity":"","overlay-gradient":""},"tablet":{"background-color":"","background-image":"","background-repeat":"repeat","background-position":"center center","background-size":"auto","background-attachment":"scroll","background-type":"","background-media":"","overlay-type":"","overlay-color":"","overlay-opacity":"","overlay-gradient":""},"mobile":{"background-color":"","background-image":"","background-repeat":"repeat","background-position":"center center","background-size":"auto","background-attachment":"scroll","background-type":"","background-media":"","overlay-type":"","overlay-color":"","overlay-opacity":"","overlay-gradient":""}},"ast-content-background-meta":{"desktop":{"background-color":"var(--ast-global-color-5)","background-image":"","background-repeat":"repeat","background-position":"center center","background-size":"auto","background-attachment":"scroll","background-type":"","background-media":"","overlay-type":"","overlay-color":"","overlay-opacity":"","overlay-gradient":""},"tablet":{"background-color":"var(--ast-global-color-5)","background-image":"","background-repeat":"repeat","background-position":"center center","background-size":"auto","background-attachment":"scroll","background-type":"","background-media":"","overlay-type":"","overlay-color":"","overlay-opacity":"","overlay-gradient":""},"mobile":{"background-color":"var(--ast-global-color-5)","background-image":"","background-repeat":"repeat","background-position":"center center","background-size":"auto","background-attachment":"scroll","background-type":"","background-media":"","overlay-type":"","overlay-color":"","overlay-opacity":"","overlay-gradient":""}},"_jet_sm_ready_style":"","_jet_sm_style":"","_jet_sm_controls_values":"","_jet_sm_fonts_collection":"","_jet_sm_fonts_links":"","footnotes":""},"schlagwortedst":[152],"wf_page_folders":[208],"class_list":["post-2132","page","type-page","status-publish","has-post-thumbnail","hentry","schlagwortedst-sideservice"],"_links":{"self":[{"href":"https:\/\/www.dstenerife.eu\/es\/wp-json\/wp\/v2\/pages\/2132","targetHints":{"allow":["GET"]}}],"collection":[{"href":"https:\/\/www.dstenerife.eu\/es\/wp-json\/wp\/v2\/pages"}],"about":[{"href":"https:\/\/www.dstenerife.eu\/es\/wp-json\/wp\/v2\/types\/page"}],"author":[{"embeddable":true,"href":"https:\/\/www.dstenerife.eu\/es\/wp-json\/wp\/v2\/users\/15"}],"replies":[{"embeddable":true,"href":"https:\/\/www.dstenerife.eu\/es\/wp-json\/wp\/v2\/comments?post=2132"}],"version-history":[{"count":9,"href":"https:\/\/www.dstenerife.eu\/es\/wp-json\/wp\/v2\/pages\/2132\/revisions"}],"predecessor-version":[{"id":100977,"href":"https:\/\/www.dstenerife.eu\/es\/wp-json\/wp\/v2\/pages\/2132\/revisions\/100977"}],"up":[{"embeddable":true,"href":"https:\/\/www.dstenerife.eu\/es\/wp-json\/wp\/v2\/pages\/1944"}],"wp:featuredmedia":[{"embeddable":true,"href":"https:\/\/www.dstenerife.eu\/es\/wp-json\/wp\/v2\/media\/45677"}],"wp:attachment":[{"href":"https:\/\/www.dstenerife.eu\/es\/wp-json\/wp\/v2\/media?parent=2132"}],"wp:term":[{"taxonomy":"schlagwortedst","embeddable":true,"href":"https:\/\/www.dstenerife.eu\/es\/wp-json\/wp\/v2\/schlagwortedst?post=2132"},{"taxonomy":"wf_page_folders","embeddable":true,"href":"https:\/\/www.dstenerife.eu\/es\/wp-json\/wp\/v2\/wf_page_folders?post=2132"}],"curies":[{"name":"wp","href":"https:\/\/api.w.org\/{rel}","templated":true}]}}