{"id":2196,"date":"2015-08-18T23:55:45","date_gmt":"2015-08-18T23:55:45","guid":{"rendered":"http:\/\/dstenerife.ducklingit.com\/?page_id=2196"},"modified":"2016-10-01T16:20:40","modified_gmt":"2016-10-01T16:20:40","slug":"listado-de-anteriores-representantes-de-alumnos","status":"publish","type":"page","link":"https:\/\/www.dstenerife.eu\/es\/colegio\/comites-del-colegio\/comite-de-los-alumnos\/listado-de-anteriores-representantes-de-alumnos\/","title":{"rendered":"Listado de anteriores representantes de alumnos"},"content":{"rendered":"<p>Curso escolar 2008\/09:?Claudia Melchior del R\u00edo (10a) y?Pedro Maristany de las Casas (11a)<\/p>\n<p>Curso escolar 2009\/10:?Mathias Corpancho Villasana (10a) y Sebasti\u00e1n Men\u00e9ndez Gir\u00f3n (10b)<\/p>\n<p>Curso escolar 2010\/11:?Claudia Cabado y Carsten B\u00f6ge (ambos 10b)<\/p>\n<p>Curso escolar 2011\/12:?Elena Fajardo Ruiz y Guillermo L\u00f3pez Andr\u00e9s (ambos?10a)<\/p>\n<p>Curso escolar 2012\/13:?Elena Fajardo Ruiz y Guillermo L\u00f3pez Andr\u00e9s (ambos?11a)<\/p>\n<p>Curso escolar 2013\/14:?Elena Fajardo Ruiz y Guillermo L\u00f3pez Andr\u00e9s (ambos?12a)<\/p>\n<p>Curso escolar 2014\/15: Carmen S\u00e1nchez Pereyra, I\u00f1igo Jim\u00e9nez Lloret y Diego Mart\u00edn Duro. (todos 10a)<\/p>\n<p>Curso escolar 2015\/16:\u00a0<span lang=\"es-ES\">Beatriz Mart\u00edn Piqu\u00e9 y Anna Schumann (ambas de la clase 10b) <\/span><\/p>\n<p>Curso escolar 2016\/17:\u00a0<span lang=\"es-ES\">Beatriz Mart\u00edn Piqu\u00e9 y Anna Schumann (ambas de la clase 11b) <\/span><\/p>\n","protected":false},"excerpt":{"rendered":"<p>Curso escolar 2008\/09:?Claudia Melchior del R\u00edo (10a) y?Pedro Maristany de las Casas (11a) Curso escolar 2009\/10:?Mathias [&hellip;]<\/p>\n","protected":false},"author":10,"featured_media":0,"parent":1928,"menu_order":0,"comment_status":"closed","ping_status":"closed","template":"","meta":{"site-sidebar-layout":"default","site-content-layout":"","ast-site-content-layout":"default","site-content-style":"default","site-sidebar-style":"default","ast-global-header-display":"","ast-banner-title-visibility":"","ast-main-header-display":"","ast-hfb-above-header-display":"","ast-hfb-below-header-display":"","ast-hfb-mobile-header-display":"","site-post-title":"","ast-breadcrumbs-content":"","ast-featured-img":"","footer-sml-layout":"","ast-disable-related-posts":"","theme-transparent-header-meta":"","adv-header-id-meta":"","stick-header-meta":"","header-above-stick-meta":"","header-main-stick-meta":"","header-below-stick-meta":"","astra-migrate-meta-layouts":"default","ast-page-background-enabled":"default","ast-page-background-meta":{"desktop":{"background-color":"","background-image":"","background-repeat":"repeat","background-position":"center center","background-size":"auto","background-attachment":"scroll","background-type":"","background-media":"","overlay-type":"","overlay-color":"","overlay-opacity":"","overlay-gradient":""},"tablet":{"background-color":"","background-image":"","background-repeat":"repeat","background-position":"center center","background-size":"auto","background-attachment":"scroll","background-type":"","background-media":"","overlay-type":"","overlay-color":"","overlay-opacity":"","overlay-gradient":""},"mobile":{"background-color":"","background-image":"","background-repeat":"repeat","background-position":"center center","background-size":"auto","background-attachment":"scroll","background-type":"","background-media":"","overlay-type":"","overlay-color":"","overlay-opacity":"","overlay-gradient":""}},"ast-content-background-meta":{"desktop":{"background-color":"var(--ast-global-color-5)","background-image":"","background-repeat":"repeat","background-position":"center center","background-size":"auto","background-attachment":"scroll","background-type":"","background-media":"","overlay-type":"","overlay-color":"","overlay-opacity":"","overlay-gradient":""},"tablet":{"background-color":"var(--ast-global-color-5)","background-image":"","background-repeat":"repeat","background-position":"center center","background-size":"auto","background-attachment":"scroll","background-type":"","background-media":"","overlay-type":"","overlay-color":"","overlay-opacity":"","overlay-gradient":""},"mobile":{"background-color":"var(--ast-global-color-5)","background-image":"","background-repeat":"repeat","background-position":"center center","background-size":"auto","background-attachment":"scroll","background-type":"","background-media":"","overlay-type":"","overlay-color":"","overlay-opacity":"","overlay-gradient":""}},"_jet_sm_ready_style":"","_jet_sm_style":"","_jet_sm_controls_values":"","_jet_sm_fonts_collection":"","_jet_sm_fonts_links":"","footnotes":""},"schlagwortedst":[],"wf_page_folders":[],"class_list":["post-2196","page","type-page","status-publish","hentry"],"_links":{"self":[{"href":"https:\/\/www.dstenerife.eu\/es\/wp-json\/wp\/v2\/pages\/2196","targetHints":{"allow":["GET"]}}],"collection":[{"href":"https:\/\/www.dstenerife.eu\/es\/wp-json\/wp\/v2\/pages"}],"about":[{"href":"https:\/\/www.dstenerife.eu\/es\/wp-json\/wp\/v2\/types\/page"}],"author":[{"embeddable":true,"href":"https:\/\/www.dstenerife.eu\/es\/wp-json\/wp\/v2\/users\/10"}],"replies":[{"embeddable":true,"href":"https:\/\/www.dstenerife.eu\/es\/wp-json\/wp\/v2\/comments?post=2196"}],"version-history":[{"count":0,"href":"https:\/\/www.dstenerife.eu\/es\/wp-json\/wp\/v2\/pages\/2196\/revisions"}],"up":[{"embeddable":true,"href":"https:\/\/www.dstenerife.eu\/es\/wp-json\/wp\/v2\/pages\/1928"}],"wp:attachment":[{"href":"https:\/\/www.dstenerife.eu\/es\/wp-json\/wp\/v2\/media?parent=2196"}],"wp:term":[{"taxonomy":"schlagwortedst","embeddable":true,"href":"https:\/\/www.dstenerife.eu\/es\/wp-json\/wp\/v2\/schlagwortedst?post=2196"},{"taxonomy":"wf_page_folders","embeddable":true,"href":"https:\/\/www.dstenerife.eu\/es\/wp-json\/wp\/v2\/wf_page_folders?post=2196"}],"curies":[{"name":"wp","href":"https:\/\/api.w.org\/{rel}","templated":true}]}}