{"id":24523,"date":"2019-09-09T17:07:36","date_gmt":"2019-09-09T16:07:36","guid":{"rendered":"https:\/\/kopie.dst.deutsche-schule.eu\/?page_id=24523\/"},"modified":"2023-04-28T13:01:55","modified_gmt":"2023-04-28T12:01:55","slug":"horas-de-consulta-20192020","status":"publish","type":"page","link":"https:\/\/www.dstenerife.eu\/es\/horas-de-consulta-20192020\/","title":{"rendered":"Horas de consultas 2019\/2020"},"content":{"rendered":"<p>En esta p\u00e1gina encontrar\u00e1 los horarios del personal docente del \u00a0a\u00f1o escolar 2019\/2020. Las horas de consulta se pueden reservar <a href=\"https:\/\/outlook.office365.com\/owa\/calendar\/DST1@s.dstenerife.eu\/bookings\/\">a trav\u00e9s del sistema online del colegio<\/a> o a trav\u00e9s de la recepci\u00f3n o \u00a0secretar\u00eda del colegio.<\/p>\n<p>Tel\u00e9fono\u00a0+34 922 68 20 10 (-103)<\/p>\n<p>&nbsp;<\/p>\n<table style=\"width: 729.78px; height: 2001px;\" border=\"0\" cellspacing=\"0\" cellpadding=\"0\">\n<tbody>\n<tr style=\"height: 22px;\">\n<td class=\"xl64\" style=\"width: 349px; height: 22px;\">Acevedo Mendoza, Carmen<\/td>\n<td class=\"xl65\" style=\"width: 149px; height: 22px;\">viernes<\/td>\n<td class=\"xl63\" style=\"width: 121px; height: 22px; text-align: center;\">\u00a04\u00ba hora<\/td>\n<\/tr>\n<tr style=\"height: 22px;\">\n<td class=\"xl64\" style=\"width: 349px; height: 22px;\">Assor, Karin<\/td>\n<td class=\"xl65\" style=\"width: 149px; height: 22px;\">A pedido<\/td>\n<td class=\"xl63\" style=\"width: 121px; height: 22px; text-align: center;\">&#8212;<\/td>\n<\/tr>\n<tr style=\"height: 22px;\">\n<td class=\"xl64\" style=\"width: 349px; height: 22px;\">Castillo Castilla, Esther<\/td>\n<td class=\"xl65\" style=\"width: 149px; height: 22px;\">A pedido<\/td>\n<td class=\"xl63\" style=\"width: 121px; height: 22px; text-align: center;\">&#8212;<\/td>\n<\/tr>\n<tr style=\"height: 22px;\">\n<td class=\"xl64\" style=\"width: 349px; height: 22px;\">Clarke, Catherine<\/td>\n<td class=\"xl65\" style=\"width: 149px; height: 22px;\">\u00a0miercoles<\/td>\n<td class=\"xl63\" style=\"width: 121px; height: 22px; text-align: center;\">\u00a03\u00ba hora<\/td>\n<\/tr>\n<tr style=\"height: 22px;\">\n<td class=\"xl64\" style=\"width: 349px; height: 22px;\">Czesnat, Marina<\/td>\n<td class=\"xl65\" style=\"width: 149px; height: 22px;\">A pedido<\/td>\n<td class=\"xl63\" style=\"width: 121px; height: 22px; text-align: center;\">&#8212;<\/td>\n<\/tr>\n<tr style=\"height: 22px;\">\n<td class=\"xl64\" style=\"width: 349px; height: 22px;\">Damtsheuser, Armin<\/td>\n<td class=\"xl65\" style=\"width: 149px; height: 22px;\">lunes<\/td>\n<td class=\"xl63\" style=\"width: 121px; height: 22px; text-align: center;\">3\u00b0 hora<\/td>\n<\/tr>\n<tr style=\"height: 22px;\">\n<td class=\"xl64\" style=\"width: 349px; height: 22px;\">Degner, Birte<\/td>\n<td class=\"xl65\" style=\"width: 149px; height: 22px;\">lunes<\/td>\n<td class=\"xl63\" style=\"width: 121px; height: 22px; text-align: center;\">3\u00b0 hora<\/td>\n<\/tr>\n<tr style=\"height: 22px;\">\n<td class=\"xl64\" style=\"width: 349px; height: 22px;\">del Castillo Gonz\u00e1lez, Cristina<\/td>\n<td class=\"xl65\" style=\"width: 149px; height: 22px;\">martes<\/td>\n<td class=\"xl63\" style=\"width: 121px; height: 22px; text-align: center;\">5\u00b0 hora<\/td>\n<\/tr>\n<tr style=\"height: 22px;\">\n<td class=\"xl64\" style=\"width: 349px; height: 22px;\">Drohsel, Paul Franz<\/td>\n<td class=\"xl65\" style=\"width: 149px; height: 22px;\">viernes<\/td>\n<td class=\"xl63\" style=\"width: 121px; height: 22px; text-align: center;\">3\u00b0 hora<\/td>\n<\/tr>\n<tr style=\"height: 22px;\">\n<td class=\"xl64\" style=\"width: 349px; height: 22px;\">D\u00edaz Gonz\u00e1lez, Sandra<\/td>\n<td class=\"xl65\" style=\"width: 149px; height: 22px;\">viernes<\/td>\n<td class=\"xl63\" style=\"width: 121px; height: 22px; text-align: center;\">3\u00b0 hora<\/td>\n<\/tr>\n<tr style=\"height: 22px;\">\n<td class=\"xl64\" style=\"width: 349px; height: 22px;\">Eule, Grit<\/td>\n<td class=\"xl65\" style=\"width: 149px; height: 22px;\">lunes<\/td>\n<td class=\"xl63\" style=\"width: 121px; height: 22px; text-align: center;\">5\u00b0 hora<\/td>\n<\/tr>\n<tr style=\"height: 22px;\">\n<td class=\"xl64\" style=\"width: 349px; height: 22px;\">Fegert, Mirjam Sara<\/td>\n<td class=\"xl65\" style=\"width: 149px; height: 22px;\">miercoles<\/td>\n<td class=\"xl63\" style=\"width: 121px; height: 22px; text-align: center;\">3\u00b0 hora<\/td>\n<\/tr>\n<tr style=\"height: 22px;\">\n<td class=\"xl64\" style=\"width: 349px; height: 22px;\">Feigel, Astrid<\/td>\n<td class=\"xl65\" style=\"width: 149px; height: 22px;\">miercoles<\/td>\n<td class=\"xl63\" style=\"width: 121px; height: 22px; text-align: center;\">3\u00b0 hora<\/td>\n<\/tr>\n<tr style=\"height: 22px;\">\n<td class=\"xl64\" style=\"width: 349px; height: 22px;\">Frei, Hannes<\/td>\n<td class=\"xl65\" style=\"width: 149px; height: 22px;\">jueves<\/td>\n<td class=\"xl63\" style=\"width: 121px; height: 22px; text-align: center;\">3\u00b0 hora<\/td>\n<\/tr>\n<tr style=\"height: 22px;\">\n<td class=\"xl64\" style=\"width: 349px; height: 22px;\">Frei, Tanja<\/td>\n<td class=\"xl65\" style=\"width: 149px; height: 22px;\">lunes<\/td>\n<td class=\"xl63\" style=\"width: 121px; height: 22px; text-align: center;\">4\u00b0 hora<\/td>\n<\/tr>\n<tr style=\"height: 22px;\">\n<td class=\"xl64\" style=\"width: 349px; height: 22px;\">Gal\u00e1n Gonz\u00e1lez, V\u00edctor<\/td>\n<td class=\"xl65\" style=\"width: 149px; height: 22px;\">viernes<\/td>\n<td class=\"xl63\" style=\"width: 121px; height: 22px; text-align: center;\">2\u00b0 hora<\/td>\n<\/tr>\n<tr style=\"height: 22px;\">\n<td class=\"xl64\" style=\"width: 349px; height: 22px;\">Gonz\u00e1lez P\u00e9rez, Paula<\/td>\n<td class=\"xl65\" style=\"width: 149px; height: 22px;\">martes<\/td>\n<td class=\"xl63\" style=\"width: 121px; height: 22px; text-align: center;\">2\u00b0 hora<\/td>\n<\/tr>\n<tr style=\"height: 22px;\">\n<td class=\"xl64\" style=\"width: 349px; height: 22px;\">Graack, Ines<\/td>\n<td class=\"xl65\" style=\"width: 149px; height: 22px;\">martes<\/td>\n<td class=\"xl63\" style=\"width: 121px; height: 22px; text-align: center;\">6\u00b0 hora<\/td>\n<\/tr>\n<tr style=\"height: 22px;\">\n<td class=\"xl64\" style=\"width: 349px; height: 22px;\">Haupt, Angelika<\/td>\n<td class=\"xl65\" style=\"width: 149px; height: 22px;\">jueves<\/td>\n<td class=\"xl63\" style=\"width: 121px; height: 22px; text-align: center;\">3\u00b0 hora<\/td>\n<\/tr>\n<tr style=\"height: 22px;\">\n<td class=\"xl64\" style=\"width: 349px; height: 22px;\">Heim, Nicole<\/td>\n<td class=\"xl65\" style=\"width: 149px; height: 22px;\">viernes<\/td>\n<td class=\"xl63\" style=\"width: 121px; height: 22px; text-align: center;\">4\u00b0 hora<\/td>\n<\/tr>\n<tr style=\"height: 22px;\">\n<td class=\"xl64\" style=\"width: 349px; height: 22px;\">Hern\u00e1ndez, Josue<\/td>\n<td class=\"xl65\" style=\"width: 149px; height: 22px;\">miercoles<\/td>\n<td class=\"xl63\" style=\"width: 121px; height: 22px; text-align: center;\">5\u00b0 hora<\/td>\n<\/tr>\n<tr style=\"height: 22px;\">\n<td class=\"xl64\" style=\"width: 349px; height: 22px;\">Herrnegger, Sabine Maria<\/td>\n<td class=\"xl65\" style=\"width: 149px; height: 22px;\">viernes<\/td>\n<td class=\"xl63\" style=\"width: 121px; height: 22px; text-align: center;\">3\u00b0 hora<\/td>\n<\/tr>\n<tr style=\"height: 22px;\">\n<td class=\"xl64\" style=\"width: 349px; height: 22px;\">Holzapfel, Moritz Alexander<\/td>\n<td class=\"xl65\" style=\"width: 149px; height: 22px;\">jueves<\/td>\n<td class=\"xl63\" style=\"width: 121px; height: 22px; text-align: center;\">3\u00b0 hora<\/td>\n<\/tr>\n<tr style=\"height: 22px;\">\n<td class=\"xl64\" style=\"width: 349px; height: 22px;\">Jaff\u00e9, Eva<\/td>\n<td class=\"xl65\" style=\"width: 149px; height: 22px;\">lunes<\/td>\n<td class=\"xl63\" style=\"width: 121px; height: 22px; text-align: center;\">3\u00b0 hora<\/td>\n<\/tr>\n<tr style=\"height: 22px;\">\n<td class=\"xl64\" style=\"width: 349px; height: 22px;\">Janssen Reyes, Guillermo<\/td>\n<td class=\"xl65\" style=\"width: 149px; height: 22px;\">martes<\/td>\n<td class=\"xl63\" style=\"width: 121px; height: 22px; text-align: center;\">4\u00b0 hora<\/td>\n<\/tr>\n<tr style=\"height: 22px;\">\n<td class=\"xl64\" style=\"width: 349px; height: 22px;\">Jorge Rodr\u00edguez, Nicol\u00e1s Armenio<\/td>\n<td class=\"xl65\" style=\"width: 149px; height: 22px;\">\u00a0martes<\/td>\n<td class=\"xl63\" style=\"width: 121px; height: 22px; text-align: center;\">2\u00b0 hora<\/td>\n<\/tr>\n<tr style=\"height: 22px;\">\n<td class=\"xl64\" style=\"width: 349px; height: 22px;\">Kaschta, Kerstin<\/td>\n<td class=\"xl65\" style=\"width: 149px; height: 22px;\">miercoles<\/td>\n<td class=\"xl63\" style=\"width: 121px; height: 22px; text-align: center;\">4\u00b0 hora<\/td>\n<\/tr>\n<tr style=\"height: 22px;\">\n<td class=\"xl64\" style=\"width: 349px; height: 22px;\">Kellner, Regina<\/td>\n<td class=\"xl65\" style=\"width: 149px; height: 22px;\">martes<\/td>\n<td class=\"xl63\" style=\"width: 121px; height: 22px; text-align: center;\">3\u00b0 hora<\/td>\n<\/tr>\n<tr style=\"height: 22px;\">\n<td class=\"xl64\" style=\"width: 349px; height: 22px;\">Kube, Nora<\/td>\n<td class=\"xl65\" style=\"width: 149px; height: 22px;\">A pedido<\/td>\n<td class=\"xl63\" style=\"width: 121px; height: 22px; text-align: center;\">\u00a0&#8212;<\/td>\n<\/tr>\n<tr style=\"height: 22px;\">\n<td class=\"xl64\" style=\"width: 349px; height: 22px;\">K\u00f6chli, Stefanie<\/td>\n<td class=\"xl65\" style=\"width: 149px; height: 22px;\">A pedido<\/td>\n<td class=\"xl63\" style=\"width: 121px; height: 22px; text-align: center;\">&#8212;<\/td>\n<\/tr>\n<tr style=\"height: 22px;\">\n<td class=\"xl64\" style=\"width: 349px; height: 22px;\">Lang, Susanne<\/td>\n<td class=\"xl65\" style=\"width: 149px; height: 22px;\">viernes<\/td>\n<td class=\"xl63\" style=\"width: 121px; height: 22px; text-align: center;\">6\u00b0 hora<\/td>\n<\/tr>\n<tr style=\"height: 22px;\">\n<td class=\"xl64\" style=\"width: 349px; height: 22px;\">Leeuw, Holger<\/td>\n<td class=\"xl65\" style=\"width: 149px; height: 22px;\">A pedido<\/td>\n<td class=\"xl63\" style=\"width: 121px; height: 22px; text-align: center;\">&#8212;<\/td>\n<\/tr>\n<tr style=\"height: 22px;\">\n<td class=\"xl64\" style=\"width: 349px; height: 22px;\">Lehnchen, Philine Manon<\/td>\n<td class=\"xl65\" style=\"width: 149px; height: 22px;\">martes<\/td>\n<td class=\"xl63\" style=\"width: 121px; height: 22px; text-align: center;\">5\u00b0 hora<\/td>\n<\/tr>\n<tr style=\"height: 22px;\">\n<td class=\"xl64\" style=\"width: 349px; height: 22px;\">Liebschner, Beatrix<\/td>\n<td class=\"xl65\" style=\"width: 149px; height: 22px;\">A pedido<\/td>\n<td class=\"xl63\" style=\"width: 121px; height: 22px; text-align: center;\">&#8212;<\/td>\n<\/tr>\n<tr style=\"height: 22px;\">\n<td class=\"xl64\" style=\"width: 349px; height: 22px;\">Mart\u00edn Cuadrado, Mar\u00eda Milagros<\/td>\n<td class=\"xl65\" style=\"width: 149px; height: 22px;\">A pedido<\/td>\n<td class=\"xl63\" style=\"width: 121px; height: 22px; text-align: center;\">&#8212;<\/td>\n<\/tr>\n<tr style=\"height: 22px;\">\n<td class=\"xl64\" style=\"width: 349px; height: 22px;\">Mart\u00edn Le\u00f3n, Jezabel<\/td>\n<td class=\"xl65\" style=\"width: 149px; height: 22px;\">A pedido<\/td>\n<td class=\"xl63\" style=\"width: 121px; height: 22px; text-align: center;\">\u00a0&#8212;<\/td>\n<\/tr>\n<tr style=\"height: 22px;\">\n<td class=\"xl64\" style=\"width: 349px; height: 22px;\">Mar\u00edn Perera, Paloma<\/td>\n<td class=\"xl65\" style=\"width: 149px; height: 22px;\">jueves<\/td>\n<td class=\"xl63\" style=\"width: 121px; height: 22px; text-align: center;\">2\u00b0 hora<\/td>\n<\/tr>\n<tr style=\"height: 22px;\">\n<td class=\"xl64\" style=\"width: 349px; height: 22px;\">Mertens, Marie<\/td>\n<td class=\"xl65\" style=\"width: 149px; height: 22px;\">lunes<\/td>\n<td class=\"xl63\" style=\"width: 121px; height: 22px; text-align: center;\">4\u00b0 hora<\/td>\n<\/tr>\n<tr style=\"height: 22px;\">\n<td class=\"xl64\" style=\"width: 349px; height: 22px;\">Meyer, Tamara<\/td>\n<td class=\"xl65\" style=\"width: 149px; height: 22px;\">lunes<\/td>\n<td class=\"xl63\" style=\"width: 121px; height: 22px; text-align: center;\">5\u00b0 hora<\/td>\n<\/tr>\n<tr style=\"height: 22px;\">\n<td class=\"xl64\" style=\"width: 349px; height: 22px;\">Moya Meyer, Mariluz<\/td>\n<td class=\"xl65\" style=\"width: 149px; height: 22px;\">martes<\/td>\n<td class=\"xl63\" style=\"width: 121px; height: 22px; text-align: center;\">3\u00b0 hora<\/td>\n<\/tr>\n<tr style=\"height: 22px;\">\n<td class=\"xl64\" style=\"width: 349px; height: 22px;\">Noss, Katharina<\/td>\n<td class=\"xl65\" style=\"width: 149px; height: 22px;\">jueves<\/td>\n<td class=\"xl63\" style=\"width: 121px; height: 22px; text-align: center;\">5\u00b0 hora<\/td>\n<\/tr>\n<tr style=\"height: 22px;\">\n<td class=\"xl64\" style=\"width: 349px; height: 22px;\">Paul, Sebastian<\/td>\n<td class=\"xl65\" style=\"width: 149px; height: 22px;\">miercoles<\/td>\n<td class=\"xl63\" style=\"width: 121px; height: 22px; text-align: center;\">5\u00b0 hora<\/td>\n<\/tr>\n<tr style=\"height: 22px;\">\n<td class=\"xl64\" style=\"width: 349px; height: 22px;\">Paul, Simone Barbara<\/td>\n<td class=\"xl65\" style=\"width: 149px; height: 22px;\">lunes<\/td>\n<td class=\"xl63\" style=\"width: 121px; height: 22px; text-align: center;\">6\u00b0 hora<\/td>\n<\/tr>\n<tr style=\"height: 22px;\">\n<td class=\"xl64\" style=\"width: 349px; height: 22px;\">Piguet Hoffmann, Jocelyne<\/td>\n<td class=\"xl65\" style=\"width: 149px; height: 22px;\">jueves<\/td>\n<td class=\"xl63\" style=\"width: 121px; height: 22px; text-align: center;\">4\u00b0 hora<\/td>\n<\/tr>\n<tr style=\"height: 22px;\">\n<td class=\"xl64\" style=\"width: 349px; height: 22px;\">Pintado Brage, Mercedes<\/td>\n<td class=\"xl65\" style=\"width: 149px; height: 22px;\">A pedido<\/td>\n<td class=\"xl63\" style=\"width: 121px; height: 22px; text-align: center;\">&#8212;<\/td>\n<\/tr>\n<tr style=\"height: 22px;\">\n<td class=\"xl64\" style=\"width: 349px; height: 22px;\">P\u00e9rez Jim\u00e9nez, Mariluz<\/td>\n<td class=\"xl65\" style=\"width: 149px; height: 22px;\">martes<\/td>\n<td class=\"xl63\" style=\"width: 121px; height: 22px; text-align: center;\">4\u00b0 hora<\/td>\n<\/tr>\n<tr style=\"height: 22px;\">\n<td class=\"xl64\" style=\"width: 349px; height: 22px;\">Riedesser, Bettina<\/td>\n<td class=\"xl65\" style=\"width: 149px; height: 22px;\">jueves<\/td>\n<td class=\"xl63\" style=\"width: 121px; height: 22px; text-align: center;\">\u00a07\u00b0 hora<\/td>\n<\/tr>\n<tr style=\"height: 22px;\">\n<td class=\"xl64\" style=\"width: 349px; height: 22px;\">Roulston, Victoria<\/td>\n<td class=\"xl65\" style=\"width: 149px; height: 22px;\">miercoles<\/td>\n<td class=\"xl63\" style=\"width: 121px; height: 22px; text-align: center;\">4\u00b0 hora<\/td>\n<\/tr>\n<tr style=\"height: 22px;\">\n<td class=\"xl64\" style=\"width: 349px; height: 22px;\">R\u00f6ssler, Ann Kathrin<\/td>\n<td class=\"xl65\" style=\"width: 149px; height: 22px;\">A pedido<\/td>\n<td class=\"xl63\" style=\"width: 121px; height: 22px; text-align: center;\">&#8212;<\/td>\n<\/tr>\n<tr style=\"height: 22px;\">\n<td class=\"xl64\" style=\"width: 349px; height: 22px;\">Sandholzer, Wolfgang<\/td>\n<td class=\"xl65\" style=\"width: 149px; height: 22px;\">lunes<\/td>\n<td class=\"xl63\" style=\"width: 121px; height: 22px; text-align: center;\">4\u00b0 hora<\/td>\n<\/tr>\n<tr style=\"height: 22px;\">\n<td class=\"xl64\" style=\"width: 349px; height: 22px;\">Schael, Malte<\/td>\n<td class=\"xl65\" style=\"width: 149px; height: 22px;\">miercoles<\/td>\n<td class=\"xl63\" style=\"width: 121px; height: 22px; text-align: center;\">5\u00b0 hora<\/td>\n<\/tr>\n<tr style=\"height: 22px;\">\n<td class=\"xl64\" style=\"width: 349px; height: 22px;\">Schmider, Tobias<\/td>\n<td class=\"xl65\" style=\"width: 149px; height: 22px;\">jueves<\/td>\n<td class=\"xl63\" style=\"width: 121px; height: 22px; text-align: center;\">5\u00b0 hora<\/td>\n<\/tr>\n<tr style=\"height: 22px;\">\n<td class=\"xl64\" style=\"width: 349px; height: 22px;\">Schmitt, Elisabeth Crescentia<\/td>\n<td class=\"xl65\" style=\"width: 149px; height: 22px;\">lunes<\/td>\n<td class=\"xl63\" style=\"width: 121px; height: 22px; text-align: center;\">4\u00b0 hora<\/td>\n<\/tr>\n<tr style=\"height: 22px;\">\n<td class=\"xl64\" style=\"width: 349px; height: 22px;\">Schneider, Lisa<\/td>\n<td class=\"xl65\" style=\"width: 149px; height: 22px;\">A pedido<\/td>\n<td class=\"xl63\" style=\"width: 121px; height: 22px; text-align: center;\">&#8212;<\/td>\n<\/tr>\n<tr style=\"height: 22px;\">\n<td class=\"xl64\" style=\"width: 349px; height: 22px;\">Schumacher, Nadine<\/td>\n<td class=\"xl65\" style=\"width: 149px; height: 22px;\">viernes<\/td>\n<td class=\"xl63\" style=\"width: 121px; height: 22px; text-align: center;\">3\u00b0 hora<\/td>\n<\/tr>\n<tr style=\"height: 22px;\">\n<td class=\"xl64\" style=\"width: 349px; height: 22px;\">Sch\u00e4dlich, Ute<\/td>\n<td class=\"xl65\" style=\"width: 149px; height: 22px;\">A pedido<\/td>\n<td class=\"xl63\" style=\"width: 121px; height: 22px; text-align: center;\">&#8212;<\/td>\n<\/tr>\n<tr style=\"height: 22px;\">\n<td class=\"xl64\" style=\"width: 349px; height: 22px;\">Sigg, Isabella<\/td>\n<td class=\"xl65\" style=\"width: 149px; height: 22px;\">A pedido<\/td>\n<td class=\"xl63\" style=\"width: 121px; height: 22px; text-align: center;\">&#8212;<\/td>\n<\/tr>\n<tr style=\"height: 22px;\">\n<td class=\"xl64\" style=\"width: 349px; height: 22px;\">Spier, Nadja<\/td>\n<td class=\"xl65\" style=\"width: 149px; height: 22px;\">jueves<\/td>\n<td class=\"xl63\" style=\"width: 121px; height: 22px; text-align: center;\">2\u00b0 hora<\/td>\n<\/tr>\n<tr style=\"height: 22px;\">\n<td class=\"xl64\" style=\"width: 349px; height: 22px;\">Spier, Ralf<\/td>\n<td class=\"xl65\" style=\"width: 149px; height: 22px;\">martes<\/td>\n<td class=\"xl63\" style=\"width: 121px; height: 22px; text-align: center;\">4\u00b0 hora<\/td>\n<\/tr>\n<tr style=\"height: 22px;\">\n<td class=\"xl64\" style=\"width: 349px; height: 22px;\">Su\u00e1rez Fari\u00f1a, Marina<\/td>\n<td class=\"xl65\" style=\"width: 149px; height: 22px;\">martes<\/td>\n<td class=\"xl63\" style=\"width: 121px; height: 22px; text-align: center;\">2\u00b0 hora<\/td>\n<\/tr>\n<tr style=\"height: 22px;\">\n<td class=\"xl64\" style=\"width: 349px; height: 22px;\">Villamar Ruiz, Jessica<\/td>\n<td class=\"xl65\" style=\"width: 149px; height: 22px;\">martes<\/td>\n<td class=\"xl63\" style=\"width: 121px; height: 22px; text-align: center;\">3\u00b0 hora<\/td>\n<\/tr>\n<tr style=\"height: 22px;\">\n<td class=\"xl64\" style=\"width: 349px; height: 22px;\">Wagener Cuenca, Jos\u00e9 Luis<\/td>\n<td class=\"xl65\" style=\"width: 149px; height: 22px;\">lunes<\/td>\n<td class=\"xl63\" style=\"width: 121px; height: 22px; text-align: center;\">6\u00b0 hora<\/td>\n<\/tr>\n<tr style=\"height: 22px;\">\n<td class=\"xl64\" style=\"width: 349px; height: 22px;\">Waltsgott, Hermann<\/td>\n<td class=\"xl65\" style=\"width: 149px; height: 22px;\">lunes<\/td>\n<td class=\"xl63\" style=\"width: 121px; height: 22px; text-align: center;\">3\u00b0 hora<\/td>\n<\/tr>\n<tr style=\"height: 22px;\">\n<td class=\"xl64\" style=\"width: 349px; height: 22px;\">Yalda, Saye<\/td>\n<td class=\"xl65\" style=\"width: 149px; height: 22px;\">viernes<\/td>\n<td class=\"xl63\" style=\"width: 121px; height: 22px; text-align: center;\">4\u00b0 hora<\/td>\n<\/tr>\n<\/tbody>\n<\/table>\n","protected":false},"excerpt":{"rendered":"<p>En esta p\u00e1gina encontrar\u00e1 los horarios del personal docente del \u00a0a\u00f1o escolar 2019\/2020. Las horas de [&hellip;]<\/p>\n","protected":false},"author":10,"featured_media":0,"parent":0,"menu_order":2,"comment_status":"closed","ping_status":"closed","template":"","meta":{"site-sidebar-layout":"default","site-content-layout":"","ast-site-content-layout":"default","site-content-style":"default","site-sidebar-style":"default","ast-global-header-display":"","ast-banner-title-visibility":"","ast-main-header-display":"","ast-hfb-above-header-display":"","ast-hfb-below-header-display":"","ast-hfb-mobile-header-display":"","site-post-title":"","ast-breadcrumbs-content":"","ast-featured-img":"","footer-sml-layout":"","ast-disable-related-posts":"","theme-transparent-header-meta":"","adv-header-id-meta":"","stick-header-meta":"","header-above-stick-meta":"","header-main-stick-meta":"","header-below-stick-meta":"","astra-migrate-meta-layouts":"default","ast-page-background-enabled":"default","ast-page-background-meta":{"desktop":{"background-color":"","background-image":"","background-repeat":"repeat","background-position":"center center","background-size":"auto","background-attachment":"scroll","background-type":"","background-media":"","overlay-type":"","overlay-color":"","overlay-opacity":"","overlay-gradient":""},"tablet":{"background-color":"","background-image":"","background-repeat":"repeat","background-position":"center center","background-size":"auto","background-attachment":"scroll","background-type":"","background-media":"","overlay-type":"","overlay-color":"","overlay-opacity":"","overlay-gradient":""},"mobile":{"background-color":"","background-image":"","background-repeat":"repeat","background-position":"center center","background-size":"auto","background-attachment":"scroll","background-type":"","background-media":"","overlay-type":"","overlay-color":"","overlay-opacity":"","overlay-gradient":""}},"ast-content-background-meta":{"desktop":{"background-color":"var(--ast-global-color-5)","background-image":"","background-repeat":"repeat","background-position":"center center","background-size":"auto","background-attachment":"scroll","background-type":"","background-media":"","overlay-type":"","overlay-color":"","overlay-opacity":"","overlay-gradient":""},"tablet":{"background-color":"var(--ast-global-color-5)","background-image":"","background-repeat":"repeat","background-position":"center center","background-size":"auto","background-attachment":"scroll","background-type":"","background-media":"","overlay-type":"","overlay-color":"","overlay-opacity":"","overlay-gradient":""},"mobile":{"background-color":"var(--ast-global-color-5)","background-image":"","background-repeat":"repeat","background-position":"center center","background-size":"auto","background-attachment":"scroll","background-type":"","background-media":"","overlay-type":"","overlay-color":"","overlay-opacity":"","overlay-gradient":""}},"_jet_sm_ready_style":"","_jet_sm_style":"","_jet_sm_controls_values":"","_jet_sm_fonts_collection":"","_jet_sm_fonts_links":"","footnotes":""},"schlagwortedst":[],"wf_page_folders":[],"class_list":["post-24523","page","type-page","status-publish","hentry"],"_links":{"self":[{"href":"https:\/\/www.dstenerife.eu\/es\/wp-json\/wp\/v2\/pages\/24523","targetHints":{"allow":["GET"]}}],"collection":[{"href":"https:\/\/www.dstenerife.eu\/es\/wp-json\/wp\/v2\/pages"}],"about":[{"href":"https:\/\/www.dstenerife.eu\/es\/wp-json\/wp\/v2\/types\/page"}],"author":[{"embeddable":true,"href":"https:\/\/www.dstenerife.eu\/es\/wp-json\/wp\/v2\/users\/10"}],"replies":[{"embeddable":true,"href":"https:\/\/www.dstenerife.eu\/es\/wp-json\/wp\/v2\/comments?post=24523"}],"version-history":[{"count":1,"href":"https:\/\/www.dstenerife.eu\/es\/wp-json\/wp\/v2\/pages\/24523\/revisions"}],"predecessor-version":[{"id":60902,"href":"https:\/\/www.dstenerife.eu\/es\/wp-json\/wp\/v2\/pages\/24523\/revisions\/60902"}],"wp:attachment":[{"href":"https:\/\/www.dstenerife.eu\/es\/wp-json\/wp\/v2\/media?parent=24523"}],"wp:term":[{"taxonomy":"schlagwortedst","embeddable":true,"href":"https:\/\/www.dstenerife.eu\/es\/wp-json\/wp\/v2\/schlagwortedst?post=24523"},{"taxonomy":"wf_page_folders","embeddable":true,"href":"https:\/\/www.dstenerife.eu\/es\/wp-json\/wp\/v2\/wf_page_folders?post=24523"}],"curies":[{"name":"wp","href":"https:\/\/api.w.org\/{rel}","templated":true}]}}