{"id":2659,"date":"2015-10-13T00:35:13","date_gmt":"2015-10-13T00:35:13","guid":{"rendered":"https:\/\/kopie.dst.deutsche-schule.eu\/?page_id=2659"},"modified":"2025-09-11T13:24:29","modified_gmt":"2025-09-11T12:24:29","slug":"psicologa","status":"publish","type":"page","link":"https:\/\/www.dstenerife.eu\/es\/servicios\/instituciones\/psicologa\/","title":{"rendered":"Psic\u00f3loga"},"content":{"rendered":"<p>Nuestras psic\u00f3logas escolares, Mercedes Pintado e Ingrid Garc\u00eda, ofrecen asesoramiento psicol\u00f3gico y psicopedag\u00f3gico, as\u00ed como apoyo individual a todos los miembros de nuestra comunidad escolar (alumnado, profesorado y familias) desde la etapa de Educaci\u00f3n Infantil hasta el Bachillerato. Ellas son las responsables de la atenci\u00f3n a la diversidad en el centro.<\/p>\n<p>Mercedes Pintado es responsable de KiKri, Kindergarten y Primaria, mientras que Ingrid Garc\u00eda se ocupa del alumnado de la Etapa de Orientaci\u00f3n \u00abOrientierungsstufe\u00bb (a partir de la clase 5), de Secundaria y Bachillerato. Ambas son tambi\u00e9n las coordinadoras para el bienestar y la protecci\u00f3n del alumnado.<\/p>\n<p>Adem\u00e1s del trabajo individual, se llevan a cabo programas grupales de prevenci\u00f3n con el objetivo de fomentar la tolerancia, la autorregulaci\u00f3n, la resoluci\u00f3n de conflictos, la integraci\u00f3n y la diversidad en el colegio, as\u00ed como reforzar al alumnado en el \u00e1mbito de la convivencia, la prevenci\u00f3n y la ayuda frente al acoso escolar.<\/p>\n<p><strong>Datos de contacto y horas de consulta:<\/strong><\/p>\n<p>Mercedes Pintado: m.pintado@dstenerife.eu<\/p>\n<p>El horario de consulta para familias es los martes de 12:25 \u2013 13:10 horas y los jueves de 8:45 a 9:30 horas.<\/p>\n<p>&nbsp;<\/p>\n<p>Ingrid Garc\u00eda: i.garcia@dstenerife.eu<\/p>\n<p>El horario de consulta para familias es los lunes de 12:25 a 13:10 horas y los jueves de 8:00 a 8:45 horas.<\/p>\n","protected":false},"excerpt":{"rendered":"<p>Nuestras psic\u00f3logas escolares, Mercedes Pintado e Ingrid Garc\u00eda, ofrecen asesoramiento psicol\u00f3gico y psicopedag\u00f3gico, as\u00ed como apoyo [&hellip;]<\/p>\n","protected":false},"author":10,"featured_media":45450,"parent":1944,"menu_order":2,"comment_status":"closed","ping_status":"closed","template":"","meta":{"site-sidebar-layout":"default","site-content-layout":"default","ast-site-content-layout":"default","site-content-style":"default","site-sidebar-style":"default","ast-global-header-display":"","ast-banner-title-visibility":"","ast-main-header-display":"","ast-hfb-above-header-display":"","ast-hfb-below-header-display":"","ast-hfb-mobile-header-display":"","site-post-title":"","ast-breadcrumbs-content":"","ast-featured-img":"","footer-sml-layout":"","ast-disable-related-posts":"","theme-transparent-header-meta":"default","adv-header-id-meta":"","stick-header-meta":"default","header-above-stick-meta":"","header-main-stick-meta":"","header-below-stick-meta":"","astra-migrate-meta-layouts":"set","ast-page-background-enabled":"default","ast-page-background-meta":{"desktop":{"background-color":"","background-image":"","background-repeat":"repeat","background-position":"center center","background-size":"auto","background-attachment":"scroll","background-type":"","background-media":"","overlay-type":"","overlay-color":"","overlay-opacity":"","overlay-gradient":""},"tablet":{"background-color":"","background-image":"","background-repeat":"repeat","background-position":"center center","background-size":"auto","background-attachment":"scroll","background-type":"","background-media":"","overlay-type":"","overlay-color":"","overlay-opacity":"","overlay-gradient":""},"mobile":{"background-color":"","background-image":"","background-repeat":"repeat","background-position":"center center","background-size":"auto","background-attachment":"scroll","background-type":"","background-media":"","overlay-type":"","overlay-color":"","overlay-opacity":"","overlay-gradient":""}},"ast-content-background-meta":{"desktop":{"background-color":"var(--ast-global-color-5)","background-image":"","background-repeat":"repeat","background-position":"center center","background-size":"auto","background-attachment":"scroll","background-type":"","background-media":"","overlay-type":"","overlay-color":"","overlay-opacity":"","overlay-gradient":""},"tablet":{"background-color":"var(--ast-global-color-5)","background-image":"","background-repeat":"repeat","background-position":"center center","background-size":"auto","background-attachment":"scroll","background-type":"","background-media":"","overlay-type":"","overlay-color":"","overlay-opacity":"","overlay-gradient":""},"mobile":{"background-color":"var(--ast-global-color-5)","background-image":"","background-repeat":"repeat","background-position":"center center","background-size":"auto","background-attachment":"scroll","background-type":"","background-media":"","overlay-type":"","overlay-color":"","overlay-opacity":"","overlay-gradient":""}},"_jet_sm_ready_style":"","_jet_sm_style":"","_jet_sm_controls_values":"","_jet_sm_fonts_collection":"","_jet_sm_fonts_links":"","footnotes":""},"schlagwortedst":[152],"wf_page_folders":[177],"class_list":["post-2659","page","type-page","status-publish","has-post-thumbnail","hentry","schlagwortedst-sideservice"],"_links":{"self":[{"href":"https:\/\/www.dstenerife.eu\/es\/wp-json\/wp\/v2\/pages\/2659","targetHints":{"allow":["GET"]}}],"collection":[{"href":"https:\/\/www.dstenerife.eu\/es\/wp-json\/wp\/v2\/pages"}],"about":[{"href":"https:\/\/www.dstenerife.eu\/es\/wp-json\/wp\/v2\/types\/page"}],"author":[{"embeddable":true,"href":"https:\/\/www.dstenerife.eu\/es\/wp-json\/wp\/v2\/users\/10"}],"replies":[{"embeddable":true,"href":"https:\/\/www.dstenerife.eu\/es\/wp-json\/wp\/v2\/comments?post=2659"}],"version-history":[{"count":8,"href":"https:\/\/www.dstenerife.eu\/es\/wp-json\/wp\/v2\/pages\/2659\/revisions"}],"predecessor-version":[{"id":83703,"href":"https:\/\/www.dstenerife.eu\/es\/wp-json\/wp\/v2\/pages\/2659\/revisions\/83703"}],"up":[{"embeddable":true,"href":"https:\/\/www.dstenerife.eu\/es\/wp-json\/wp\/v2\/pages\/1944"}],"wp:featuredmedia":[{"embeddable":true,"href":"https:\/\/www.dstenerife.eu\/es\/wp-json\/wp\/v2\/media\/45450"}],"wp:attachment":[{"href":"https:\/\/www.dstenerife.eu\/es\/wp-json\/wp\/v2\/media?parent=2659"}],"wp:term":[{"taxonomy":"schlagwortedst","embeddable":true,"href":"https:\/\/www.dstenerife.eu\/es\/wp-json\/wp\/v2\/schlagwortedst?post=2659"},{"taxonomy":"wf_page_folders","embeddable":true,"href":"https:\/\/www.dstenerife.eu\/es\/wp-json\/wp\/v2\/wf_page_folders?post=2659"}],"curies":[{"name":"wp","href":"https:\/\/api.w.org\/{rel}","templated":true}]}}