{"id":2833,"date":"2015-10-27T16:48:27","date_gmt":"2015-10-27T16:48:27","guid":{"rendered":"https:\/\/kopie.dst.deutsche-schule.eu\/es\/?page_id=2833"},"modified":"2021-08-09T09:12:09","modified_gmt":"2021-08-09T09:12:09","slug":"inscripcion-y-precios","status":"publish","type":"page","link":"https:\/\/www.dstenerife.eu\/es\/servicios\/inscripcion-y-precios\/","title":{"rendered":"Inscripci\u00f3n y precios"},"content":{"rendered":"<p>Los alumnos que asisten al Kindergarten del Colegio Alem\u00e1n de Santa Cruz de Tenerife pasan a la Primaria del Colegio Alem\u00e1n. Adem\u00e1s, existe la posibilidad de inscribir a alumnos a partir de 1\u00ba de Primaria que tengan suficientes conocimientos del idioma alem\u00e1n. La decisi\u00f3n sobre la admisi\u00f3n la tomar\u00e1 individualmente la direcci\u00f3n del centro. Dado el caso, se podr\u00eda realizar pruebas de nivel para determinar el curso apropiado.<\/p>\n<p>&nbsp;<\/p>\n<p><a href=\"https:\/\/www.dstenerife.eu\/wp-content\/uploads\/2020\/07\/Schulgeldquoten-Cuotas-Escolar-Colegio-20-21.pdf\" target=\"_blank\" rel=\"noopener noreferrer\"><strong><u>Cuotas escolares<\/u><\/strong><\/a>\u00a0(Curso escolar 2020-21)<u><br \/>\n<\/u><\/p>\n<table>\n<tbody>\n<tr>\n<td width=\"163\">\n<table style=\"width: 700px;\">\n<tbody>\n<tr>\n<td style=\"width: 212px;\">Clases G1 \u2013 8<\/td>\n<td style=\"width: 212px;\">10 x 325,00 \u20ac<\/td>\n<td style=\"width: 212px;\">3.250,00 \u20ac<\/td>\n<\/tr>\n<tr>\n<td style=\"width: 212px;\">Clases 9 \u2013 11<\/td>\n<td style=\"width: 212px;\">10 x 365,00 \u20ac<\/td>\n<td style=\"width: 212px;\">3.650,00 \u20ac<\/td>\n<\/tr>\n<tr>\n<td style=\"width: 212px;\">Clase 12<\/td>\n<td style=\"width: 212px;\">\u00a0 9 x 406,00 \u20ac<\/td>\n<td style=\"width: 212px;\">3.654,00 \u20ac<\/td>\n<\/tr>\n<\/tbody>\n<\/table>\n<\/td>\n<td width=\"163\"><\/td>\n<td width=\"163\"><\/td>\n<\/tr>\n<tr>\n<td width=\"163\"><\/td>\n<td width=\"163\"><\/td>\n<td width=\"163\"><\/td>\n<\/tr>\n<tr>\n<td width=\"163\"><\/td>\n<td width=\"163\"><\/td>\n<td width=\"163\"><\/td>\n<\/tr>\n<\/tbody>\n<\/table>\n<p><strong><u>Para alumnos de nuevo ingreso:<\/u><\/strong><\/p>\n<table>\n<tbody>\n<tr>\n<td width=\"326\">Inscripci\u00f3n Clases G1 &#8211; 12<\/td>\n<td width=\"163\">850,00 \u20ac<\/td>\n<\/tr>\n<tr>\n<td width=\"326\">Dep\u00f3sito Clases G1 &#8211; 8<\/td>\n<td width=\"163\">900,00 \u20ac<\/td>\n<\/tr>\n<tr>\n<td width=\"326\">Dep\u00f3sito Clases 9 \u2013 12<\/td>\n<td width=\"163\">1.030,00 \u20ac<\/td>\n<\/tr>\n<\/tbody>\n<\/table>\n<p>El dep\u00f3sito se devolver\u00e1 (previa solicitud escrita) si el alumno ha completado su carrera escolar en el centro.<\/p>\n<ul>\n<li>Cursos voluntarios de preparaci\u00f3n a la universidad espa\u00f1ola (PAU) para alumnos de las clases 11 y 12. Precio: 30 euros mensuales por asignatura.<\/li>\n<li>L\u00dcZ (Hora de aprendizaje y repaso) entre las 14.10 h y las 15.40 h:13\u20ac por d\u00eda\/ mensual.<\/li>\n<li>Permanencia entre las 14.10 h y las 15.40 h:11\u20ac por d\u00eda\/ mensual.<\/li>\n<\/ul>\n<p>Los pagos estar\u00e1n al cobro el 5 de septiembre, octubre, noviembre, diciembre, enero, febrero, marzo, abril, mayo y junio, pudiendo s\u00f3lo realizarse mediante domiciliaci\u00f3n bancaria.<\/p>\n<p><a href=\"https:\/\/www.dstenerife.eu\/es\/servicios\/inscripcion-y-precios\/becas-escolares\/\">Las solicitudes de becas<\/a> que se conceden anualmente, est\u00e1n disponibles en secretar\u00eda y pueden ser presentadas en alem\u00e1n o espa\u00f1ol hasta el 30 de junio. La junta directiva decidir\u00e1 sobre su concesi\u00f3n.<\/p>\n","protected":false},"excerpt":{"rendered":"<p>Los alumnos que asisten al Kindergarten del Colegio Alem\u00e1n de Santa Cruz de Tenerife pasan a [&hellip;]<\/p>\n","protected":false},"author":10,"featured_media":0,"parent":1939,"menu_order":17,"comment_status":"closed","ping_status":"closed","template":"","meta":{"site-sidebar-layout":"default","site-content-layout":"default","ast-site-content-layout":"default","site-content-style":"default","site-sidebar-style":"default","ast-global-header-display":"","ast-banner-title-visibility":"","ast-main-header-display":"","ast-hfb-above-header-display":"","ast-hfb-below-header-display":"","ast-hfb-mobile-header-display":"","site-post-title":"","ast-breadcrumbs-content":"","ast-featured-img":"","footer-sml-layout":"","ast-disable-related-posts":"","theme-transparent-header-meta":"default","adv-header-id-meta":"","stick-header-meta":"default","header-above-stick-meta":"","header-main-stick-meta":"","header-below-stick-meta":"","astra-migrate-meta-layouts":"default","ast-page-background-enabled":"default","ast-page-background-meta":{"desktop":{"background-color":"","background-image":"","background-repeat":"repeat","background-position":"center center","background-size":"auto","background-attachment":"scroll","background-type":"","background-media":"","overlay-type":"","overlay-color":"","overlay-opacity":"","overlay-gradient":""},"tablet":{"background-color":"","background-image":"","background-repeat":"repeat","background-position":"center center","background-size":"auto","background-attachment":"scroll","background-type":"","background-media":"","overlay-type":"","overlay-color":"","overlay-opacity":"","overlay-gradient":""},"mobile":{"background-color":"","background-image":"","background-repeat":"repeat","background-position":"center center","background-size":"auto","background-attachment":"scroll","background-type":"","background-media":"","overlay-type":"","overlay-color":"","overlay-opacity":"","overlay-gradient":""}},"ast-content-background-meta":{"desktop":{"background-color":"var(--ast-global-color-5)","background-image":"","background-repeat":"repeat","background-position":"center center","background-size":"auto","background-attachment":"scroll","background-type":"","background-media":"","overlay-type":"","overlay-color":"","overlay-opacity":"","overlay-gradient":""},"tablet":{"background-color":"var(--ast-global-color-5)","background-image":"","background-repeat":"repeat","background-position":"center center","background-size":"auto","background-attachment":"scroll","background-type":"","background-media":"","overlay-type":"","overlay-color":"","overlay-opacity":"","overlay-gradient":""},"mobile":{"background-color":"var(--ast-global-color-5)","background-image":"","background-repeat":"repeat","background-position":"center center","background-size":"auto","background-attachment":"scroll","background-type":"","background-media":"","overlay-type":"","overlay-color":"","overlay-opacity":"","overlay-gradient":""}},"_jet_sm_ready_style":"","_jet_sm_style":"","_jet_sm_controls_values":"","_jet_sm_fonts_collection":"","_jet_sm_fonts_links":"","footnotes":""},"schlagwortedst":[],"wf_page_folders":[191,177],"class_list":["post-2833","page","type-page","status-publish","hentry"],"_links":{"self":[{"href":"https:\/\/www.dstenerife.eu\/es\/wp-json\/wp\/v2\/pages\/2833","targetHints":{"allow":["GET"]}}],"collection":[{"href":"https:\/\/www.dstenerife.eu\/es\/wp-json\/wp\/v2\/pages"}],"about":[{"href":"https:\/\/www.dstenerife.eu\/es\/wp-json\/wp\/v2\/types\/page"}],"author":[{"embeddable":true,"href":"https:\/\/www.dstenerife.eu\/es\/wp-json\/wp\/v2\/users\/10"}],"replies":[{"embeddable":true,"href":"https:\/\/www.dstenerife.eu\/es\/wp-json\/wp\/v2\/comments?post=2833"}],"version-history":[{"count":0,"href":"https:\/\/www.dstenerife.eu\/es\/wp-json\/wp\/v2\/pages\/2833\/revisions"}],"up":[{"embeddable":true,"href":"https:\/\/www.dstenerife.eu\/es\/wp-json\/wp\/v2\/pages\/1939"}],"wp:attachment":[{"href":"https:\/\/www.dstenerife.eu\/es\/wp-json\/wp\/v2\/media?parent=2833"}],"wp:term":[{"taxonomy":"schlagwortedst","embeddable":true,"href":"https:\/\/www.dstenerife.eu\/es\/wp-json\/wp\/v2\/schlagwortedst?post=2833"},{"taxonomy":"wf_page_folders","embeddable":true,"href":"https:\/\/www.dstenerife.eu\/es\/wp-json\/wp\/v2\/wf_page_folders?post=2833"}],"curies":[{"name":"wp","href":"https:\/\/api.w.org\/{rel}","templated":true}]}}