{"id":28488,"date":"2020-03-12T07:36:48","date_gmt":"2020-03-12T07:36:48","guid":{"rendered":"https:\/\/kopie.dst.deutsche-schule.eu\/?page_id=28488"},"modified":"2021-03-07T05:46:43","modified_gmt":"2021-03-07T05:46:43","slug":"informaciones-sobre-coronavirus","status":"publish","type":"page","link":"https:\/\/www.dstenerife.eu\/es\/informaciones-sobre-coronavirus\/","title":{"rendered":"Informaciones \u00abCoronavirus\u00bb"},"content":{"rendered":"<p><a href=\"https:\/\/www.dstenerife.eu\/wp-content\/uploads\/2020\/06\/Elternbrief-24.06.2020_Circular-24.06.2020_ES.pdf\" target=\"_blank\" rel=\"noopener noreferrer\">Circular padres (Directora del Colegio)_24.06.2020<\/a><\/p>\n<p><a href=\"https:\/\/www.dstenerife.eu\/wp-content\/uploads\/2020\/06\/Elternbrief_GS_16.06.2020_Circular_Primaria_16.06.2020.pdf\" target=\"_blank\" rel=\"noopener noreferrer\">Circular padres (Director de Primaria)_16.06.2020<\/a><\/p>\n<p><a href=\"https:\/\/www.dstenerife.eu\/wp-content\/uploads\/2020\/06\/Elternbrief-sommercamp.pdf\" target=\"_blank\" rel=\"noopener noreferrer\">Circular padres (Campamento de verano)_12.06.2020<\/a><\/p>\n<p><a href=\"https:\/\/www.dstenerife.eu\/wp-content\/uploads\/2020\/06\/Elternbrief-Kikri-K3-05.06.2020_Circular-Kikri-K3-05.06.20201.pdf\" target=\"_blank\" rel=\"noopener noreferrer\">Circular padres (Directora del centro infantil)_05.06.2020<\/a><\/p>\n<p><a href=\"https:\/\/www.dstenerife.eu\/wp-content\/uploads\/2020\/06\/Elternbrief-05.06.2020_Circular-05.06.2020_ES.pdf\" target=\"_blank\" rel=\"noopener noreferrer\">Circular padres (Directora del Colegio)_05.06.2020<\/a><\/p>\n<p><a href=\"https:\/\/www.dstenerife.eu\/wp-content\/uploads\/2020\/06\/EB-Sommerprojekt_e01062020.docx.pdf\" target=\"_blank\" rel=\"noopener noreferrer\">Circular padres (Proyecto de verano de Primaria)_01.06.2020<\/a><\/p>\n<p><a href=\"https:\/\/www.dstenerife.eu\/wp-content\/uploads\/2020\/05\/Elternbrief-15.05.2020_Circular-15.05.2020_ES.pdf\" target=\"_blank\" rel=\"noopener noreferrer\">Circular padres (Directora del Colegio)_15.05.2020<\/a><\/p>\n<p><a href=\"https:\/\/www.dstenerife.eu\/wp-content\/uploads\/2020\/05\/Elternbrief-04.05.2020_Circular-04.05.2020_ES.pdf\" target=\"_blank\" rel=\"noopener noreferrer\">Circular padres (Directora del Colegio)_04.05.2020<\/a><\/p>\n<p><a href=\"https:\/\/www.dstenerife.eu\/wp-content\/uploads\/2020\/05\/BOE.-Deporte-al-aire-libre.pdf\" target=\"_blank\" rel=\"noopener noreferrer\">BOLET\u00cdN OFICIAL DEL ESTADO_01.05.2020<\/a><\/p>\n<p><a href=\"https:\/\/www.dstenerife.eu\/wp-content\/uploads\/2020\/04\/Elternbrief-K1-K2-28.04.2020_Circular-K1-K2-28.04.2020.pdf\" target=\"_blank\" rel=\"noopener noreferrer\">Circular padres K1-K2 (Directora del centro infantil)_28.04.2020<\/a><\/p>\n<p><a href=\"https:\/\/www.dstenerife.eu\/wp-content\/uploads\/2020\/04\/Elternbrief-K328.04.2020_Circular-K328.04.2020.pdf\" target=\"_blank\" rel=\"noopener noreferrer\">Circular padres K3+ (Directora del centro infantil)_28.04.2020<\/a><\/p>\n<p><a href=\"https:\/\/www.dstenerife.eu\/wp-content\/uploads\/2020\/04\/EB-Primaria_final24042020.docx.pdf\" target=\"_blank\" rel=\"noopener noreferrer\">Circular padres (Director primaria)_24.04.2020<\/a><\/p>\n<p><a href=\"https:\/\/www.dstenerife.eu\/wp-content\/uploads\/2020\/04\/Elternbrief-SEC-20.04.2020_Circular-20.04.2020_ES.pdf\" target=\"_blank\" rel=\"noopener noreferrer\">Circular padres (Directora del Colegio)_20.04.2020<\/a><\/p>\n<p><a href=\"https:\/\/www.dstenerife.eu\/wp-content\/uploads\/2020\/03\/Protecci\u00f3n-de-datos_esp.pdf\" target=\"_blank\" rel=\"noopener noreferrer\">Informaci\u00f3n sobre la protecci\u00f3n de datos en las ofertas en l\u00ednea\u00a0<\/a><\/p>\n<p><a href=\"https:\/\/www.dstenerife.eu\/wp-content\/uploads\/2020\/04\/EB-Primaria_todos_17042020.docx.pdf\" target=\"_blank\" rel=\"noopener noreferrer\">Circular padres (Director primaria)_17.04.2020<\/a><\/p>\n<p><a href=\"https:\/\/www.dstenerife.eu\/wp-content\/uploads\/2020\/04\/Elternbrief-Kindergarten-05.04.2020_Circular-Kindergarten-05.04.2020_ES.pdf\" target=\"_blank\" rel=\"noopener noreferrer\">Circular padres (Directora del\u00a0 centro infantil)_05.04.2020<\/a><\/p>\n<p><a href=\"https:\/\/www.dstenerife.eu\/wp-content\/uploads\/2020\/04\/Elternbrief-Vorstand-KiGa-05.04.2020_Circular-Junta-Directiva-KiGa-05.04.2020_ES.pdf\" target=\"_blank\" rel=\"noopener noreferrer\">Circular Junta Directiva (KIGA)_05.04.2020<\/a><\/p>\n<p><a href=\"https:\/\/www.dstenerife.eu\/wp-content\/uploads\/2020\/04\/Elternbrief-Vorstand-Kikri-05.04.2020_Circular-Junta-Directiva-Kikri-05.04.2020_ES.pdf\" target=\"_blank\" rel=\"noopener noreferrer\">Circular Junta Directiva (KIKRI)_05.04.2020<\/a><\/p>\n<p><a href=\"https:\/\/www.dstenerife.eu\/wp-content\/uploads\/2020\/04\/Elternbrief-GS-03.04.2020_Circular-GS-03.04.2020.pdf\" target=\"_blank\" rel=\"noopener noreferrer\">Circular padres primaria_03.04.2020<\/a><\/p>\n<p><a href=\"https:\/\/www.dstenerife.eu\/wp-content\/uploads\/2020\/03\/EB-Primaria_27032020.pdf\" target=\"_blank\" rel=\"noopener noreferrer\">Circular padres primaria_27.03.2020<\/a><\/p>\n<p><a href=\"https:\/\/www.dstenerife.eu\/wp-content\/uploads\/2020\/03\/EB-der-Schulleiterin_26.03.2020.docx.pdf\" target=\"_blank\" rel=\"noopener noreferrer\">Circular padres_27.03.2020<\/a><\/p>\n<p><a href=\"https:\/\/www.dstenerife.eu\/wp-content\/uploads\/2020\/03\/Elternbrief-24.03.2020_Circular-Padres-24.03.2020.pdf\" target=\"_blank\" rel=\"noopener noreferrer\">Circular padres_24.03.2020<\/a><\/p>\n<p><a href=\"https:\/\/www.dstenerife.eu\/wp-content\/uploads\/2020\/03\/Elternbrief-20.03.2020_Circular-Padres-20.03.2020.docx-zusammengef%C3%BCgt.pdf\" target=\"_blank\" rel=\"noopener noreferrer\">Circular padres_20.03.2020<\/a><\/p>\n<p><a href=\"https:\/\/www.dstenerife.eu\/wp-content\/uploads\/2020\/03\/Elternbrief-16.03.2020_Circular-Padres-16.03.2020.pdf\" target=\"_blank\" rel=\"noopener noreferrer\">Circular padres_16.03.2020<\/a><\/p>\n<p><a href=\"https:\/\/www.dstenerife.eu\/wp-content\/uploads\/2020\/03\/Anleitung-Eltern_Manual-Padres.pdf\" target=\"_blank\" rel=\"noopener noreferrer\">Manual NAS_16.03.2020<\/a><\/p>\n<p><a href=\"https:\/\/www.dstenerife.eu\/wp-content\/uploads\/2020\/03\/BOE-A-2020-3692-1.pdf\" target=\"_blank\" rel=\"noopener noreferrer\">BOLET\u00cdN OFICIAL DEL ESTADO_14.03.2020<\/a><\/p>\n<p><a href=\"https:\/\/www.dstenerife.eu\/wp-content\/uploads\/2020\/03\/Info_11.03.2020-zusammengef\u00fcgt-1.pdf\" target=\"_blank\" rel=\"noopener noreferrer\">Carta informativa_12.03.2020<\/a><\/p>\n<p><a href=\"https:\/\/www.dstenerife.eu\/wp-content\/uploads\/2020\/03\/Info_11.03.2020-zusammengef\u00fcgt.pdf\" target=\"_blank\" rel=\"noopener noreferrer\">Carta informativa_11.03.2020<\/a><\/p>\n<p><a href=\"https:\/\/www.dstenerife.eu\/wp-content\/uploads\/2020\/03\/Informationsschreiben-der-Schulleiterin_28.02.2020_home2.pdf\" target=\"_blank\" rel=\"noopener noreferrer\">Carta informativa_28.02.2020<\/a><\/p>\n","protected":false},"excerpt":{"rendered":"<p>Circular padres (Directora del Colegio)_24.06.2020 Circular padres (Director de Primaria)_16.06.2020 Circular padres (Campamento de verano)_12.06.2020 Circular [&hellip;]<\/p>\n","protected":false},"author":10,"featured_media":0,"parent":0,"menu_order":3,"comment_status":"closed","ping_status":"closed","template":"","meta":{"site-sidebar-layout":"default","site-content-layout":"","ast-site-content-layout":"default","site-content-style":"default","site-sidebar-style":"default","ast-global-header-display":"","ast-banner-title-visibility":"","ast-main-header-display":"","ast-hfb-above-header-display":"","ast-hfb-below-header-display":"","ast-hfb-mobile-header-display":"","site-post-title":"","ast-breadcrumbs-content":"","ast-featured-img":"","footer-sml-layout":"","ast-disable-related-posts":"","theme-transparent-header-meta":"","adv-header-id-meta":"","stick-header-meta":"","header-above-stick-meta":"","header-main-stick-meta":"","header-below-stick-meta":"","astra-migrate-meta-layouts":"default","ast-page-background-enabled":"default","ast-page-background-meta":{"desktop":{"background-color":"","background-image":"","background-repeat":"repeat","background-position":"center center","background-size":"auto","background-attachment":"scroll","background-type":"","background-media":"","overlay-type":"","overlay-color":"","overlay-opacity":"","overlay-gradient":""},"tablet":{"background-color":"","background-image":"","background-repeat":"repeat","background-position":"center center","background-size":"auto","background-attachment":"scroll","background-type":"","background-media":"","overlay-type":"","overlay-color":"","overlay-opacity":"","overlay-gradient":""},"mobile":{"background-color":"","background-image":"","background-repeat":"repeat","background-position":"center center","background-size":"auto","background-attachment":"scroll","background-type":"","background-media":"","overlay-type":"","overlay-color":"","overlay-opacity":"","overlay-gradient":""}},"ast-content-background-meta":{"desktop":{"background-color":"var(--ast-global-color-5)","background-image":"","background-repeat":"repeat","background-position":"center center","background-size":"auto","background-attachment":"scroll","background-type":"","background-media":"","overlay-type":"","overlay-color":"","overlay-opacity":"","overlay-gradient":""},"tablet":{"background-color":"var(--ast-global-color-5)","background-image":"","background-repeat":"repeat","background-position":"center center","background-size":"auto","background-attachment":"scroll","background-type":"","background-media":"","overlay-type":"","overlay-color":"","overlay-opacity":"","overlay-gradient":""},"mobile":{"background-color":"var(--ast-global-color-5)","background-image":"","background-repeat":"repeat","background-position":"center center","background-size":"auto","background-attachment":"scroll","background-type":"","background-media":"","overlay-type":"","overlay-color":"","overlay-opacity":"","overlay-gradient":""}},"_jet_sm_ready_style":"","_jet_sm_style":"","_jet_sm_controls_values":"","_jet_sm_fonts_collection":"","_jet_sm_fonts_links":"","footnotes":""},"schlagwortedst":[],"wf_page_folders":[],"class_list":["post-28488","page","type-page","status-publish","hentry"],"_links":{"self":[{"href":"https:\/\/www.dstenerife.eu\/es\/wp-json\/wp\/v2\/pages\/28488","targetHints":{"allow":["GET"]}}],"collection":[{"href":"https:\/\/www.dstenerife.eu\/es\/wp-json\/wp\/v2\/pages"}],"about":[{"href":"https:\/\/www.dstenerife.eu\/es\/wp-json\/wp\/v2\/types\/page"}],"author":[{"embeddable":true,"href":"https:\/\/www.dstenerife.eu\/es\/wp-json\/wp\/v2\/users\/10"}],"replies":[{"embeddable":true,"href":"https:\/\/www.dstenerife.eu\/es\/wp-json\/wp\/v2\/comments?post=28488"}],"version-history":[{"count":0,"href":"https:\/\/www.dstenerife.eu\/es\/wp-json\/wp\/v2\/pages\/28488\/revisions"}],"wp:attachment":[{"href":"https:\/\/www.dstenerife.eu\/es\/wp-json\/wp\/v2\/media?parent=28488"}],"wp:term":[{"taxonomy":"schlagwortedst","embeddable":true,"href":"https:\/\/www.dstenerife.eu\/es\/wp-json\/wp\/v2\/schlagwortedst?post=28488"},{"taxonomy":"wf_page_folders","embeddable":true,"href":"https:\/\/www.dstenerife.eu\/es\/wp-json\/wp\/v2\/wf_page_folders?post=28488"}],"curies":[{"name":"wp","href":"https:\/\/api.w.org\/{rel}","templated":true}]}}