{"id":29532,"date":"2020-05-26T14:13:08","date_gmt":"2020-05-26T14:13:08","guid":{"rendered":"https:\/\/kopie.dst.deutsche-schule.eu\/?page_id=29532"},"modified":"2021-03-07T05:35:33","modified_gmt":"2021-03-07T05:35:33","slug":"el-colegio-virtual","status":"publish","type":"page","link":"https:\/\/www.dstenerife.eu\/es\/colegio\/planes-y-conceptos-escolares\/el-colegio-virtual\/","title":{"rendered":"El colegio virtual"},"content":{"rendered":"<p>\u00a1La vida sigue en el Colegio Alem\u00e1n Santa Cruz de Tenerife!<\/p>\n<ul>\n<li>El seminario de m\u00fasica\u00a0presenta su gran proyecto del a\u00f1o escolar 2019\/20:<\/li>\n<\/ul>\n<p>Una\u00a0gran orquesta digital de alumnos, padres y el coro del DST interpreta \u201cThank you for the music\u201d de\u00a0ABBA.<\/p>\n<audio class=\"wp-audio-shortcode\" id=\"audio-29532-1\" preload=\"none\" style=\"width: 100%;\" controls=\"controls\"><source type=\"audio\/mpeg\" src=\"https:\/\/www.dstenerife.eu\/wp-content\/uploads\/2020\/06\/Digitales-Sch\u00fcler-Eltern-Lehrer-Orchester-und-Chor-der-DST_Thank-You-for-the-Music.mp3?_=1\" \/><a href=\"https:\/\/www.dstenerife.eu\/wp-content\/uploads\/2020\/06\/Digitales-Sch\u00fcler-Eltern-Lehrer-Orchester-und-Chor-der-DST_Thank-You-for-the-Music.mp3\">https:\/\/www.dstenerife.eu\/wp-content\/uploads\/2020\/06\/Digitales-Sch\u00fcler-Eltern-Lehrer-Orchester-und-Chor-der-DST_Thank-You-for-the-Music.mp3<\/a><\/audio>\n<ul>\n<li>La orquesta virtual de las clases de instrumentos de vientos:<\/li>\n<\/ul>\n<p>Tras compartir\u00a0a trav\u00e9s de la plataforma NAS partituras y tutoriales, los alumnos que tienen un instrumento en casa han podido practicar y entregar grabaciones. Todo ello ha sido editado por la se\u00f1ora Roulston y el se\u00f1or Schmider en una DAW (digital audio workstation) con un fant\u00e1stico resultado.<\/p>\n<p>\u00abStand by me\u00bb<\/p>\n<audio class=\"wp-audio-shortcode\" id=\"audio-29532-2\" preload=\"none\" style=\"width: 100%;\" controls=\"controls\"><source type=\"audio\/mpeg\" src=\"https:\/\/www.dstenerife.eu\/wp-content\/uploads\/2020\/06\/Digitales-Bl\u00e4serklassenorchester-der-DST_Stand-By-Me.mp3?_=2\" \/><a href=\"https:\/\/www.dstenerife.eu\/wp-content\/uploads\/2020\/06\/Digitales-Bl\u00e4serklassenorchester-der-DST_Stand-By-Me.mp3\">https:\/\/www.dstenerife.eu\/wp-content\/uploads\/2020\/06\/Digitales-Bl\u00e4serklassenorchester-der-DST_Stand-By-Me.mp3<\/a><\/audio>\n<p>\u00abCups\u00bb (When I\u2019m Gone)<\/p>\n<audio class=\"wp-audio-shortcode\" id=\"audio-29532-3\" preload=\"none\" style=\"width: 100%;\" controls=\"controls\"><source type=\"audio\/mpeg\" src=\"https:\/\/www.dstenerife.eu\/wp-content\/uploads\/2020\/05\/Digitales-Bl\u00e4serklassenorchester-der-DST_Cups-When-Im-Gone.mp3?_=3\" \/><a href=\"https:\/\/www.dstenerife.eu\/wp-content\/uploads\/2020\/05\/Digitales-Bl\u00e4serklassenorchester-der-DST_Cups-When-Im-Gone.mp3\">https:\/\/www.dstenerife.eu\/wp-content\/uploads\/2020\/05\/Digitales-Bl\u00e4serklassenorchester-der-DST_Cups-When-Im-Gone.mp3<\/a><\/audio>\n<p>\u00abDer Mond ist\u00a0aufgegangen\u00bb<\/p>\n<audio class=\"wp-audio-shortcode\" id=\"audio-29532-4\" preload=\"none\" style=\"width: 100%;\" controls=\"controls\"><source type=\"audio\/mpeg\" src=\"https:\/\/www.dstenerife.eu\/wp-content\/uploads\/2020\/05\/Digitales-Bl\u00e4serklassenorchester-der-DST_Der-Mond-ist-aufgegangen.mp3?_=4\" \/><a href=\"https:\/\/www.dstenerife.eu\/wp-content\/uploads\/2020\/05\/Digitales-Bl\u00e4serklassenorchester-der-DST_Der-Mond-ist-aufgegangen.mp3\">https:\/\/www.dstenerife.eu\/wp-content\/uploads\/2020\/05\/Digitales-Bl\u00e4serklassenorchester-der-DST_Der-Mond-ist-aufgegangen.mp3<\/a><\/audio>\n<ul>\n<li>Mensajes de v\u00eddeo:<\/li>\n<\/ul>\n<p>Proyecto de verano de Primaria:<\/p>\n<p><iframe src=\"\/\/www.youtube.com\/embed\/H3iG-BPKSaU\" width=\"560\" height=\"314\" allowfullscreen=\"allowfullscreen\"><\/iframe><\/p>\n<p>Despedida clase 4 de Primaria:<\/p>\n<p><iframe src=\"\/\/www.youtube.com\/embed\/2HVlknbG9VA\" width=\"560\" height=\"314\" allowfullscreen=\"allowfullscreen\"><\/iframe><\/p>\n<p>De los profesores de Primaria a los alumnos:<\/p>\n<p><iframe src=\"\/\/www.youtube.com\/embed\/o-KPgVozsF0\" width=\"560\" height=\"314\" allowfullscreen=\"allowfullscreen\" data-mce-fragment=\"1\"><\/iframe><\/p>\n<p>De la clase G3B a sus profesoras:<\/p>\n<p><iframe src=\"\/\/www.youtube.com\/embed\/dUGBo7z1CRg\" width=\"560\" height=\"314\" allowfullscreen=\"allowfullscreen\" data-mce-fragment=\"1\"><\/iframe><\/p>\n<p>De los educadores de la guarder\u00eda Kikri y el Kindergarten a los m\u00e1s peque\u00f1os:<\/p>\n<p><iframe src=\"\/\/www.youtube.com\/embed\/dHO1ktmpBM8\" width=\"560\" height=\"314\" allowfullscreen=\"allowfullscreen\" data-mce-fragment=\"1\"><\/iframe><\/p>\n<p>&nbsp;<\/p>\n<p>&nbsp;<\/p>\n<p>&nbsp;<\/p>\n<p>&nbsp;<\/p>\n<p>&nbsp;<\/p>\n<p>&nbsp;<\/p>\n","protected":false},"excerpt":{"rendered":"<p>\u00a1La vida sigue en el Colegio Alem\u00e1n Santa Cruz de Tenerife! El seminario de m\u00fasica\u00a0presenta su [&hellip;]<\/p>\n","protected":false},"author":13,"featured_media":27064,"parent":42148,"menu_order":6,"comment_status":"closed","ping_status":"closed","template":"","meta":{"site-sidebar-layout":"default","site-content-layout":"default","ast-site-content-layout":"default","site-content-style":"default","site-sidebar-style":"default","ast-global-header-display":"","ast-banner-title-visibility":"","ast-main-header-display":"","ast-hfb-above-header-display":"","ast-hfb-below-header-display":"","ast-hfb-mobile-header-display":"","site-post-title":"","ast-breadcrumbs-content":"","ast-featured-img":"","footer-sml-layout":"","ast-disable-related-posts":"","theme-transparent-header-meta":"default","adv-header-id-meta":"","stick-header-meta":"default","header-above-stick-meta":"","header-main-stick-meta":"","header-below-stick-meta":"","astra-migrate-meta-layouts":"default","ast-page-background-enabled":"default","ast-page-background-meta":{"desktop":{"background-color":"","background-image":"","background-repeat":"repeat","background-position":"center center","background-size":"auto","background-attachment":"scroll","background-type":"","background-media":"","overlay-type":"","overlay-color":"","overlay-opacity":"","overlay-gradient":""},"tablet":{"background-color":"","background-image":"","background-repeat":"repeat","background-position":"center center","background-size":"auto","background-attachment":"scroll","background-type":"","background-media":"","overlay-type":"","overlay-color":"","overlay-opacity":"","overlay-gradient":""},"mobile":{"background-color":"","background-image":"","background-repeat":"repeat","background-position":"center center","background-size":"auto","background-attachment":"scroll","background-type":"","background-media":"","overlay-type":"","overlay-color":"","overlay-opacity":"","overlay-gradient":""}},"ast-content-background-meta":{"desktop":{"background-color":"var(--ast-global-color-5)","background-image":"","background-repeat":"repeat","background-position":"center center","background-size":"auto","background-attachment":"scroll","background-type":"","background-media":"","overlay-type":"","overlay-color":"","overlay-opacity":"","overlay-gradient":""},"tablet":{"background-color":"var(--ast-global-color-5)","background-image":"","background-repeat":"repeat","background-position":"center center","background-size":"auto","background-attachment":"scroll","background-type":"","background-media":"","overlay-type":"","overlay-color":"","overlay-opacity":"","overlay-gradient":""},"mobile":{"background-color":"var(--ast-global-color-5)","background-image":"","background-repeat":"repeat","background-position":"center center","background-size":"auto","background-attachment":"scroll","background-type":"","background-media":"","overlay-type":"","overlay-color":"","overlay-opacity":"","overlay-gradient":""}},"_jet_sm_ready_style":"","_jet_sm_style":"","_jet_sm_controls_values":"","_jet_sm_fonts_collection":"","_jet_sm_fonts_links":"","footnotes":""},"schlagwortedst":[],"wf_page_folders":[],"class_list":["post-29532","page","type-page","status-publish","has-post-thumbnail","hentry"],"_links":{"self":[{"href":"https:\/\/www.dstenerife.eu\/es\/wp-json\/wp\/v2\/pages\/29532","targetHints":{"allow":["GET"]}}],"collection":[{"href":"https:\/\/www.dstenerife.eu\/es\/wp-json\/wp\/v2\/pages"}],"about":[{"href":"https:\/\/www.dstenerife.eu\/es\/wp-json\/wp\/v2\/types\/page"}],"author":[{"embeddable":true,"href":"https:\/\/www.dstenerife.eu\/es\/wp-json\/wp\/v2\/users\/13"}],"replies":[{"embeddable":true,"href":"https:\/\/www.dstenerife.eu\/es\/wp-json\/wp\/v2\/comments?post=29532"}],"version-history":[{"count":0,"href":"https:\/\/www.dstenerife.eu\/es\/wp-json\/wp\/v2\/pages\/29532\/revisions"}],"up":[{"embeddable":true,"href":"https:\/\/www.dstenerife.eu\/es\/wp-json\/wp\/v2\/pages\/42148"}],"wp:featuredmedia":[{"embeddable":true,"href":"https:\/\/www.dstenerife.eu\/es\/wp-json\/wp\/v2\/media\/27064"}],"wp:attachment":[{"href":"https:\/\/www.dstenerife.eu\/es\/wp-json\/wp\/v2\/media?parent=29532"}],"wp:term":[{"taxonomy":"schlagwortedst","embeddable":true,"href":"https:\/\/www.dstenerife.eu\/es\/wp-json\/wp\/v2\/schlagwortedst?post=29532"},{"taxonomy":"wf_page_folders","embeddable":true,"href":"https:\/\/www.dstenerife.eu\/es\/wp-json\/wp\/v2\/wf_page_folders?post=29532"}],"curies":[{"name":"wp","href":"https:\/\/api.w.org\/{rel}","templated":true}]}}