{"id":29626,"date":"2020-06-02T12:48:44","date_gmt":"2020-06-02T12:48:44","guid":{"rendered":"https:\/\/kopie.dst.deutsche-schule.eu\/?page_id=29626"},"modified":"2021-03-07T05:48:01","modified_gmt":"2021-03-07T05:48:01","slug":"pasos-2020","status":"publish","type":"page","link":"https:\/\/www.dstenerife.eu\/es\/pasos-2020\/","title":{"rendered":"Pasos 2020"},"content":{"rendered":"<p>Estimados padres:<br \/>\nEn esta p\u00e1gina encontrar\u00e1n todas las informaciones importantes sobre el paso a primaria as\u00ed como a secundaria (curso 2020\/2021).<br \/>\n<strong>Transici\u00f3n del Kindergarten (K3+) a Primaria (clases G1):<\/strong><\/p>\n<p><a href=\"https:\/\/prezi.com\/v\/ujqy37l4ovji\/\" target=\"_blank\" rel=\"noopener noreferrer\">Saludo del director de Primaria (Sr. Paul)<\/a><\/p>\n<p><a href=\"https:\/\/prezi.com\/view\/w0dcQddIK75yr1kGToI0\/\" target=\"_blank\" rel=\"noopener noreferrer\">Presentaci\u00f3n<\/a><\/p>\n<p><a href=\"https:\/\/www.dstenerife.eu\/wp-content\/uploads\/2020\/06\/Einschulungsbrief_KL.pdf\" target=\"_blank\" rel=\"noopener noreferrer\">\u00a0Saludo de las tutoras<\/a><\/p>\n<p><a href=\"https:\/\/www.dstenerife.eu\/wp-content\/uploads\/2020\/06\/BriefGS-1.pdf\" target=\"_blank\" rel=\"noopener noreferrer\">Tarea para las vacaiones de verano\u00a0I<\/a><\/p>\n<p><a href=\"https:\/\/www.dstenerife.eu\/wp-content\/uploads\/2020\/06\/Cuadernillo-de-repaso-K3-2020.pdf\" target=\"_blank\" rel=\"noopener noreferrer\">Tarea para las vacaiones de verano II<\/a><\/p>\n<p><a href=\"https:\/\/www.dstenerife.eu\/wp-content\/uploads\/2020\/06\/Wahl-Religion-Ethik.pdf\" target=\"_blank\" rel=\"noopener noreferrer\">Elecci\u00f3n Religi\u00f3n\/\u00c9tica<\/a><\/p>\n<p><a href=\"https:\/\/www.dstenerife.eu\/wp-content\/uploads\/2020\/06\/Materialliste_2020.pdf\" target=\"_blank\" rel=\"noopener noreferrer\">Lista de material 2020<\/a><\/p>\n<p>&nbsp;<\/p>\n<p><strong>Transici\u00f3n de Primaria (clases G4) a Secundaria (clases 5):<\/strong><\/p>\n<p><a href=\"https:\/\/prezi.com\/view\/c3mxCTqLDrCYmfUkOfSD\/\" target=\"_blank\" rel=\"noopener noreferrer\">Presentaci\u00f3n<\/a><\/p>\n","protected":false},"excerpt":{"rendered":"<p>Estimados padres: En esta p\u00e1gina encontrar\u00e1n todas las informaciones importantes sobre el paso a primaria as\u00ed [&hellip;]<\/p>\n","protected":false},"author":10,"featured_media":0,"parent":0,"menu_order":4,"comment_status":"closed","ping_status":"closed","template":"","meta":{"site-sidebar-layout":"default","site-content-layout":"","ast-site-content-layout":"default","site-content-style":"default","site-sidebar-style":"default","ast-global-header-display":"","ast-banner-title-visibility":"","ast-main-header-display":"","ast-hfb-above-header-display":"","ast-hfb-below-header-display":"","ast-hfb-mobile-header-display":"","site-post-title":"","ast-breadcrumbs-content":"","ast-featured-img":"","footer-sml-layout":"","ast-disable-related-posts":"","theme-transparent-header-meta":"","adv-header-id-meta":"","stick-header-meta":"","header-above-stick-meta":"","header-main-stick-meta":"","header-below-stick-meta":"","astra-migrate-meta-layouts":"default","ast-page-background-enabled":"default","ast-page-background-meta":{"desktop":{"background-color":"","background-image":"","background-repeat":"repeat","background-position":"center center","background-size":"auto","background-attachment":"scroll","background-type":"","background-media":"","overlay-type":"","overlay-color":"","overlay-opacity":"","overlay-gradient":""},"tablet":{"background-color":"","background-image":"","background-repeat":"repeat","background-position":"center center","background-size":"auto","background-attachment":"scroll","background-type":"","background-media":"","overlay-type":"","overlay-color":"","overlay-opacity":"","overlay-gradient":""},"mobile":{"background-color":"","background-image":"","background-repeat":"repeat","background-position":"center center","background-size":"auto","background-attachment":"scroll","background-type":"","background-media":"","overlay-type":"","overlay-color":"","overlay-opacity":"","overlay-gradient":""}},"ast-content-background-meta":{"desktop":{"background-color":"var(--ast-global-color-5)","background-image":"","background-repeat":"repeat","background-position":"center center","background-size":"auto","background-attachment":"scroll","background-type":"","background-media":"","overlay-type":"","overlay-color":"","overlay-opacity":"","overlay-gradient":""},"tablet":{"background-color":"var(--ast-global-color-5)","background-image":"","background-repeat":"repeat","background-position":"center center","background-size":"auto","background-attachment":"scroll","background-type":"","background-media":"","overlay-type":"","overlay-color":"","overlay-opacity":"","overlay-gradient":""},"mobile":{"background-color":"var(--ast-global-color-5)","background-image":"","background-repeat":"repeat","background-position":"center center","background-size":"auto","background-attachment":"scroll","background-type":"","background-media":"","overlay-type":"","overlay-color":"","overlay-opacity":"","overlay-gradient":""}},"_jet_sm_ready_style":"","_jet_sm_style":"","_jet_sm_controls_values":"","_jet_sm_fonts_collection":"","_jet_sm_fonts_links":"","footnotes":""},"schlagwortedst":[],"wf_page_folders":[],"class_list":["post-29626","page","type-page","status-publish","hentry"],"_links":{"self":[{"href":"https:\/\/www.dstenerife.eu\/es\/wp-json\/wp\/v2\/pages\/29626","targetHints":{"allow":["GET"]}}],"collection":[{"href":"https:\/\/www.dstenerife.eu\/es\/wp-json\/wp\/v2\/pages"}],"about":[{"href":"https:\/\/www.dstenerife.eu\/es\/wp-json\/wp\/v2\/types\/page"}],"author":[{"embeddable":true,"href":"https:\/\/www.dstenerife.eu\/es\/wp-json\/wp\/v2\/users\/10"}],"replies":[{"embeddable":true,"href":"https:\/\/www.dstenerife.eu\/es\/wp-json\/wp\/v2\/comments?post=29626"}],"version-history":[{"count":0,"href":"https:\/\/www.dstenerife.eu\/es\/wp-json\/wp\/v2\/pages\/29626\/revisions"}],"wp:attachment":[{"href":"https:\/\/www.dstenerife.eu\/es\/wp-json\/wp\/v2\/media?parent=29626"}],"wp:term":[{"taxonomy":"schlagwortedst","embeddable":true,"href":"https:\/\/www.dstenerife.eu\/es\/wp-json\/wp\/v2\/schlagwortedst?post=29626"},{"taxonomy":"wf_page_folders","embeddable":true,"href":"https:\/\/www.dstenerife.eu\/es\/wp-json\/wp\/v2\/wf_page_folders?post=29626"}],"curies":[{"name":"wp","href":"https:\/\/api.w.org\/{rel}","templated":true}]}}