{"id":3072,"date":"2015-11-14T10:47:32","date_gmt":"2015-11-14T10:47:32","guid":{"rendered":"https:\/\/kopie.dst.deutsche-schule.eu\/es\/?page_id=3072"},"modified":"2015-11-14T13:09:15","modified_gmt":"2015-11-14T13:09:15","slug":"informacion-intercambio-clase-9","status":"publish","type":"page","link":"https:\/\/www.dstenerife.eu\/es\/colegio\/planes-y-conceptos-escolares\/intercambios-y-viajes\/informacion-intercambio-clase-9\/","title":{"rendered":"Informaci\u00f3n del Intercambio de las clases 9"},"content":{"rendered":"<p><span style=\"font-size: large; color: #000000;\">Aqui se encuentra la informaci\u00f3n del Intercambio de las clases 9 tal y como se inform\u00f3 en la reuni\u00f3n de los padres el 10 de noviembre 2015.<\/span><\/p>\n<p><a href=\"https:\/\/www.dstenerife.eu\/wp-content\/uploads\/2015\/11\/Klassenfahrten-Schule-Partnerschulen_1.Elternabend_2015_2016.pdf\" target=\"_blank\">Presentaci\u00f3n de PowerPoint de la reuni\u00f3n de padres 10.11.2015<\/a><\/p>\n<p><a href=\"https:\/\/www.dstenerife.eu\/wp-content\/uploads\/2015\/11\/Anmeldung-f\u00fcr-den-Sch\u00fcleraustausch.pdf\" target=\"_blank\">Inscripci\u00f3n al intercambio dt.<\/a><a href=\"https:\/\/www.dstenerife.eu\/wp-content\/uploads\/2015\/11\/Anmeldung-f\u00fcr-den-Sch\u00fcleraustausch_span.pdf\" target=\"_blank\"> \u00a0\u00a0\u00a0\u00a0\u00a0\u00a0\u00a0\u00a0\u00a0 <\/a><\/p>\n<p><a href=\"https:\/\/www.dstenerife.eu\/wp-content\/uploads\/2015\/11\/Anmeldung-f\u00fcr-den-Sch\u00fcleraustausch_span.pdf\" target=\"_blank\">Inscripci\u00f3n al intercambio es.<\/a><\/p>\n<p><a href=\"https:\/\/www.dstenerife.eu\/wp-content\/uploads\/2015\/11\/Notfalldatenblatt-und-Einverst\u00e4ndniserkl\u00e4rungen_27.10.14_deut-1.pdf\" target=\"_blank\">Datos emergencia y declaraci\u00f3n de conformidad dt.<\/a><\/p>\n<p><a href=\"https:\/\/www.dstenerife.eu\/wp-content\/uploads\/2015\/11\/Notfalldatenblatt-und-Einverst\u00e4ndniserkl\u00e4rungen_sp_27-10-14-1.pdf\" target=\"_blank\">Datos emergencia y declaraci\u00f3n de conformidad es.<\/a><\/p>\n","protected":false},"excerpt":{"rendered":"<p>Aqui se encuentra la informaci\u00f3n del Intercambio de las clases 9 tal y como se inform\u00f3 [&hellip;]<\/p>\n","protected":false},"author":10,"featured_media":0,"parent":1546,"menu_order":0,"comment_status":"closed","ping_status":"closed","template":"","meta":{"site-sidebar-layout":"default","site-content-layout":"","ast-site-content-layout":"default","site-content-style":"default","site-sidebar-style":"default","ast-global-header-display":"","ast-banner-title-visibility":"","ast-main-header-display":"","ast-hfb-above-header-display":"","ast-hfb-below-header-display":"","ast-hfb-mobile-header-display":"","site-post-title":"","ast-breadcrumbs-content":"","ast-featured-img":"","footer-sml-layout":"","ast-disable-related-posts":"","theme-transparent-header-meta":"","adv-header-id-meta":"","stick-header-meta":"","header-above-stick-meta":"","header-main-stick-meta":"","header-below-stick-meta":"","astra-migrate-meta-layouts":"default","ast-page-background-enabled":"default","ast-page-background-meta":{"desktop":{"background-color":"","background-image":"","background-repeat":"repeat","background-position":"center center","background-size":"auto","background-attachment":"scroll","background-type":"","background-media":"","overlay-type":"","overlay-color":"","overlay-opacity":"","overlay-gradient":""},"tablet":{"background-color":"","background-image":"","background-repeat":"repeat","background-position":"center center","background-size":"auto","background-attachment":"scroll","background-type":"","background-media":"","overlay-type":"","overlay-color":"","overlay-opacity":"","overlay-gradient":""},"mobile":{"background-color":"","background-image":"","background-repeat":"repeat","background-position":"center center","background-size":"auto","background-attachment":"scroll","background-type":"","background-media":"","overlay-type":"","overlay-color":"","overlay-opacity":"","overlay-gradient":""}},"ast-content-background-meta":{"desktop":{"background-color":"var(--ast-global-color-5)","background-image":"","background-repeat":"repeat","background-position":"center center","background-size":"auto","background-attachment":"scroll","background-type":"","background-media":"","overlay-type":"","overlay-color":"","overlay-opacity":"","overlay-gradient":""},"tablet":{"background-color":"var(--ast-global-color-5)","background-image":"","background-repeat":"repeat","background-position":"center center","background-size":"auto","background-attachment":"scroll","background-type":"","background-media":"","overlay-type":"","overlay-color":"","overlay-opacity":"","overlay-gradient":""},"mobile":{"background-color":"var(--ast-global-color-5)","background-image":"","background-repeat":"repeat","background-position":"center center","background-size":"auto","background-attachment":"scroll","background-type":"","background-media":"","overlay-type":"","overlay-color":"","overlay-opacity":"","overlay-gradient":""}},"_jet_sm_ready_style":"","_jet_sm_style":"","_jet_sm_controls_values":"","_jet_sm_fonts_collection":"","_jet_sm_fonts_links":"","footnotes":""},"schlagwortedst":[],"wf_page_folders":[],"class_list":["post-3072","page","type-page","status-publish","hentry"],"_links":{"self":[{"href":"https:\/\/www.dstenerife.eu\/es\/wp-json\/wp\/v2\/pages\/3072","targetHints":{"allow":["GET"]}}],"collection":[{"href":"https:\/\/www.dstenerife.eu\/es\/wp-json\/wp\/v2\/pages"}],"about":[{"href":"https:\/\/www.dstenerife.eu\/es\/wp-json\/wp\/v2\/types\/page"}],"author":[{"embeddable":true,"href":"https:\/\/www.dstenerife.eu\/es\/wp-json\/wp\/v2\/users\/10"}],"replies":[{"embeddable":true,"href":"https:\/\/www.dstenerife.eu\/es\/wp-json\/wp\/v2\/comments?post=3072"}],"version-history":[{"count":0,"href":"https:\/\/www.dstenerife.eu\/es\/wp-json\/wp\/v2\/pages\/3072\/revisions"}],"up":[{"embeddable":true,"href":"https:\/\/www.dstenerife.eu\/es\/wp-json\/wp\/v2\/pages\/1546"}],"wp:attachment":[{"href":"https:\/\/www.dstenerife.eu\/es\/wp-json\/wp\/v2\/media?parent=3072"}],"wp:term":[{"taxonomy":"schlagwortedst","embeddable":true,"href":"https:\/\/www.dstenerife.eu\/es\/wp-json\/wp\/v2\/schlagwortedst?post=3072"},{"taxonomy":"wf_page_folders","embeddable":true,"href":"https:\/\/www.dstenerife.eu\/es\/wp-json\/wp\/v2\/wf_page_folders?post=3072"}],"curies":[{"name":"wp","href":"https:\/\/api.w.org\/{rel}","templated":true}]}}