{"id":3290,"date":"2015-11-28T19:05:21","date_gmt":"2015-11-28T19:05:21","guid":{"rendered":"https:\/\/kopie.dst.deutsche-schule.eu\/es\/?page_id=3290"},"modified":"2024-06-14T12:18:27","modified_gmt":"2024-06-14T11:18:27","slug":"clases-de-instrumentos-de-viento","status":"publish","type":"page","link":"https:\/\/www.dstenerife.eu\/es\/colegio\/planes-y-conceptos-escolares\/clases-de-instrumentos-de-viento\/","title":{"rendered":"Clases de instrumentos de viento"},"content":{"rendered":"<p>La m\u00fasica es un componente esencial para el desarrollo de la personalidad de los j\u00f3venes y, por lo tanto, cumple una importante misi\u00f3n social. En las clases 5 y 6, los ni\u00f1os del Colegio Alem\u00e1n Santa Cruz de Tenerife aprenden a tocar un instrumento musical en las clases regulares de m\u00fasica. Dado que todos los ni\u00f1os de la clase aprenden a tocar un instrumento de viento, llamamos a estas clases \u00abclases de viento\u00bb.<\/p>\n<p>Las clases de viento son impartidas por al menos dos docentes durante dos horas a la semana. Todos los ni\u00f1os deben tener la oportunidad de tocar un buen instrumento musical y aprender a amar la m\u00fasica como una forma de vida. Para ello, la escuela proporciona a los ni\u00f1os un instrumento por una tarifa mensual de alquiler. No se requieren conocimientos previos del instrumento. Se trabaja con la metodolog\u00eda de aprendizaje \u00abEssential Elements\u00bb (Yamaha).<\/p>\n<p>Los ni\u00f1os tienen la oportunidad de aprender a tocar uno de los instrumentos de viento: flauta, saxof\u00f3n, clarinete, trompeta o tromb\u00f3n. En casos de especial inter\u00e9s y con experiencia previa, tambi\u00e9n es posible aprender a tocar la trompa o el eufonio. Estas decisiones individuales se toman en consulta con los profesores de m\u00fasica.<\/p>\n<p>Durante las primeras semanas del a\u00f1o escolar, los ni\u00f1os tienen tiempo para familiarizarse con los instrumentos antes de elegir su instrumento deseado y probar todos los instrumentos. Despu\u00e9s de un \u00abD\u00eda de los instrumentos de vientos\u00bb, en el que se muestran nuevamente los instrumentos disponibles en varias estaciones, los alumnos eligen sus tres instrumentos deseados. Los instrumentos se distribuyen de manera que la clase est\u00e9 lo mejor equilibrada posible en todas las voces.<\/p>\n<p>En las clases de viento, se ensayan piezas musicales, se organizan en peque\u00f1os programas de conciertos y, tan pronto como sea posible, se presentan al p\u00fablico dentro de la escuela. Al final de cada semestre, se celebra un gran concierto escolar en el que participan todos los conjuntos musicales y las clases de viento tambi\u00e9n tienen su presentaci\u00f3n.<\/p>\n<p>En el curso 7, los ni\u00f1os deben continuar tocando su instrumento de viento, pero en las clases se enfocar\u00e1n m\u00e1s en otros instrumentos de banda, como la bater\u00eda, la guitarra, el bajo, el teclado y el canto. El objetivo es que se formen peque\u00f1as bandas y que una clase pueda presentar una canci\u00f3n propia en uno de los conciertos.<\/p>\n<p>Adem\u00e1s, los alumnos tienen la oportunidad de participar en las bandas escolares Bandita y Banda, de asistir al coro o de participar como solistas o en peque\u00f1os conjuntos en el marco del concurso Jugend musiziert.<\/p>\n<p>Las profesoras de m\u00fasica est\u00e1n disponibles para cualquier consulta.<\/p>\n<p><a href=\"https:\/\/www.dstenerife.eu\/wp-content\/uploads\/2024\/06\/Praesentation_Vorstellung-Blaeserklasse-an-der-DST_2024_2.pdf\" target=\"_blank\" rel=\"noopener\">Presentaci\u00f3n de las clases de instrumentos de viento<\/a><\/p>\n","protected":false},"excerpt":{"rendered":"<p>La m\u00fasica es un componente esencial para el desarrollo de la personalidad de los j\u00f3venes y, [&hellip;]<\/p>\n","protected":false},"author":10,"featured_media":0,"parent":42148,"menu_order":1,"comment_status":"closed","ping_status":"closed","template":"","meta":{"site-sidebar-layout":"default","site-content-layout":"default","ast-site-content-layout":"default","site-content-style":"default","site-sidebar-style":"default","ast-global-header-display":"","ast-banner-title-visibility":"","ast-main-header-display":"","ast-hfb-above-header-display":"","ast-hfb-below-header-display":"","ast-hfb-mobile-header-display":"","site-post-title":"","ast-breadcrumbs-content":"","ast-featured-img":"","footer-sml-layout":"","ast-disable-related-posts":"","theme-transparent-header-meta":"default","adv-header-id-meta":"","stick-header-meta":"default","header-above-stick-meta":"","header-main-stick-meta":"","header-below-stick-meta":"","astra-migrate-meta-layouts":"set","ast-page-background-enabled":"default","ast-page-background-meta":{"desktop":{"background-color":"","background-image":"","background-repeat":"repeat","background-position":"center center","background-size":"auto","background-attachment":"scroll","background-type":"","background-media":"","overlay-type":"","overlay-color":"","overlay-opacity":"","overlay-gradient":""},"tablet":{"background-color":"","background-image":"","background-repeat":"repeat","background-position":"center center","background-size":"auto","background-attachment":"scroll","background-type":"","background-media":"","overlay-type":"","overlay-color":"","overlay-opacity":"","overlay-gradient":""},"mobile":{"background-color":"","background-image":"","background-repeat":"repeat","background-position":"center center","background-size":"auto","background-attachment":"scroll","background-type":"","background-media":"","overlay-type":"","overlay-color":"","overlay-opacity":"","overlay-gradient":""}},"ast-content-background-meta":{"desktop":{"background-color":"var(--ast-global-color-5)","background-image":"","background-repeat":"repeat","background-position":"center center","background-size":"auto","background-attachment":"scroll","background-type":"","background-media":"","overlay-type":"","overlay-color":"","overlay-opacity":"","overlay-gradient":""},"tablet":{"background-color":"var(--ast-global-color-5)","background-image":"","background-repeat":"repeat","background-position":"center center","background-size":"auto","background-attachment":"scroll","background-type":"","background-media":"","overlay-type":"","overlay-color":"","overlay-opacity":"","overlay-gradient":""},"mobile":{"background-color":"var(--ast-global-color-5)","background-image":"","background-repeat":"repeat","background-position":"center center","background-size":"auto","background-attachment":"scroll","background-type":"","background-media":"","overlay-type":"","overlay-color":"","overlay-opacity":"","overlay-gradient":""}},"_jet_sm_ready_style":"","_jet_sm_style":"","_jet_sm_controls_values":"","_jet_sm_fonts_collection":"","_jet_sm_fonts_links":"","footnotes":""},"schlagwortedst":[153],"wf_page_folders":[183,203,208],"class_list":["post-3290","page","type-page","status-publish","hentry","schlagwortedst-sideschule"],"_links":{"self":[{"href":"https:\/\/www.dstenerife.eu\/es\/wp-json\/wp\/v2\/pages\/3290","targetHints":{"allow":["GET"]}}],"collection":[{"href":"https:\/\/www.dstenerife.eu\/es\/wp-json\/wp\/v2\/pages"}],"about":[{"href":"https:\/\/www.dstenerife.eu\/es\/wp-json\/wp\/v2\/types\/page"}],"author":[{"embeddable":true,"href":"https:\/\/www.dstenerife.eu\/es\/wp-json\/wp\/v2\/users\/10"}],"replies":[{"embeddable":true,"href":"https:\/\/www.dstenerife.eu\/es\/wp-json\/wp\/v2\/comments?post=3290"}],"version-history":[{"count":1,"href":"https:\/\/www.dstenerife.eu\/es\/wp-json\/wp\/v2\/pages\/3290\/revisions"}],"predecessor-version":[{"id":72173,"href":"https:\/\/www.dstenerife.eu\/es\/wp-json\/wp\/v2\/pages\/3290\/revisions\/72173"}],"up":[{"embeddable":true,"href":"https:\/\/www.dstenerife.eu\/es\/wp-json\/wp\/v2\/pages\/42148"}],"wp:attachment":[{"href":"https:\/\/www.dstenerife.eu\/es\/wp-json\/wp\/v2\/media?parent=3290"}],"wp:term":[{"taxonomy":"schlagwortedst","embeddable":true,"href":"https:\/\/www.dstenerife.eu\/es\/wp-json\/wp\/v2\/schlagwortedst?post=3290"},{"taxonomy":"wf_page_folders","embeddable":true,"href":"https:\/\/www.dstenerife.eu\/es\/wp-json\/wp\/v2\/wf_page_folders?post=3290"}],"curies":[{"name":"wp","href":"https:\/\/api.w.org\/{rel}","templated":true}]}}