{"id":3341,"date":"2015-12-01T16:26:57","date_gmt":"2015-12-01T16:26:57","guid":{"rendered":"https:\/\/kopie.dst.deutsche-schule.eu\/es\/?page_id=3341"},"modified":"2016-01-12T22:42:38","modified_gmt":"2016-01-12T22:42:38","slug":"libro-del-mes","status":"publish","type":"page","link":"https:\/\/www.dstenerife.eu\/es\/servicios\/instituciones\/biblioteca\/libro-del-mes\/","title":{"rendered":"Libro del mes"},"content":{"rendered":"<p><em><strong>Diciembre 2015<img decoding=\"async\" class=\"alignnone wp-image-3508 alignright\" src=\"https:\/\/e969z83yjsq.exactdn.com\/wp-content\/uploads\/2015\/12\/hexelilli.jpg?strip=all\" alt=\"hexelilli\" width=\"151\" height=\"200\" srcset=\"https:\/\/e969z83yjsq.exactdn.com\/wp-content\/uploads\/2015\/12\/hexelilli.jpg?strip=all 113w, https:\/\/e969z83yjsq.exactdn.com\/wp-content\/uploads\/2015\/12\/hexelilli.jpg?strip=all&amp;zoom=0.4&amp;resize=151%2C200 60w\" sizes=\"(max-width: 151px) 100vw, 151px\" \/><\/strong><\/em><\/p>\n<p>\u00a1La Navidad est\u00e1 a punto de llegar! Pero cuando Kika Superbruja comprueba que por todas partes reina cualquier cosa menos el esp\u00edritu navide\u00f1o, se lleva una buena decepci\u00f3n \u00a1La gente solo piensa en comprar \u00bfC\u00f3mo es posible? Menos mal que Kika tiene un plan: \u00a1un verdadero hechizo de la Navidad!<\/p>\n","protected":false},"excerpt":{"rendered":"<p>Diciembre 2015 \u00a1La Navidad est\u00e1 a punto de llegar! Pero cuando Kika Superbruja comprueba que por [&hellip;]<\/p>\n","protected":false},"author":10,"featured_media":0,"parent":2132,"menu_order":0,"comment_status":"closed","ping_status":"closed","template":"","meta":{"site-sidebar-layout":"default","site-content-layout":"","ast-site-content-layout":"default","site-content-style":"default","site-sidebar-style":"default","ast-global-header-display":"","ast-banner-title-visibility":"","ast-main-header-display":"","ast-hfb-above-header-display":"","ast-hfb-below-header-display":"","ast-hfb-mobile-header-display":"","site-post-title":"","ast-breadcrumbs-content":"","ast-featured-img":"","footer-sml-layout":"","ast-disable-related-posts":"","theme-transparent-header-meta":"","adv-header-id-meta":"","stick-header-meta":"","header-above-stick-meta":"","header-main-stick-meta":"","header-below-stick-meta":"","astra-migrate-meta-layouts":"default","ast-page-background-enabled":"default","ast-page-background-meta":{"desktop":{"background-color":"","background-image":"","background-repeat":"repeat","background-position":"center center","background-size":"auto","background-attachment":"scroll","background-type":"","background-media":"","overlay-type":"","overlay-color":"","overlay-opacity":"","overlay-gradient":""},"tablet":{"background-color":"","background-image":"","background-repeat":"repeat","background-position":"center center","background-size":"auto","background-attachment":"scroll","background-type":"","background-media":"","overlay-type":"","overlay-color":"","overlay-opacity":"","overlay-gradient":""},"mobile":{"background-color":"","background-image":"","background-repeat":"repeat","background-position":"center center","background-size":"auto","background-attachment":"scroll","background-type":"","background-media":"","overlay-type":"","overlay-color":"","overlay-opacity":"","overlay-gradient":""}},"ast-content-background-meta":{"desktop":{"background-color":"var(--ast-global-color-5)","background-image":"","background-repeat":"repeat","background-position":"center center","background-size":"auto","background-attachment":"scroll","background-type":"","background-media":"","overlay-type":"","overlay-color":"","overlay-opacity":"","overlay-gradient":""},"tablet":{"background-color":"var(--ast-global-color-5)","background-image":"","background-repeat":"repeat","background-position":"center center","background-size":"auto","background-attachment":"scroll","background-type":"","background-media":"","overlay-type":"","overlay-color":"","overlay-opacity":"","overlay-gradient":""},"mobile":{"background-color":"var(--ast-global-color-5)","background-image":"","background-repeat":"repeat","background-position":"center center","background-size":"auto","background-attachment":"scroll","background-type":"","background-media":"","overlay-type":"","overlay-color":"","overlay-opacity":"","overlay-gradient":""}},"_jet_sm_ready_style":"","_jet_sm_style":"","_jet_sm_controls_values":"","_jet_sm_fonts_collection":"","_jet_sm_fonts_links":"","footnotes":""},"schlagwortedst":[],"wf_page_folders":[],"class_list":["post-3341","page","type-page","status-publish","hentry"],"_links":{"self":[{"href":"https:\/\/www.dstenerife.eu\/es\/wp-json\/wp\/v2\/pages\/3341","targetHints":{"allow":["GET"]}}],"collection":[{"href":"https:\/\/www.dstenerife.eu\/es\/wp-json\/wp\/v2\/pages"}],"about":[{"href":"https:\/\/www.dstenerife.eu\/es\/wp-json\/wp\/v2\/types\/page"}],"author":[{"embeddable":true,"href":"https:\/\/www.dstenerife.eu\/es\/wp-json\/wp\/v2\/users\/10"}],"replies":[{"embeddable":true,"href":"https:\/\/www.dstenerife.eu\/es\/wp-json\/wp\/v2\/comments?post=3341"}],"version-history":[{"count":0,"href":"https:\/\/www.dstenerife.eu\/es\/wp-json\/wp\/v2\/pages\/3341\/revisions"}],"up":[{"embeddable":true,"href":"https:\/\/www.dstenerife.eu\/es\/wp-json\/wp\/v2\/pages\/2132"}],"wp:attachment":[{"href":"https:\/\/www.dstenerife.eu\/es\/wp-json\/wp\/v2\/media?parent=3341"}],"wp:term":[{"taxonomy":"schlagwortedst","embeddable":true,"href":"https:\/\/www.dstenerife.eu\/es\/wp-json\/wp\/v2\/schlagwortedst?post=3341"},{"taxonomy":"wf_page_folders","embeddable":true,"href":"https:\/\/www.dstenerife.eu\/es\/wp-json\/wp\/v2\/wf_page_folders?post=3341"}],"curies":[{"name":"wp","href":"https:\/\/api.w.org\/{rel}","templated":true}]}}