{"id":3344,"date":"2015-12-01T16:29:53","date_gmt":"2015-12-01T16:29:53","guid":{"rendered":"https:\/\/kopie.dst.deutsche-schule.eu\/es\/?page_id=3344"},"modified":"2016-01-12T22:37:34","modified_gmt":"2016-01-12T22:37:34","slug":"nuevas-adquisiciones","status":"publish","type":"page","link":"https:\/\/www.dstenerife.eu\/es\/servicios\/instituciones\/biblioteca\/nuevas-adquisiciones\/","title":{"rendered":"Nuevas adquisiciones"},"content":{"rendered":"<p><strong><em>Happyface<img decoding=\"async\" class=\"wp-image-3496 alignright\" src=\"https:\/\/e969z83yjsq.exactdn.com\/wp-content\/uploads\/2015\/12\/happyface.jpg?strip=all\" alt=\"happyface\" width=\"106\" height=\"160\" srcset=\"https:\/\/e969z83yjsq.exactdn.com\/wp-content\/uploads\/2015\/12\/happyface.jpg?strip=all 290w, https:\/\/e969z83yjsq.exactdn.com\/wp-content\/uploads\/2015\/12\/happyface.jpg?strip=all&amp;w=58 58w, https:\/\/e969z83yjsq.exactdn.com\/wp-content\/uploads\/2015\/12\/happyface.jpg?strip=all&amp;w=116 116w, https:\/\/e969z83yjsq.exactdn.com\/wp-content\/uploads\/2015\/12\/happyface.jpg?strip=all&amp;w=174 174w, https:\/\/e969z83yjsq.exactdn.com\/wp-content\/uploads\/2015\/12\/happyface.jpg?strip=all&amp;w=232 232w\" sizes=\"(max-width: 106px) 100vw, 106px\" \/><\/em><\/strong><\/p>\n<p>Como uno sonr\u00ede uno a la vida\u2026Al principio todo iba mal. Entonces \u00e9l se mud\u00f3, empez\u00f3 a sonre\u00edr y de repente, el mundo parece otro. \u00c9l tiene muchos amigos, las chicas est\u00e1n detr\u00e1s de \u00e9l y sin \u00e9l no hay fiesta. \u00bfPor qu\u00e9? Porque es guay, siempre est\u00e1 de buen humor y porque es HAPPYFACE.<\/p>\n<p><img decoding=\"async\" class=\"alignnone wp-image-3498 alignright\" src=\"https:\/\/e969z83yjsq.exactdn.com\/wp-content\/uploads\/2015\/12\/achtungwirkochen.jpg?strip=all\" alt=\"achtungwirkochen\" width=\"103\" height=\"152\" srcset=\"https:\/\/e969z83yjsq.exactdn.com\/wp-content\/uploads\/2015\/12\/achtungwirkochen.jpg?strip=all 180w, https:\/\/e969z83yjsq.exactdn.com\/wp-content\/uploads\/2015\/12\/achtungwirkochen.jpg?strip=all&amp;w=72 72w\" sizes=\"(max-width: 103px) 100vw, 103px\" \/><\/p>\n<p>&nbsp;<\/p>\n<p><strong><em>Achtung, wir kochen! <\/em><\/strong><\/p>\n<p>Pap\u00e1 cocina crema de verduras. Pero siempre sabe soso, seg\u00fan Lea. Contra ello tienen que hacer urgentemente algo ella y su hermana\u2026<\/p>\n<p>&nbsp;<\/p>\n<p><strong><em>Abenteuer auf den Mond<img decoding=\"async\" class=\"alignnone wp-image-3499 alignright\" src=\"https:\/\/e969z83yjsq.exactdn.com\/wp-content\/uploads\/2015\/12\/abenteueraufdemmond.jpg?strip=all\" alt=\"abenteueraufdemmond\" width=\"102\" height=\"159\" srcset=\"https:\/\/e969z83yjsq.exactdn.com\/wp-content\/uploads\/2015\/12\/abenteueraufdemmond.jpg?strip=all 268w, https:\/\/e969z83yjsq.exactdn.com\/wp-content\/uploads\/2015\/12\/abenteueraufdemmond.jpg?strip=all&amp;w=53 53w, https:\/\/e969z83yjsq.exactdn.com\/wp-content\/uploads\/2015\/12\/abenteueraufdemmond.jpg?strip=all&amp;w=107 107w, https:\/\/e969z83yjsq.exactdn.com\/wp-content\/uploads\/2015\/12\/abenteueraufdemmond.jpg?strip=all&amp;w=160 160w, https:\/\/e969z83yjsq.exactdn.com\/wp-content\/uploads\/2015\/12\/abenteueraufdemmond.jpg?strip=all&amp;w=214 214w\" sizes=\"(max-width: 102px) 100vw, 102px\" \/><\/em><\/strong><\/p>\n<p>La luna parece clara en la casa del \u00e1rbol m\u00e1gica. Tan tarde nunca hab\u00edan estado all\u00ed Philipp y Anne. Pero a d\u00f3nde les llevar\u00eda la casa del \u00e1rbol en este emocionante viaje no lo habr\u00edan imaginado ni en sus sue\u00f1os. Porque les espera una aventura extraterrestre: su primer viaje a la luna.<\/p>\n<p>&nbsp;<\/p>\n<p><strong><em>Kibo y el drag\u00f3n morado<img loading=\"lazy\" decoding=\"async\" class=\" wp-image-3500 alignright\" src=\"https:\/\/e969z83yjsq.exactdn.com\/wp-content\/uploads\/2015\/12\/kibo.jpg?strip=all\" alt=\"kibo\" width=\"101\" height=\"125\" srcset=\"https:\/\/e969z83yjsq.exactdn.com\/wp-content\/uploads\/2015\/12\/kibo.jpg?strip=all 143w, https:\/\/e969z83yjsq.exactdn.com\/wp-content\/uploads\/2015\/12\/kibo.jpg?strip=all&amp;w=57 57w\" sizes=\"(max-width: 101px) 100vw, 101px\" \/><\/em><\/strong><\/p>\n<p>Una ma\u00f1ana, por la ventana de Kibo se introduce un drag\u00f3n de color morado. Asustado, el ni\u00f1o corre hasta los m\u00e1s insospechados lugares, pero al volver a su casa y mirarse al espejo el drag\u00f3n sigue ah\u00ed, detr\u00e1s de \u00e9l, un poco m\u00e1s morado y un poco m\u00e1s grande que la \u00faltima vez. Con tanto ir y venir, \u00bfconseguir\u00e1 Kibo esquivarlo? \u00bfC\u00f3mo lograr\u00e1 por fin vencer a tan terrible monstruo?<\/p>\n<p>&nbsp;<\/p>\n<p><strong><em>Stichkopf und der Scheusalfinder<img loading=\"lazy\" decoding=\"async\" class=\" wp-image-3501 alignright\" src=\"https:\/\/e969z83yjsq.exactdn.com\/wp-content\/uploads\/2015\/12\/stichkopf.jpg?strip=all\" alt=\"stichkopf\" width=\"108\" height=\"165\" srcset=\"https:\/\/e969z83yjsq.exactdn.com\/wp-content\/uploads\/2015\/12\/stichkopf.jpg?strip=all 180w, https:\/\/e969z83yjsq.exactdn.com\/wp-content\/uploads\/2015\/12\/stichkopf.jpg?strip=all&amp;w=72 72w\" sizes=\"(max-width: 108px) 100vw, 108px\" \/><\/em><\/strong><\/p>\n<p>\u00bfTe vienes al castillo Grottenow? All\u00ed vive el peque\u00f1o Stichkopf, resucitado por un profesor loco. Stichkopf es la criatura m\u00e1s fiel que uno se pueda imaginar. En esta historia va a conseguir escapar de un estafador, encontrar la verdadera amistada y vivir la aventura de su vida.<\/p>\n","protected":false},"excerpt":{"rendered":"<p>Happyface Como uno sonr\u00ede uno a la vida\u2026Al principio todo iba mal. Entonces \u00e9l se mud\u00f3, [&hellip;]<\/p>\n","protected":false},"author":10,"featured_media":0,"parent":2132,"menu_order":1,"comment_status":"closed","ping_status":"closed","template":"","meta":{"site-sidebar-layout":"default","site-content-layout":"","ast-site-content-layout":"default","site-content-style":"default","site-sidebar-style":"default","ast-global-header-display":"","ast-banner-title-visibility":"","ast-main-header-display":"","ast-hfb-above-header-display":"","ast-hfb-below-header-display":"","ast-hfb-mobile-header-display":"","site-post-title":"","ast-breadcrumbs-content":"","ast-featured-img":"","footer-sml-layout":"","ast-disable-related-posts":"","theme-transparent-header-meta":"","adv-header-id-meta":"","stick-header-meta":"","header-above-stick-meta":"","header-main-stick-meta":"","header-below-stick-meta":"","astra-migrate-meta-layouts":"default","ast-page-background-enabled":"default","ast-page-background-meta":{"desktop":{"background-color":"","background-image":"","background-repeat":"repeat","background-position":"center center","background-size":"auto","background-attachment":"scroll","background-type":"","background-media":"","overlay-type":"","overlay-color":"","overlay-opacity":"","overlay-gradient":""},"tablet":{"background-color":"","background-image":"","background-repeat":"repeat","background-position":"center center","background-size":"auto","background-attachment":"scroll","background-type":"","background-media":"","overlay-type":"","overlay-color":"","overlay-opacity":"","overlay-gradient":""},"mobile":{"background-color":"","background-image":"","background-repeat":"repeat","background-position":"center center","background-size":"auto","background-attachment":"scroll","background-type":"","background-media":"","overlay-type":"","overlay-color":"","overlay-opacity":"","overlay-gradient":""}},"ast-content-background-meta":{"desktop":{"background-color":"var(--ast-global-color-5)","background-image":"","background-repeat":"repeat","background-position":"center center","background-size":"auto","background-attachment":"scroll","background-type":"","background-media":"","overlay-type":"","overlay-color":"","overlay-opacity":"","overlay-gradient":""},"tablet":{"background-color":"var(--ast-global-color-5)","background-image":"","background-repeat":"repeat","background-position":"center center","background-size":"auto","background-attachment":"scroll","background-type":"","background-media":"","overlay-type":"","overlay-color":"","overlay-opacity":"","overlay-gradient":""},"mobile":{"background-color":"var(--ast-global-color-5)","background-image":"","background-repeat":"repeat","background-position":"center center","background-size":"auto","background-attachment":"scroll","background-type":"","background-media":"","overlay-type":"","overlay-color":"","overlay-opacity":"","overlay-gradient":""}},"_jet_sm_ready_style":"","_jet_sm_style":"","_jet_sm_controls_values":"","_jet_sm_fonts_collection":"","_jet_sm_fonts_links":"","footnotes":""},"schlagwortedst":[],"wf_page_folders":[],"class_list":["post-3344","page","type-page","status-publish","hentry"],"_links":{"self":[{"href":"https:\/\/www.dstenerife.eu\/es\/wp-json\/wp\/v2\/pages\/3344","targetHints":{"allow":["GET"]}}],"collection":[{"href":"https:\/\/www.dstenerife.eu\/es\/wp-json\/wp\/v2\/pages"}],"about":[{"href":"https:\/\/www.dstenerife.eu\/es\/wp-json\/wp\/v2\/types\/page"}],"author":[{"embeddable":true,"href":"https:\/\/www.dstenerife.eu\/es\/wp-json\/wp\/v2\/users\/10"}],"replies":[{"embeddable":true,"href":"https:\/\/www.dstenerife.eu\/es\/wp-json\/wp\/v2\/comments?post=3344"}],"version-history":[{"count":0,"href":"https:\/\/www.dstenerife.eu\/es\/wp-json\/wp\/v2\/pages\/3344\/revisions"}],"up":[{"embeddable":true,"href":"https:\/\/www.dstenerife.eu\/es\/wp-json\/wp\/v2\/pages\/2132"}],"wp:attachment":[{"href":"https:\/\/www.dstenerife.eu\/es\/wp-json\/wp\/v2\/media?parent=3344"}],"wp:term":[{"taxonomy":"schlagwortedst","embeddable":true,"href":"https:\/\/www.dstenerife.eu\/es\/wp-json\/wp\/v2\/schlagwortedst?post=3344"},{"taxonomy":"wf_page_folders","embeddable":true,"href":"https:\/\/www.dstenerife.eu\/es\/wp-json\/wp\/v2\/wf_page_folders?post=3344"}],"curies":[{"name":"wp","href":"https:\/\/api.w.org\/{rel}","templated":true}]}}