{"id":3836,"date":"2016-02-09T22:47:49","date_gmt":"2016-02-09T22:47:49","guid":{"rendered":"https:\/\/kopie.dst.deutsche-schule.eu\/es\/jugend-musiziert-2016\/allgemeine-informationen-zu-jugend-musiziert\/"},"modified":"2016-02-09T22:54:49","modified_gmt":"2016-02-09T22:54:49","slug":"allgemeine-informationen-zu-jugend-musiziert","status":"publish","type":"page","link":"https:\/\/www.dstenerife.eu\/es\/colegio\/planes-y-conceptos-escolares\/concursos__trashed\/jugend-musiziert-2016__trashed\/allgemeine-informationen-zu-jugend-musiziert\/","title":{"rendered":"Allgemeine Informationen zu Jugend musiziert"},"content":{"rendered":"<p><strong><em>Jugend musiziert<\/em> ist<\/strong><\/p>\n<ul>\n<li>seit 1963 der gr\u00f6\u00dfte deutsche Musikwettbewerb f\u00fcr Sch\u00fclerinnen und Sch\u00fcler und junge Leute<\/li>\n<li>mit j\u00e4hrlich etwa 20.000 Teilnehmern einer der gr\u00f6\u00dften Nachwuchswettbewerbe f\u00fcr junge Musikerinnen und Musiker der Welt.<\/li>\n<li>eine wichtige Plattform der musikalische Breiten- und Spitzenf\u00f6rderung. Er hat so erfolgreiche Interpreten wie zum Beispiel Anne Sophie Mutter hervorgebracht.<\/li>\n<li>Schirmherr ist der Bundespr\u00e4sident der Bundesrepublik Deutschland<strong>\u00a0<\/strong><\/li>\n<\/ul>\n<p><strong>Der Landeswettbewerb 2016 an der Deutschen Schule Santa Cruz de Tenerife<br \/>\n<\/strong><\/p>\n<ul>\n<li>Nach den Regionalwettbewerben an jeder Deutschen Schule ist der Landeswettbewerb die zweite Runde. Die Preistr\u00e4ger des Landeswettbewerbs fliegen dann zum Bundeswettbewerb, der vom 12.-19.05.2016 in Kassel stattfindet.<\/li>\n<li>Den Landeswettbewerb der Deutschen Schulen im Ausland gibt es seit 1981 in Spanien und Portugal. Die Deutsche Schule Santa Cruz de Tenerife war bereits 1990 und 1999 Gastgeber des Landeswettbewerbs.<\/li>\n<li>Als G\u00e4ste werden 120-150 Sch\u00fclerinnen und Sch\u00fcler der Deutschen Auslandschulen der iberischen Halbinsel und der Kanaren nach Teneriffa kommen.<\/li>\n<li>2016 gilt die Ausschreibung f\u00fcr folgende Kategorien:<\/li>\n<\/ul>\n<ul>\n<ol start=\"1\">\n<li>Solo-Wertung: Streichinstrumente, Akkordeon, Percussion, Mallets, Pop-Gesang.<\/li>\n<li>Duo-Wertung: Klavier und ein Blasinstrument.<\/li>\n<li>Ensemble-Wertungen: Klavier-Kammermusik, Vokal-Ensemble, Zupf-Ensemble, Harfen-Ensemble, Alte Musik, Besondere Instrumente.<\/li>\n<\/ol>\n<li>Neben dem Wettbewerb spielt der Begegnungscharakter, das gemeinsame Musizieren in Workshops, eine wichtige Rolle.<\/li>\n<li>An einem Ausflugstag lernen die Sch\u00fclerinnen und -sch\u00fcler einen touristischen H\u00f6hepunkt der Insel kennen.<\/li>\n<li>Jeder Teilnehmer erh\u00e4lt ein Willkommensgeschenk (T-Shirt) mit dem Logo des diesj\u00e4hrigen Wettbewerbs.<\/li>\n<li>H\u00f6hepunkt ist das Preistr\u00e4gerkonzert am 10.03.2016 um 19:30 Uhr im Teatro Guimer\u00e1 im Herzen der Stadt Santa Cruz de Tenerife.<\/li>\n<\/ul>\n","protected":false},"excerpt":{"rendered":"<p>Jugend musiziert ist seit 1963 der gr\u00f6\u00dfte deutsche Musikwettbewerb f\u00fcr Sch\u00fclerinnen und Sch\u00fcler und junge Leute [&hellip;]<\/p>\n","protected":false},"author":10,"featured_media":0,"parent":2134,"menu_order":1,"comment_status":"closed","ping_status":"closed","template":"","meta":{"site-sidebar-layout":"default","site-content-layout":"","ast-site-content-layout":"default","site-content-style":"default","site-sidebar-style":"default","ast-global-header-display":"","ast-banner-title-visibility":"","ast-main-header-display":"","ast-hfb-above-header-display":"","ast-hfb-below-header-display":"","ast-hfb-mobile-header-display":"","site-post-title":"","ast-breadcrumbs-content":"","ast-featured-img":"","footer-sml-layout":"","ast-disable-related-posts":"","theme-transparent-header-meta":"","adv-header-id-meta":"","stick-header-meta":"","header-above-stick-meta":"","header-main-stick-meta":"","header-below-stick-meta":"","astra-migrate-meta-layouts":"default","ast-page-background-enabled":"default","ast-page-background-meta":{"desktop":{"background-color":"","background-image":"","background-repeat":"repeat","background-position":"center center","background-size":"auto","background-attachment":"scroll","background-type":"","background-media":"","overlay-type":"","overlay-color":"","overlay-opacity":"","overlay-gradient":""},"tablet":{"background-color":"","background-image":"","background-repeat":"repeat","background-position":"center center","background-size":"auto","background-attachment":"scroll","background-type":"","background-media":"","overlay-type":"","overlay-color":"","overlay-opacity":"","overlay-gradient":""},"mobile":{"background-color":"","background-image":"","background-repeat":"repeat","background-position":"center center","background-size":"auto","background-attachment":"scroll","background-type":"","background-media":"","overlay-type":"","overlay-color":"","overlay-opacity":"","overlay-gradient":""}},"ast-content-background-meta":{"desktop":{"background-color":"var(--ast-global-color-5)","background-image":"","background-repeat":"repeat","background-position":"center center","background-size":"auto","background-attachment":"scroll","background-type":"","background-media":"","overlay-type":"","overlay-color":"","overlay-opacity":"","overlay-gradient":""},"tablet":{"background-color":"var(--ast-global-color-5)","background-image":"","background-repeat":"repeat","background-position":"center center","background-size":"auto","background-attachment":"scroll","background-type":"","background-media":"","overlay-type":"","overlay-color":"","overlay-opacity":"","overlay-gradient":""},"mobile":{"background-color":"var(--ast-global-color-5)","background-image":"","background-repeat":"repeat","background-position":"center center","background-size":"auto","background-attachment":"scroll","background-type":"","background-media":"","overlay-type":"","overlay-color":"","overlay-opacity":"","overlay-gradient":""}},"_jet_sm_ready_style":"","_jet_sm_style":"","_jet_sm_controls_values":"","_jet_sm_fonts_collection":"","_jet_sm_fonts_links":"","footnotes":""},"schlagwortedst":[],"wf_page_folders":[184],"class_list":["post-3836","page","type-page","status-publish","hentry"],"_links":{"self":[{"href":"https:\/\/www.dstenerife.eu\/es\/wp-json\/wp\/v2\/pages\/3836","targetHints":{"allow":["GET"]}}],"collection":[{"href":"https:\/\/www.dstenerife.eu\/es\/wp-json\/wp\/v2\/pages"}],"about":[{"href":"https:\/\/www.dstenerife.eu\/es\/wp-json\/wp\/v2\/types\/page"}],"author":[{"embeddable":true,"href":"https:\/\/www.dstenerife.eu\/es\/wp-json\/wp\/v2\/users\/10"}],"replies":[{"embeddable":true,"href":"https:\/\/www.dstenerife.eu\/es\/wp-json\/wp\/v2\/comments?post=3836"}],"version-history":[{"count":0,"href":"https:\/\/www.dstenerife.eu\/es\/wp-json\/wp\/v2\/pages\/3836\/revisions"}],"up":[{"embeddable":true,"href":"https:\/\/www.dstenerife.eu\/es\/wp-json\/wp\/v2\/pages\/2134"}],"wp:attachment":[{"href":"https:\/\/www.dstenerife.eu\/es\/wp-json\/wp\/v2\/media?parent=3836"}],"wp:term":[{"taxonomy":"schlagwortedst","embeddable":true,"href":"https:\/\/www.dstenerife.eu\/es\/wp-json\/wp\/v2\/schlagwortedst?post=3836"},{"taxonomy":"wf_page_folders","embeddable":true,"href":"https:\/\/www.dstenerife.eu\/es\/wp-json\/wp\/v2\/wf_page_folders?post=3836"}],"curies":[{"name":"wp","href":"https:\/\/api.w.org\/{rel}","templated":true}]}}