{"id":4262,"date":"2016-03-18T19:59:07","date_gmt":"2016-03-18T19:59:07","guid":{"rendered":"https:\/\/kopie.dst.deutsche-schule.eu\/es\/?page_id=4262"},"modified":"2016-03-18T20:00:02","modified_gmt":"2016-03-18T20:00:02","slug":"concurso-jugend-debattiert","status":"publish","type":"page","link":"https:\/\/www.dstenerife.eu\/es\/colegio\/planes-y-conceptos-escolares\/concursos__trashed\/concurso-jugend-debattiert\/","title":{"rendered":"Concurso \u00abJugend debattiert\u00bb"},"content":{"rendered":"<p>Hace m\u00e1s de dos d\u00e9cadas que se realiza el concurso \u201cJugend debattiert\u201d en los colegios alemanes. Empezando por concursos escolares, regionales y nacionales hasta la final nacional en Berl\u00edn, siendo un enriquecimiento en la educaci\u00f3n en valores y la cultura de la discusi\u00f3n democr\u00e1tica.<\/p>\n<p>Este concurso tambi\u00e9n se lleva a cabo con unas bases similares en los Colegios Alemanes de Espa\u00f1a y Portugal, incluyendo una final de todos los colegios participantes en primavera.<\/p>\n<p>En el Colegio Alem\u00e1n Santa Cruz de Tenerife hemos incluido deliberadamente la unidad lectiva <em>Debate<\/em> en las clases 9, ya que el contenido conecta aspectos \u00fatiles para la vida cotidiana con un aumento de la participaci\u00f3n en clase y el efecto del aprendizaje ling\u00fc\u00edstico.<\/p>\n<p>Ese es el motivo por el que el curso escolar de la clase 9 comienza con una unidad lectiva de unas semanas sobre el tema \u201cdebate oral, opini\u00f3n escrita\u201d.<\/p>\n<p>Adem\u00e1s de aprender c\u00f3mo redactar una opini\u00f3n escrita con su introducci\u00f3n, estructura dial\u00e9ctica y conclusi\u00f3n, los alumnos aprenden a formular una hip\u00f3tesis, a\u00f1adiendo los argumentos adecuados y visualizarlos mediante pruebas y ejemplos.<\/p>\n<p>Es parte esencial de esta unidad lectiva, el saber expresar la opini\u00f3n propia de manera racional y argumentada.<\/p>\n<p>Vinculado a este componente escrito, se practica la discusi\u00f3n oral. Para ello, los alumnos toman partido a favor o en contra, con respecto a una propuesta e intercambian argumentos. Aqu\u00ed es imprescindible mantener las reglas de conversaci\u00f3n y contestar a los argumentos anteriores, rebatirlos y llevar la contraria. El intercambio argumentativo y reglado con debatientes equiparables frente a un p\u00fablico, como el defender una postura que no necesariamente tiene que ser la propia, sirve al desarrollo personal y desarrolla la capacidad de participar en el discurso p\u00fablico, componente b\u00e1sico en una sociedad democr\u00e1tica.<\/p>\n<p>El punto distintivo de esta discusi\u00f3n oral es el m\u00e9todo en el debate. Cuatro alumnos debaten bajo unos criterios establecidos, y ser\u00e1n calificados dependiendo de su capacidad expresiva, comportamiento, conocimientos y capacidad de persuasi\u00f3n de acuerdo a las reglas del concurso nacional \u201cJugend debattiert\u201d.<\/p>\n<p>El primer obst\u00e1culo al que se enfrentan, es un debate de todos los alumnos en sus respectivas clases, pasando los mejores a la siguiente ronda. All\u00ed se debaten nuevamente frente a un p\u00fablico, pasando los mejores debatientes. En la final competir\u00e1n contra alumnos de la clase 10 (el concurso se extiende a dos niveles).<\/p>\n<p>La final en el colegio es p\u00fablica. Los tres mejores alumnos ser\u00e1n designados por un jurado compuesto por alumnos y profesores. Tambi\u00e9n aqu\u00ed se sigue el principio de igualdad, donde los alumnos y profesores eval\u00faan el resultado \u201cde igual a igual\u201d. Los primeros y segundos puestos viajar\u00e1n como participantes al Concurso Nacional, el tercero como miembro del jurado.<\/p>\n<p>En general, el objetivo de \u201eJugend debattiert\u201c es ense\u00f1ar a los alumnos el intercambio argumentativo, respetando las reglas de comunicaci\u00f3n, ser conscientes de su propia opini\u00f3n y representarla en la disputa.<\/p>\n<p>Con el fin de atender a la diversidad, el m\u00f3dulo ofrece la posibilidad de adquirir conocimientos b\u00e1sicos, mientras que el concurso permite a los alumnos m\u00e1s fuertes trabajar en un nivel superior. Para ello, despu\u00e9s del concurso escolar reciben un apoyo especial, con reuniones semanales con los profesores de alem\u00e1n, en los que se practica la ret\u00f3rica, la m\u00edmica, las expresiones faciales y la estructura argumental.<\/p>\n<p>Para conseguir durabilidad, se repite la lecci\u00f3n en las clases de alem\u00e1n de la clase 10. Despu\u00e9s de haber sido introducido en las clases de alem\u00e1n, tambi\u00e9n se puede aplicar el debate en cualquier asignatura, tambi\u00e9n en las lenguas extranjeras. Desde la clase 8 se practica con los alumnos estos m\u00e9todos, con el fin de que se familiaricen con el concurso. En la medida de lo posible, se invita a todos los alumnos de las clases 8 a 10 a participar en el concurso escolar, adem\u00e1s de todos los alumnos, padres y profesores interesados.<\/p>\n<p>&nbsp;<\/p>\n","protected":false},"excerpt":{"rendered":"<p>Hace m\u00e1s de dos d\u00e9cadas que se realiza el concurso \u201cJugend debattiert\u201d en los colegios alemanes. [&hellip;]<\/p>\n","protected":false},"author":10,"featured_media":4259,"parent":894,"menu_order":3,"comment_status":"closed","ping_status":"closed","template":"","meta":{"site-sidebar-layout":"default","site-content-layout":"","ast-site-content-layout":"default","site-content-style":"default","site-sidebar-style":"default","ast-global-header-display":"","ast-banner-title-visibility":"","ast-main-header-display":"","ast-hfb-above-header-display":"","ast-hfb-below-header-display":"","ast-hfb-mobile-header-display":"","site-post-title":"","ast-breadcrumbs-content":"","ast-featured-img":"","footer-sml-layout":"","ast-disable-related-posts":"","theme-transparent-header-meta":"","adv-header-id-meta":"","stick-header-meta":"","header-above-stick-meta":"","header-main-stick-meta":"","header-below-stick-meta":"","astra-migrate-meta-layouts":"default","ast-page-background-enabled":"default","ast-page-background-meta":{"desktop":{"background-color":"","background-image":"","background-repeat":"repeat","background-position":"center center","background-size":"auto","background-attachment":"scroll","background-type":"","background-media":"","overlay-type":"","overlay-color":"","overlay-opacity":"","overlay-gradient":""},"tablet":{"background-color":"","background-image":"","background-repeat":"repeat","background-position":"center center","background-size":"auto","background-attachment":"scroll","background-type":"","background-media":"","overlay-type":"","overlay-color":"","overlay-opacity":"","overlay-gradient":""},"mobile":{"background-color":"","background-image":"","background-repeat":"repeat","background-position":"center center","background-size":"auto","background-attachment":"scroll","background-type":"","background-media":"","overlay-type":"","overlay-color":"","overlay-opacity":"","overlay-gradient":""}},"ast-content-background-meta":{"desktop":{"background-color":"var(--ast-global-color-5)","background-image":"","background-repeat":"repeat","background-position":"center center","background-size":"auto","background-attachment":"scroll","background-type":"","background-media":"","overlay-type":"","overlay-color":"","overlay-opacity":"","overlay-gradient":""},"tablet":{"background-color":"var(--ast-global-color-5)","background-image":"","background-repeat":"repeat","background-position":"center center","background-size":"auto","background-attachment":"scroll","background-type":"","background-media":"","overlay-type":"","overlay-color":"","overlay-opacity":"","overlay-gradient":""},"mobile":{"background-color":"var(--ast-global-color-5)","background-image":"","background-repeat":"repeat","background-position":"center center","background-size":"auto","background-attachment":"scroll","background-type":"","background-media":"","overlay-type":"","overlay-color":"","overlay-opacity":"","overlay-gradient":""}},"_jet_sm_ready_style":"","_jet_sm_style":"","_jet_sm_controls_values":"","_jet_sm_fonts_collection":"","_jet_sm_fonts_links":"","footnotes":""},"schlagwortedst":[],"wf_page_folders":[184],"class_list":["post-4262","page","type-page","status-publish","has-post-thumbnail","hentry"],"_links":{"self":[{"href":"https:\/\/www.dstenerife.eu\/es\/wp-json\/wp\/v2\/pages\/4262","targetHints":{"allow":["GET"]}}],"collection":[{"href":"https:\/\/www.dstenerife.eu\/es\/wp-json\/wp\/v2\/pages"}],"about":[{"href":"https:\/\/www.dstenerife.eu\/es\/wp-json\/wp\/v2\/types\/page"}],"author":[{"embeddable":true,"href":"https:\/\/www.dstenerife.eu\/es\/wp-json\/wp\/v2\/users\/10"}],"replies":[{"embeddable":true,"href":"https:\/\/www.dstenerife.eu\/es\/wp-json\/wp\/v2\/comments?post=4262"}],"version-history":[{"count":0,"href":"https:\/\/www.dstenerife.eu\/es\/wp-json\/wp\/v2\/pages\/4262\/revisions"}],"up":[{"embeddable":true,"href":"https:\/\/www.dstenerife.eu\/es\/wp-json\/wp\/v2\/pages\/894"}],"wp:featuredmedia":[{"embeddable":true,"href":"https:\/\/www.dstenerife.eu\/es\/wp-json\/wp\/v2\/media\/4259"}],"wp:attachment":[{"href":"https:\/\/www.dstenerife.eu\/es\/wp-json\/wp\/v2\/media?parent=4262"}],"wp:term":[{"taxonomy":"schlagwortedst","embeddable":true,"href":"https:\/\/www.dstenerife.eu\/es\/wp-json\/wp\/v2\/schlagwortedst?post=4262"},{"taxonomy":"wf_page_folders","embeddable":true,"href":"https:\/\/www.dstenerife.eu\/es\/wp-json\/wp\/v2\/wf_page_folders?post=4262"}],"curies":[{"name":"wp","href":"https:\/\/api.w.org\/{rel}","templated":true}]}}