{"id":43727,"date":"2020-03-10T14:05:33","date_gmt":"2020-03-10T14:05:33","guid":{"rendered":"https:\/\/kopie.dst.deutsche-schule.eu\/?page_id=43727"},"modified":"2021-07-20T06:23:33","modified_gmt":"2021-07-20T06:23:33","slug":"concepto-del-aleman-en-el-centro-infantil","status":"publish","type":"page","link":"https:\/\/www.dstenerife.eu\/es\/kikri-y-kindergarten\/concepto-del-aleman-en-el-centro-infantil\/","title":{"rendered":"Concepto del Alem\u00e1n en el centro infantil"},"content":{"rendered":"<div class=\"news-body\">\n<p>Nos orientamos met\u00f3dicamente en el principio de la inmersi\u00f3n. Tal como indica el t\u00e9rmino, la ense\u00f1anza ling\u00fc\u00edstica no se lleva a cabo de forma sistem\u00e1tica sino se aplica continuamente en la vida cotidiana. Uno de los aspectos m\u00e1s importantes de la ense\u00f1anza del idioma es un acceso natural al idioma alem\u00e1n. Durante todo el d\u00eda los\/las educadores\/as hablan exclusivamente alem\u00e1n con los ni\u00f1os e ilustran lo hablado con gestos, expresiones faciales o im\u00e1genes. As\u00ed se crea una conexi\u00f3n entre palabra y objeto. El ni\u00f1o reconoce la conexi\u00f3n y adquiere la pronunciaci\u00f3n. Para consolidar m\u00e1s intensamente el idioma alem\u00e1n en el entorno espa\u00f1ol, todas los\/las educadores\/as s\u00f3lo hablan alem\u00e1n entre s\u00ed.<\/p>\n<p>Otros e importantes requisitos para un fomento ling\u00fc\u00edstico \u00f3ptimo son:<\/p>\n<p>Un acercamiento temprano a la segunda lengua lo antes posible: Esto lo alcanzamos abriendo la Kikri a ni\u00f1os de dos a\u00f1os. Mediante el acercamiento natural creamos una buena base, por lo cual la incorporaci\u00f3n del idioma transcurre de manera aut\u00e9ntica.<\/p>\n<p>Un contacto ling\u00fc\u00edstico lo m\u00e1s intenso posible: Lo logramos hablando alem\u00e1n con los ni\u00f1os durante todo el per\u00edodo de supervisi\u00f3n e ilustrando lo dicho mediante una diversidad metodol\u00f3gica. Por ejemplo, se componen frases cortas apoy\u00e1ndolas con gestos y expresi\u00f3n facial o comentando mediante im\u00e1genes o libros.<\/p>\n<p>Un contacto ling\u00fc\u00edstico estructurado y polifac\u00e9tico al m\u00e1ximo posible: Esto lo alcanzamos ofreciendo un per\u00edodo de supervisi\u00f3n integral. Los ni\u00f1os viven la realidad cotidiana en tanto que comemos, jugamos, bailamos y nos re\u00edmos juntos. Pero tambi\u00e9n vivencias, fiestas y celebraciones y el contacto con ni\u00f1os de la misma edad \u2013 as\u00ed creamos diversidad.<\/p>\n<p>Un contacto ling\u00fc\u00edstico orientado a la acci\u00f3n y al contenido, en lo posible: Esto lo logramos creando una variedad de ofertas. Todas las ofertas se realizan exclusivamente en alem\u00e1n y son adaptadas temporalmente al nivel de edad.<\/p>\n<p>C\u00edrculos Matutinos y de Finalizaci\u00f3n son rituales que tienen lugar varias veces al d\u00eda. Los ni\u00f1os los toman como gu\u00eda y reconocen que ahora empieza el d\u00eda o que al final ser\u00e1n recogidos, que se introduce un nuevo juego o que se aproxima una fiesta. Practicar de respetarse mutuamente, dejarse hablar o esperar, escuchar, debatir entre s\u00ed y de reflexionar sobre el d\u00eda. Ambos c\u00edrculos sentados en sillas sirven para que los ni\u00f1os se sientan amparados y seguros, pero tambi\u00e9n como parte del grupo. Los ni\u00f1os experimentan as\u00ed continuidad ya que ambos c\u00edrculos sentados en sillas tienen lugar cada d\u00eda y ellos aprenden l\u00fadicamente nuevos juegos de corro y canciones.<\/p>\n<\/div>\n","protected":false},"excerpt":{"rendered":"<p>Nos orientamos met\u00f3dicamente en el principio de la inmersi\u00f3n. Tal como indica el t\u00e9rmino, la ense\u00f1anza [&hellip;]<\/p>\n","protected":false},"author":15,"featured_media":0,"parent":1601,"menu_order":34,"comment_status":"closed","ping_status":"closed","template":"","meta":{"site-sidebar-layout":"default","site-content-layout":"default","ast-site-content-layout":"default","site-content-style":"default","site-sidebar-style":"default","ast-global-header-display":"","ast-banner-title-visibility":"","ast-main-header-display":"","ast-hfb-above-header-display":"","ast-hfb-below-header-display":"","ast-hfb-mobile-header-display":"","site-post-title":"","ast-breadcrumbs-content":"","ast-featured-img":"","footer-sml-layout":"","ast-disable-related-posts":"","theme-transparent-header-meta":"default","adv-header-id-meta":"","stick-header-meta":"default","header-above-stick-meta":"","header-main-stick-meta":"","header-below-stick-meta":"","astra-migrate-meta-layouts":"default","ast-page-background-enabled":"default","ast-page-background-meta":{"desktop":{"background-color":"","background-image":"","background-repeat":"repeat","background-position":"center center","background-size":"auto","background-attachment":"scroll","background-type":"","background-media":"","overlay-type":"","overlay-color":"","overlay-opacity":"","overlay-gradient":""},"tablet":{"background-color":"","background-image":"","background-repeat":"repeat","background-position":"center center","background-size":"auto","background-attachment":"scroll","background-type":"","background-media":"","overlay-type":"","overlay-color":"","overlay-opacity":"","overlay-gradient":""},"mobile":{"background-color":"","background-image":"","background-repeat":"repeat","background-position":"center center","background-size":"auto","background-attachment":"scroll","background-type":"","background-media":"","overlay-type":"","overlay-color":"","overlay-opacity":"","overlay-gradient":""}},"ast-content-background-meta":{"desktop":{"background-color":"var(--ast-global-color-5)","background-image":"","background-repeat":"repeat","background-position":"center center","background-size":"auto","background-attachment":"scroll","background-type":"","background-media":"","overlay-type":"","overlay-color":"","overlay-opacity":"","overlay-gradient":""},"tablet":{"background-color":"var(--ast-global-color-5)","background-image":"","background-repeat":"repeat","background-position":"center center","background-size":"auto","background-attachment":"scroll","background-type":"","background-media":"","overlay-type":"","overlay-color":"","overlay-opacity":"","overlay-gradient":""},"mobile":{"background-color":"var(--ast-global-color-5)","background-image":"","background-repeat":"repeat","background-position":"center center","background-size":"auto","background-attachment":"scroll","background-type":"","background-media":"","overlay-type":"","overlay-color":"","overlay-opacity":"","overlay-gradient":""}},"_jet_sm_ready_style":"","_jet_sm_style":"","_jet_sm_controls_values":"","_jet_sm_fonts_collection":"","_jet_sm_fonts_links":"","footnotes":""},"schlagwortedst":[95,149],"wf_page_folders":[208],"class_list":["post-43727","page","type-page","status-publish","hentry","schlagwortedst-deutsch-kg","schlagwortedst-sidekg"],"_links":{"self":[{"href":"https:\/\/www.dstenerife.eu\/es\/wp-json\/wp\/v2\/pages\/43727","targetHints":{"allow":["GET"]}}],"collection":[{"href":"https:\/\/www.dstenerife.eu\/es\/wp-json\/wp\/v2\/pages"}],"about":[{"href":"https:\/\/www.dstenerife.eu\/es\/wp-json\/wp\/v2\/types\/page"}],"author":[{"embeddable":true,"href":"https:\/\/www.dstenerife.eu\/es\/wp-json\/wp\/v2\/users\/15"}],"replies":[{"embeddable":true,"href":"https:\/\/www.dstenerife.eu\/es\/wp-json\/wp\/v2\/comments?post=43727"}],"version-history":[{"count":0,"href":"https:\/\/www.dstenerife.eu\/es\/wp-json\/wp\/v2\/pages\/43727\/revisions"}],"up":[{"embeddable":true,"href":"https:\/\/www.dstenerife.eu\/es\/wp-json\/wp\/v2\/pages\/1601"}],"wp:attachment":[{"href":"https:\/\/www.dstenerife.eu\/es\/wp-json\/wp\/v2\/media?parent=43727"}],"wp:term":[{"taxonomy":"schlagwortedst","embeddable":true,"href":"https:\/\/www.dstenerife.eu\/es\/wp-json\/wp\/v2\/schlagwortedst?post=43727"},{"taxonomy":"wf_page_folders","embeddable":true,"href":"https:\/\/www.dstenerife.eu\/es\/wp-json\/wp\/v2\/wf_page_folders?post=43727"}],"curies":[{"name":"wp","href":"https:\/\/api.w.org\/{rel}","templated":true}]}}