{"id":43803,"date":"2021-02-27T09:24:56","date_gmt":"2021-02-27T09:24:56","guid":{"rendered":"https:\/\/kopie.dst.deutsche-schule.eu\/?page_id=43803"},"modified":"2021-07-20T09:28:39","modified_gmt":"2021-07-20T09:28:39","slug":"transicion-infantil-primaria","status":"publish","type":"page","link":"https:\/\/www.dstenerife.eu\/es\/kikri-y-kindergarten\/transicion-infantil-primaria\/","title":{"rendered":"Transici\u00f3n Infantil &#8211; Primaria"},"content":{"rendered":"<p><a href=\"https:\/\/e969z83yjsq.exactdn.com\/wp-content\/uploads\/2021\/04\/Kooperationskalender-KIGA-GS-2019-2020.jpg?strip=all&w=2560\"><img fetchpriority=\"high\" decoding=\"async\" class=\"aligncenter wp-image-38291 size-medium\" src=\"https:\/\/e969z83yjsq.exactdn.com\/wp-content\/uploads\/2021\/04\/Kooperationskalender-KIGA-GS-2019-2020-752x219.jpg?strip=all\" alt=\"\" width=\"752\" height=\"219\" srcset=\"https:\/\/e969z83yjsq.exactdn.com\/wp-content\/uploads\/2021\/04\/Kooperationskalender-KIGA-GS-2019-2020-752x219.jpg?strip=all 752w, https:\/\/e969z83yjsq.exactdn.com\/wp-content\/uploads\/2021\/04\/Kooperationskalender-KIGA-GS-2019-2020-1280x373.jpg?strip=all 1280w, https:\/\/e969z83yjsq.exactdn.com\/wp-content\/uploads\/2021\/04\/Kooperationskalender-KIGA-GS-2019-2020-768x224.jpg?strip=all 768w, https:\/\/e969z83yjsq.exactdn.com\/wp-content\/uploads\/2021\/04\/Kooperationskalender-KIGA-GS-2019-2020-320x93.jpg?strip=all 320w, https:\/\/e969z83yjsq.exactdn.com\/wp-content\/uploads\/2021\/04\/Kooperationskalender-KIGA-GS-2019-2020.jpg?strip=all 1473w, https:\/\/e969z83yjsq.exactdn.com\/wp-content\/uploads\/2021\/04\/Kooperationskalender-KIGA-GS-2019-2020.jpg?strip=all&amp;w=589 589w, https:\/\/e969z83yjsq.exactdn.com\/wp-content\/uploads\/2021\/04\/Kooperationskalender-KIGA-GS-2019-2020.jpg?strip=all&amp;w=883 883w, https:\/\/e969z83yjsq.exactdn.com\/wp-content\/uploads\/2021\/04\/Kooperationskalender-KIGA-GS-2019-2020.jpg?strip=all&amp;w=1178 1178w, https:\/\/e969z83yjsq.exactdn.com\/wp-content\/uploads\/2021\/04\/Kooperationskalender-KIGA-GS-2019-2020.jpg?strip=all&amp;w=450 450w\" sizes=\"(max-width: 752px) 100vw, 752px\" \/><\/a><\/p>\n<ol>\n<li>Gemeinsame Teilnahme an Veranstaltungen (Theater, Feste,&#8230;) und gemeinsame Nutzung der R\u00e4umlichkeiten (H\u00f6fe, Sportinstallationen,&#8230;)<\/li>\n<li>Arbeitsgruppe (geplant) zur Verzahnung vorschulischer und schulischer Inhalte (z.B. Wortschatzarbeit, Bildkarten, Methoden,&#8230;)<\/li>\n<li>Ferienhausaufgabe (Wiederholungsheft Alpha)<\/li>\n<li>Tempor\u00e4re Beschulung (Hochbegabung)\/ R\u00fcckstufung (Entwicklungsverz\u00f6gerung) in G1\/ K3+ (bei Bedarf m\u00f6glich)<\/li>\n<li>\u00dcbergabegespr\u00e4che (neue Lehrkr\u00e4fte G1, Erzieherinnen K3+, Schulpsychologie, Abteilungsleitungen KIGA-GS)<\/li>\n<li>Voreinteilung der neuen Klassen G1 (Erzieherinnen K3+, Lehrkr\u00e4fte Alpha und D+, Abteilungsleitung KIGA)<\/li>\n<li>Fallkonferenzen (Lehrkr\u00e4fte, Erzieherinnen K3+, Schulpsychologie, Abteilungsleitungen KIGA-GS)<\/li>\n<li>Hospitation Lehrkr\u00e4fte G1 und Grundschulleitung in K3+ (nach Absprache)<\/li>\n<li>G1-Besuch in K3+ (Vorlesen,&#8230;)<\/li>\n<li>Schulisches Testverfahren zur \u00dcberpr\u00fcfung der Lern- und Entwicklungsst\u00e4nde der K3+Kinder (bei Bedarf)<\/li>\n<li>Kooperationstreffen (Erzieherinnen un Lehrkr\u00e4fte G1, Schulpsychologin, Alpha und D+ Lehrkr\u00e4fte, Abteilungsleitungen KIGA-GS)<\/li>\n<li>Vorlesen der Klassen G1 im Kindergarten<\/li>\n<li>Besuch der K3+Gruppen in den Klassen G1 (Patenschaften, Schnupperstunden,&#8230;)<\/li>\n<li>Einteilung der neuen Klassen G1 (Erzieherinnen K3+, Alpha und D+ Lehrkr\u00e4fte, Abteilungsleitungen KIGA-GS, Schulpsychologie)<\/li>\n<li>Informationselternabend zum \u00dcbergang in die Grundschule f\u00fcr K3+Eltern (Abteilungsleitungen KIGA-GS)<\/li>\n<\/ol>\n","protected":false},"excerpt":{"rendered":"<p>Gemeinsame Teilnahme an Veranstaltungen (Theater, Feste,&#8230;) und gemeinsame Nutzung der R\u00e4umlichkeiten (H\u00f6fe, Sportinstallationen,&#8230;) Arbeitsgruppe (geplant) zur [&hellip;]<\/p>\n","protected":false},"author":15,"featured_media":45738,"parent":1601,"menu_order":48,"comment_status":"closed","ping_status":"closed","template":"","meta":{"site-sidebar-layout":"default","site-content-layout":"default","ast-site-content-layout":"default","site-content-style":"default","site-sidebar-style":"default","ast-global-header-display":"","ast-banner-title-visibility":"","ast-main-header-display":"","ast-hfb-above-header-display":"","ast-hfb-below-header-display":"","ast-hfb-mobile-header-display":"","site-post-title":"","ast-breadcrumbs-content":"","ast-featured-img":"","footer-sml-layout":"","ast-disable-related-posts":"","theme-transparent-header-meta":"default","adv-header-id-meta":"","stick-header-meta":"default","header-above-stick-meta":"","header-main-stick-meta":"","header-below-stick-meta":"","astra-migrate-meta-layouts":"default","ast-page-background-enabled":"default","ast-page-background-meta":{"desktop":{"background-color":"","background-image":"","background-repeat":"repeat","background-position":"center center","background-size":"auto","background-attachment":"scroll","background-type":"","background-media":"","overlay-type":"","overlay-color":"","overlay-opacity":"","overlay-gradient":""},"tablet":{"background-color":"","background-image":"","background-repeat":"repeat","background-position":"center center","background-size":"auto","background-attachment":"scroll","background-type":"","background-media":"","overlay-type":"","overlay-color":"","overlay-opacity":"","overlay-gradient":""},"mobile":{"background-color":"","background-image":"","background-repeat":"repeat","background-position":"center center","background-size":"auto","background-attachment":"scroll","background-type":"","background-media":"","overlay-type":"","overlay-color":"","overlay-opacity":"","overlay-gradient":""}},"ast-content-background-meta":{"desktop":{"background-color":"var(--ast-global-color-5)","background-image":"","background-repeat":"repeat","background-position":"center center","background-size":"auto","background-attachment":"scroll","background-type":"","background-media":"","overlay-type":"","overlay-color":"","overlay-opacity":"","overlay-gradient":""},"tablet":{"background-color":"var(--ast-global-color-5)","background-image":"","background-repeat":"repeat","background-position":"center center","background-size":"auto","background-attachment":"scroll","background-type":"","background-media":"","overlay-type":"","overlay-color":"","overlay-opacity":"","overlay-gradient":""},"mobile":{"background-color":"var(--ast-global-color-5)","background-image":"","background-repeat":"repeat","background-position":"center center","background-size":"auto","background-attachment":"scroll","background-type":"","background-media":"","overlay-type":"","overlay-color":"","overlay-opacity":"","overlay-gradient":""}},"_jet_sm_ready_style":"","_jet_sm_style":"","_jet_sm_controls_values":"","_jet_sm_fonts_collection":"","_jet_sm_fonts_links":"","footnotes":""},"schlagwortedst":[101,149],"wf_page_folders":[211,192],"class_list":["post-43803","page","type-page","status-publish","has-post-thumbnail","hentry","schlagwortedst-deutschuebergang-kg-gs","schlagwortedst-sidekg"],"_links":{"self":[{"href":"https:\/\/www.dstenerife.eu\/es\/wp-json\/wp\/v2\/pages\/43803","targetHints":{"allow":["GET"]}}],"collection":[{"href":"https:\/\/www.dstenerife.eu\/es\/wp-json\/wp\/v2\/pages"}],"about":[{"href":"https:\/\/www.dstenerife.eu\/es\/wp-json\/wp\/v2\/types\/page"}],"author":[{"embeddable":true,"href":"https:\/\/www.dstenerife.eu\/es\/wp-json\/wp\/v2\/users\/15"}],"replies":[{"embeddable":true,"href":"https:\/\/www.dstenerife.eu\/es\/wp-json\/wp\/v2\/comments?post=43803"}],"version-history":[{"count":0,"href":"https:\/\/www.dstenerife.eu\/es\/wp-json\/wp\/v2\/pages\/43803\/revisions"}],"up":[{"embeddable":true,"href":"https:\/\/www.dstenerife.eu\/es\/wp-json\/wp\/v2\/pages\/1601"}],"wp:featuredmedia":[{"embeddable":true,"href":"https:\/\/www.dstenerife.eu\/es\/wp-json\/wp\/v2\/media\/45738"}],"wp:attachment":[{"href":"https:\/\/www.dstenerife.eu\/es\/wp-json\/wp\/v2\/media?parent=43803"}],"wp:term":[{"taxonomy":"schlagwortedst","embeddable":true,"href":"https:\/\/www.dstenerife.eu\/es\/wp-json\/wp\/v2\/schlagwortedst?post=43803"},{"taxonomy":"wf_page_folders","embeddable":true,"href":"https:\/\/www.dstenerife.eu\/es\/wp-json\/wp\/v2\/wf_page_folders?post=43803"}],"curies":[{"name":"wp","href":"https:\/\/api.w.org\/{rel}","templated":true}]}}