{"id":47711,"date":"2021-12-01T10:12:21","date_gmt":"2021-12-01T10:12:21","guid":{"rendered":"https:\/\/www.dstenerife.eu\/?page_id=47711"},"modified":"2025-05-05T11:40:03","modified_gmt":"2025-05-05T10:40:03","slug":"homologacion-y-orientacion-academica-espanola","status":"publish","type":"page","link":"https:\/\/www.dstenerife.eu\/es\/secundaria-y-bachilerato\/departamentos\/homologacion-y-orientacion-academica-espanola\/","title":{"rendered":"Homologaci\u00f3n y orientaci\u00f3n acad\u00e9mica espa\u00f1ola"},"content":{"rendered":"<p><img fetchpriority=\"high\" decoding=\"async\" class=\"aligncenter\" src=\"https:\/\/e969z83yjsq.exactdn.com\/wp-content\/uploads\/2020\/05\/IMG-20200518-WA0016-640x360.jpg?strip=all\" sizes=\"(max-width: 640px) 100vw, 640px\" srcset=\"https:\/\/e969z83yjsq.exactdn.com\/wp-content\/uploads\/2020\/05\/IMG-20200518-WA0016-640x360.jpg?strip=all 640w, https:\/\/www.dstenerife.eu\/wp-content\/uploads\/2020\/05\/IMG-20200518-WA0016-1140x640.jpg 1140w, https:\/\/www.dstenerife.eu\/wp-content\/uploads\/2020\/05\/IMG-20200518-WA0016-180x101.jpg 180w, https:\/\/www.dstenerife.eu\/wp-content\/uploads\/2020\/05\/IMG-20200518-WA0016-768x431.jpg 768w, https:\/\/www.dstenerife.eu\/wp-content\/uploads\/2020\/05\/IMG-20200518-WA0016-534x300.jpg 534w, https:\/\/www.dstenerife.eu\/wp-content\/uploads\/2020\/05\/IMG-20200518-WA0016-752x423.jpg 752w, https:\/\/www.dstenerife.eu\/wp-content\/uploads\/2020\/05\/IMG-20200518-WA0016-376x211.jpg 376w, https:\/\/www.dstenerife.eu\/wp-content\/uploads\/2020\/05\/IMG-20200518-WA0016.jpg 1280w\" alt=\"\" width=\"640\" height=\"360\" \/><\/p>\n<h2 contenteditable=\"true\" data-elementor-setting-key=\"title\" data-pen-placeholder=\"Type Here...\">Homologaci\u00f3n y orientaci\u00f3n acad\u00e9mica espa\u00f1ola<\/h2>\n<p style=\"text-align: justify;\">La Direcci\u00f3n T\u00e9cnica se encarga de realizar los tr\u00e1mites burocr\u00e1ticos para que el alumnado pueda recibir la Homologaci\u00f3n al t\u00edtulo en el sistema educativo espa\u00f1ol o puedan recibir las equivalencias de sus notas. Como responsable de la orientaci\u00f3n acad\u00e9mica espa\u00f1ola, tambi\u00e9n asesora al alumnado para acceder a los estudios superiores fuera del Colegio Alem\u00e1n Santa Cruz de Tenerife.<\/p>\n<h2>Equivalencia de notas<\/h2>\n<ul>\n<li><a href=\"https:\/\/www.dstenerife.eu\/wp-content\/uploads\/2021\/12\/Equivalencia-de-notas-entre-el-sistema-educativo-aleman-y-el-sistema-educativo-espanol-1.pdf\">Equivalencia de notas entre el sistema educativo alem\u00e1n y el sistema educativo espa\u00f1ol.<\/a><\/li>\n<li><a href=\"https:\/\/www.dstenerife.eu\/wp-content\/uploads\/2021\/12\/Equivalencia-de-notas-reconocimiento-de-asignaturas-del-sistema-aleman.-Clases-11-y-12.pdf\">Equivalencia de notas: reconocimiento de asignaturas del sistema alem\u00e1n (clases 11 y 12).<\/a><\/li>\n<\/ul>\n<h2>Homologaci\u00f3n al T\u00edtulo Graduado en ESO<\/h2>\n<ul>\n<li><a href=\"https:\/\/www.dstenerife.eu\/wp-content\/uploads\/2025\/05\/Homologacion-al-Titulo-de-ESO.-Con-logo.pdf\" target=\"_blank\" rel=\"noopener\">Homologaci\u00f3n al T\u00edtulo de Graduado en Educaci\u00f3n Secundaria Obligatoria.<\/a><\/li>\n<li><a href=\"https:\/\/www.dstenerife.eu\/wp-content\/uploads\/2025\/05\/Homologacion-al-Titulo-de-Graduado-en-Educacion-Secundaria-Obligatoria.-EXPLICACION-GRAFICA-1.pdf\" target=\"_blank\" rel=\"noopener\">Explicaci\u00f3n gr\u00e1fica.\u00a0<\/a><\/li>\n<\/ul>\n<h2>Homologaci\u00f3n al T\u00edtulo de Bachiller y Universidad<\/h2>\n<ul>\n<li><a href=\"https:\/\/www.dstenerife.eu\/wp-content\/uploads\/2025\/05\/Homologacion-al-Titulo-de-Bachiller.-Con-logo.pdf\" target=\"_blank\" rel=\"noopener\">Homologaci\u00f3n al T\u00edtulo de Bachiller.<\/a><\/li>\n<li><a href=\"https:\/\/www.dstenerife.eu\/wp-content\/uploads\/2025\/05\/Homologacion-al-Titulo-de-Bachiller.-EXPLICACION-GRAFICA.pdf\" target=\"_blank\" rel=\"noopener\">Acceso a la universidad espa\u00f1ola (explicaci\u00f3n gr\u00e1fica).<\/a><\/li>\n<li><a href=\"https:\/\/www.dstenerife.eu\/wp-content\/uploads\/2025\/05\/Reconocimiento-de-asignaturas-cursadas-con-logo-en-Espanol.pdf\" target=\"_blank\" rel=\"noopener\">Reconocimiento de asignaturas cursadas o evaluadas en el sistema educativo alem\u00e1n.<\/a><\/li>\n<li><a href=\"https:\/\/www.dstenerife.eu\/wp-content\/uploads\/2025\/05\/Informacion-para-el-alumnado-de-la-clase-12.-Tramites-burocraticos.pdf\" target=\"_blank\" rel=\"noopener\">Informaci\u00f3n para el alumnado de la clase 12. Tr\u00e1mites burocr\u00e1ticos.<\/a><\/li>\n<\/ul>\n<h2>PAU-Kurse<\/h2>\n<ul>\n<li><a href=\"https:\/\/www.dstenerife.eu\/wp-content\/uploads\/2025\/05\/Asignaturas-PAU-Kurse-en-espanol-con-encabezado-1.pdf\" target=\"_blank\" rel=\"noopener\">Asignaturas PAU-Kurse.<\/a><\/li>\n<li><a href=\"https:\/\/www.dstenerife.eu\/wp-content\/uploads\/2025\/05\/Matricula-en-PAU-Kurse.-Abril-2025-1.pdf\" target=\"_blank\" rel=\"noopener\">Matr\u00edcula en PAU-Kurse.<\/a><\/li>\n<li><a href=\"https:\/\/www.dstenerife.eu\/wp-content\/uploads\/2025\/05\/Informacion-sobre-la-eleccion-de-las-asignaturas-PAU.pdf\" target=\"_blank\" rel=\"noopener\">Informaci\u00f3n sobre la elecci\u00f3n de asignaturas PAU<\/a><\/li>\n<\/ul>\n<h3>Ponderaciones de las Universidades<\/h3>\n<ul>\n<li><a href=\"https:\/\/drive.google.com\/file\/d\/1IZVkt1n-G8SQU-77q_1VxvOpcM9Yzoh5\/view\" target=\"_blank\" rel=\"noopener\">Universidad de La Laguna (PAU 2025).<\/a><\/li>\n<li><a href=\"https:\/\/www.ulpgc.es\/sites\/default\/files\/ArchivosULPGC\/direccion-acceso\/EBAU\/ponderaciones_2025_v8_referencia_06-03-2025.pdf\" target=\"_blank\" rel=\"noopener\">Universidad de Las Palmas de Gran Canaria (PAU 2025).<\/a><\/li>\n<li><a href=\"https:\/\/www.uc3m.es\/grado\/media\/grado\/doc\/archivo\/doc_tabla_ponderaciones_2025\/uc3m_ponderaciones25-26_def_8.pdf\" target=\"_blank\" rel=\"noopener\">Universidad Carlos III Madrid (PAU 2025).<\/a><\/li>\n<li><a href=\"https:\/\/www.ucm.es\/ponderaciones-de-materias-de-bachillerato\" target=\"_blank\" rel=\"noopener\">Universidad Complutense Madrid (PAU 2025).<\/a><\/li>\n<li><a href=\"https:\/\/www.comunidad.madrid\/sites\/default\/files\/doc\/educacion\/univ\/notas_de_corte_2024-25_-_ordinaria.pdf\" target=\"_blank\" rel=\"noopener\">Distrito \u00fanico de Madrid (PAU 2025).<\/a><\/li>\n<li><a href=\"https:\/\/universitats.gva.es\/documents\/389338055\/389340585\/PONDERACIONES+2025-cast-Actual25-04-04.pdf\/efc9ec1e-7f78-139f-c4e7-489ace59504c?t=1743765343113\" target=\"_blank\" rel=\"noopener\">Universidad de Valencia (PAU 2025).<\/a><\/li>\n<\/ul>\n<h3><strong>Notas de corte de las Universidades<\/strong><\/h3>\n<ul>\n<li><a href=\"https:\/\/drive.google.com\/file\/d\/1V7SMgDoVFcXll2IfSp4vHnibk3oHbAWl\/view\" target=\"_blank\" rel=\"noopener\">Universidad de La Laguna (curso 2024-2025).<\/a><\/li>\n<li><a href=\"https:\/\/www.ulpgc.es\/sites\/default\/files\/ArchivosULPGC\/gestion-academica\/notas_de_corte_definitivas_2024-2025.pdf\" target=\"_blank\" rel=\"noopener\">Universidad de Las Palmas de Gran Canaria (curso 2024-2025).<\/a><\/li>\n<li><a href=\"https:\/\/www.uc3m.es\/grado\/admision\/notas-corte\" target=\"_blank\" rel=\"noopener\">Universidades Carlos III Madrid (curso 2024-2025).<\/a><\/li>\n<li><a href=\"https:\/\/www.ucm.es\/notas-de-corte\" target=\"_blank\" rel=\"noopener\">Universidades Complutense Madrid (curso 2024-2025).<\/a><\/li>\n<li><a href=\"https:\/\/www.uv.es\/graus\/admissio\/Notes_tall_1.pdf\" target=\"_blank\" rel=\"noopener\">Universidad de Valencia (curso 2024-2025).<\/a><\/li>\n<\/ul>\n<h3>PAU en la Universidad de La Laguna<\/h3>\n<p><a href=\"https:\/\/www.ull.es\/admision-becas\/ebau\/#informacion-general\">Informaci\u00f3n sobre la PAU de la Universidad de La Laguna.<\/a><\/p>\n<p><a href=\"https:\/\/www.ull.es\/admision-becas\/ebau\/protocolo-actuacion-ebau-alu-diversidad-funcional-neae\/\">Protocolo de actuaci\u00f3n en la PAU para alumnado que acredite tener diversidad funcional o necesidades espec\u00edficas de apoyo educativo (NEAE).<\/a><\/p>\n<p><a href=\"https:\/\/www.gobiernodecanarias.org\/educacion\/web\/bachillerato\/pau\/calendario-celebracion-pau\/\" target=\"_blank\" rel=\"noopener\">Calendario de la PAU.<\/a><\/p>\n<h3>Enlaces de inter\u00e9s<\/h3>\n<ul>\n<li><a href=\"https:\/\/www.unitour.es\/buscador-grados-universitarios\" target=\"_blank\" rel=\"noopener\">Buscador de grados.<\/a><\/li>\n<li><a href=\"https:\/\/sede.educacion.gob.es\/sede\/login\/inicio.jjsp?idConvocatoria=1486\" target=\"_blank\" rel=\"noopener\">Sede electr\u00f3nica del Ministerio de Educaci\u00f3n, Formaci\u00f3n Profesional y Deportes. (Descargas de Homologaciones)<\/a><\/li>\n<li><a href=\"https:\/\/reg.redsara.es\/\" target=\"_blank\" rel=\"noopener\">Registro Electr\u00f3nico General (REG).<\/a><\/li>\n<li><a href=\"https:\/\/www.educacionfpydeportes.gob.es\/servicios-al-ciudadano\/catalogo\/general\/0\/tasa-790-079-ingreso.html\" target=\"_blank\" rel=\"noopener\">Tasa del modelo 790.<\/a><\/li>\n<\/ul>\n<h3>Formaci\u00f3n Profesional<\/h3>\n<ul>\n<li><a href=\"https:\/\/www.gobiernodecanarias.org\/educacion\/web\/formacion_profesional\/ensenanzas\/titulos\/\" target=\"_blank\" rel=\"noopener\">T\u00edtulos de Formaci\u00f3n Profesional del Gobierno de Canarias.<\/a><\/li>\n<li><a href=\"https:\/\/www.gobiernodecanarias.org\/educacion\/web\/alumnado-familias\/admision_alumnado\/formacion_profesional\/index.html\" target=\"_blank\" rel=\"noopener\">Admisi\u00f3n y matr\u00edcula.<\/a><\/li>\n<li><a href=\"https:\/\/www.camara.es\/fpdual\/index.html#cce-fp-dual\" target=\"_blank\" rel=\"noopener\">FP Dual.<\/a><\/li>\n<li><a href=\"https:\/\/www.todofp.es\/inicio.html\" target=\"_blank\" rel=\"noopener\">Todo FP.<\/a><\/li>\n<\/ul>\n<h3>Becas<\/h3>\n<ul>\n<li><a href=\"https:\/\/www.gobiernodecanarias.org\/educacion\/web\/estudiantes\/becas_ayudas_subvenciones\/\">Consejer\u00eda de Educaci\u00f3n, Universidades, Cultura y Deporte. Gobierno de Canarias.<\/a><\/li>\n<li><a href=\"https:\/\/www.educacionyfp.gob.es\/servicios-al-ciudadano\/catalogo\/estudiantes\/becas-ayudas\/para-estudiar.html\">Ministerio de Educaci\u00f3n y Formaci\u00f3n Profesional.<\/a><\/li>\n<\/ul>\n<h3>\u00bfQu\u00e9 ventajas tiene estudiar en el DST?<\/h3>\n<ul>\n<li><a href=\"https:\/\/www.dstenerife.eu\/wp-content\/uploads\/2025\/05\/Que-ventajas-tiene-estudiar-en-el-DST.-Informacion-para-las-familias-y-el-alumnado.pdf\" target=\"_blank\" rel=\"noopener\">Ventajas<\/a><\/li>\n<\/ul>\n<h2><a href=\"https:\/\/e969z83yjsq.exactdn.com\/wp-content\/uploads\/2025\/05\/Orientacion-Academica-Espanola-2025-2026-1.jpg?strip=all&w=2560\" target=\"_blank\" rel=\"noopener\">Orientaci\u00f3n Acad\u00e9mica Espa\u00f1ola<br \/>\n<\/a><\/h2>\n<h2><a href=\"https:\/\/e969z83yjsq.exactdn.com\/wp-content\/uploads\/2025\/05\/Orientacion-Academica-Espanola-2025-2026.jpg?strip=all&w=2560\"><img decoding=\"async\" class=\"aligncenter size-medium wp-image-94429\" src=\"https:\/\/e969z83yjsq.exactdn.com\/wp-content\/uploads\/2025\/05\/Orientacion-Academica-Espanola-2025-2026-752x423.jpg?strip=all\" alt=\"\" width=\"752\" height=\"423\" srcset=\"https:\/\/e969z83yjsq.exactdn.com\/wp-content\/uploads\/2025\/05\/Orientacion-Academica-Espanola-2025-2026-752x423.jpg?strip=all 752w, https:\/\/e969z83yjsq.exactdn.com\/wp-content\/uploads\/2025\/05\/Orientacion-Academica-Espanola-2025-2026-768x432.jpg?strip=all 768w, https:\/\/e969z83yjsq.exactdn.com\/wp-content\/uploads\/2025\/05\/Orientacion-Academica-Espanola-2025-2026-320x180.jpg?strip=all 320w, https:\/\/e969z83yjsq.exactdn.com\/wp-content\/uploads\/2025\/05\/Orientacion-Academica-Espanola-2025-2026.jpg?strip=all 1280w, https:\/\/e969z83yjsq.exactdn.com\/wp-content\/uploads\/2025\/05\/Orientacion-Academica-Espanola-2025-2026.jpg?strip=all&amp;w=256 256w, https:\/\/e969z83yjsq.exactdn.com\/wp-content\/uploads\/2025\/05\/Orientacion-Academica-Espanola-2025-2026.jpg?strip=all&amp;w=512 512w, https:\/\/e969z83yjsq.exactdn.com\/wp-content\/uploads\/2025\/05\/Orientacion-Academica-Espanola-2025-2026.jpg?strip=all&amp;w=1024 1024w, https:\/\/e969z83yjsq.exactdn.com\/wp-content\/uploads\/2025\/05\/Orientacion-Academica-Espanola-2025-2026.jpg?strip=all&amp;w=450 450w\" sizes=\"(max-width: 752px) 100vw, 752px\" \/><\/a><\/h2>\n","protected":false},"excerpt":{"rendered":"<p>Homologaci\u00f3n y orientaci\u00f3n acad\u00e9mica espa\u00f1ola La Direcci\u00f3n T\u00e9cnica se encarga de realizar los tr\u00e1mites burocr\u00e1ticos para [&hellip;]<\/p>\n","protected":false},"author":13,"featured_media":0,"parent":42264,"menu_order":4,"comment_status":"closed","ping_status":"closed","template":"","meta":{"site-sidebar-layout":"default","site-content-layout":"default","ast-site-content-layout":"default","site-content-style":"default","site-sidebar-style":"default","ast-global-header-display":"","ast-banner-title-visibility":"","ast-main-header-display":"","ast-hfb-above-header-display":"","ast-hfb-below-header-display":"","ast-hfb-mobile-header-display":"","site-post-title":"","ast-breadcrumbs-content":"","ast-featured-img":"","footer-sml-layout":"","ast-disable-related-posts":"","theme-transparent-header-meta":"default","adv-header-id-meta":"","stick-header-meta":"default","header-above-stick-meta":"","header-main-stick-meta":"","header-below-stick-meta":"","astra-migrate-meta-layouts":"set","ast-page-background-enabled":"default","ast-page-background-meta":{"desktop":{"background-color":"","background-image":"","background-repeat":"repeat","background-position":"center center","background-size":"auto","background-attachment":"scroll","background-type":"","background-media":"","overlay-type":"","overlay-color":"","overlay-opacity":"","overlay-gradient":""},"tablet":{"background-color":"","background-image":"","background-repeat":"repeat","background-position":"center center","background-size":"auto","background-attachment":"scroll","background-type":"","background-media":"","overlay-type":"","overlay-color":"","overlay-opacity":"","overlay-gradient":""},"mobile":{"background-color":"","background-image":"","background-repeat":"repeat","background-position":"center center","background-size":"auto","background-attachment":"scroll","background-type":"","background-media":"","overlay-type":"","overlay-color":"","overlay-opacity":"","overlay-gradient":""}},"ast-content-background-meta":{"desktop":{"background-color":"var(--ast-global-color-5)","background-image":"","background-repeat":"repeat","background-position":"center center","background-size":"auto","background-attachment":"scroll","background-type":"","background-media":"","overlay-type":"","overlay-color":"","overlay-opacity":"","overlay-gradient":""},"tablet":{"background-color":"var(--ast-global-color-5)","background-image":"","background-repeat":"repeat","background-position":"center center","background-size":"auto","background-attachment":"scroll","background-type":"","background-media":"","overlay-type":"","overlay-color":"","overlay-opacity":"","overlay-gradient":""},"mobile":{"background-color":"var(--ast-global-color-5)","background-image":"","background-repeat":"repeat","background-position":"center center","background-size":"auto","background-attachment":"scroll","background-type":"","background-media":"","overlay-type":"","overlay-color":"","overlay-opacity":"","overlay-gradient":""}},"_jet_sm_ready_style":"","_jet_sm_style":"","_jet_sm_controls_values":"","_jet_sm_fonts_collection":"","_jet_sm_fonts_links":"","footnotes":""},"schlagwortedst":[151],"wf_page_folders":[186],"class_list":["post-47711","page","type-page","status-publish","hentry","schlagwortedst-sidesek"],"_links":{"self":[{"href":"https:\/\/www.dstenerife.eu\/es\/wp-json\/wp\/v2\/pages\/47711","targetHints":{"allow":["GET"]}}],"collection":[{"href":"https:\/\/www.dstenerife.eu\/es\/wp-json\/wp\/v2\/pages"}],"about":[{"href":"https:\/\/www.dstenerife.eu\/es\/wp-json\/wp\/v2\/types\/page"}],"author":[{"embeddable":true,"href":"https:\/\/www.dstenerife.eu\/es\/wp-json\/wp\/v2\/users\/13"}],"replies":[{"embeddable":true,"href":"https:\/\/www.dstenerife.eu\/es\/wp-json\/wp\/v2\/comments?post=47711"}],"version-history":[{"count":121,"href":"https:\/\/www.dstenerife.eu\/es\/wp-json\/wp\/v2\/pages\/47711\/revisions"}],"predecessor-version":[{"id":94468,"href":"https:\/\/www.dstenerife.eu\/es\/wp-json\/wp\/v2\/pages\/47711\/revisions\/94468"}],"up":[{"embeddable":true,"href":"https:\/\/www.dstenerife.eu\/es\/wp-json\/wp\/v2\/pages\/42264"}],"wp:attachment":[{"href":"https:\/\/www.dstenerife.eu\/es\/wp-json\/wp\/v2\/media?parent=47711"}],"wp:term":[{"taxonomy":"schlagwortedst","embeddable":true,"href":"https:\/\/www.dstenerife.eu\/es\/wp-json\/wp\/v2\/schlagwortedst?post=47711"},{"taxonomy":"wf_page_folders","embeddable":true,"href":"https:\/\/www.dstenerife.eu\/es\/wp-json\/wp\/v2\/wf_page_folders?post=47711"}],"curies":[{"name":"wp","href":"https:\/\/api.w.org\/{rel}","templated":true}]}}