{"id":4773,"date":"2016-04-23T14:41:01","date_gmt":"2016-04-23T14:41:01","guid":{"rendered":"https:\/\/kopie.dst.deutsche-schule.eu\/es\/?page_id=4773"},"modified":"2016-04-23T14:42:58","modified_gmt":"2016-04-23T14:42:58","slug":"4773-2","status":"publish","type":"page","link":"https:\/\/www.dstenerife.eu\/es\/colegio\/planes-y-conceptos-escolares\/concursos__trashed\/4773-2\/","title":{"rendered":"Jugend forscht \/ Sch\u00fcler experimentieren"},"content":{"rendered":"<p>\u201cJugend forscht\u201d es un <a href=\"http:\/\/www.jugend-forscht.de\/\" target=\"_blank\">concurso nacional en Alemania<\/a>, en el que pueden participar los Colegios Alemanes en el Extranjero, como el DST. El concurso est\u00e1 clasificado por edades. Los alumnos menores de 14 a\u00f1os participan en el concurso \u201cSch\u00fcler experimentieren\u201d y a partir de los 15 a\u00f1os pasan a participar en el concurso \u201cJugend forscht\u201d. El concurso parte a nivel regional, los ganadores pasan a concursar a nivel nacional. Los participantes de \u201cJugend forscht\u201d tambi\u00e9n pueden participar en una competici\u00f3n nacional en Alemania.<\/p>\n<p>Los alumnos abordan experimentos de las \u00e1reas del trabajo, la tecnolog\u00eda, las ciencias de la tierra, la biolog\u00eda, la qu\u00edmica, la inform\u00e1tica, las matem\u00e1ticas o la f\u00edsica. Debido a que son los alumnos quienes desarrollan los experimentos, no hay temario o ejercicios fijados. La mayor\u00eda de las ideas parten de observaciones del d\u00eda a d\u00eda, que a su vez conducen a una pregunta, a partir de la cual, deriva en un experimento cient\u00edfico.<\/p>\n<p>El objetivo de la actividad extraescolar \u201cJugend forscht\u201d, que se imparte en el DST, en un principio es que un grupo participe en el concurso regional de la Pen\u00ednsula Ib\u00e9rica \u201cJugend forscht\u201d o \u201cSch\u00fcler experimentieren\u201d. A medio o largo plazo, ser\u00eda deseable el asentamiento y crecimiento de esta actividad extraescolar cient\u00edfica en el DST. En ese caso ser\u00eda concebible la cooperaci\u00f3n con los institutos e instituciones de investigaci\u00f3n locales.<\/p>\n","protected":false},"excerpt":{"rendered":"<p>\u201cJugend forscht\u201d es un concurso nacional en Alemania, en el que pueden participar los Colegios Alemanes [&hellip;]<\/p>\n","protected":false},"author":10,"featured_media":2239,"parent":894,"menu_order":6,"comment_status":"closed","ping_status":"closed","template":"","meta":{"site-sidebar-layout":"default","site-content-layout":"","ast-site-content-layout":"default","site-content-style":"default","site-sidebar-style":"default","ast-global-header-display":"","ast-banner-title-visibility":"","ast-main-header-display":"","ast-hfb-above-header-display":"","ast-hfb-below-header-display":"","ast-hfb-mobile-header-display":"","site-post-title":"","ast-breadcrumbs-content":"","ast-featured-img":"","footer-sml-layout":"","ast-disable-related-posts":"","theme-transparent-header-meta":"","adv-header-id-meta":"","stick-header-meta":"","header-above-stick-meta":"","header-main-stick-meta":"","header-below-stick-meta":"","astra-migrate-meta-layouts":"default","ast-page-background-enabled":"default","ast-page-background-meta":{"desktop":{"background-color":"","background-image":"","background-repeat":"repeat","background-position":"center center","background-size":"auto","background-attachment":"scroll","background-type":"","background-media":"","overlay-type":"","overlay-color":"","overlay-opacity":"","overlay-gradient":""},"tablet":{"background-color":"","background-image":"","background-repeat":"repeat","background-position":"center center","background-size":"auto","background-attachment":"scroll","background-type":"","background-media":"","overlay-type":"","overlay-color":"","overlay-opacity":"","overlay-gradient":""},"mobile":{"background-color":"","background-image":"","background-repeat":"repeat","background-position":"center center","background-size":"auto","background-attachment":"scroll","background-type":"","background-media":"","overlay-type":"","overlay-color":"","overlay-opacity":"","overlay-gradient":""}},"ast-content-background-meta":{"desktop":{"background-color":"var(--ast-global-color-5)","background-image":"","background-repeat":"repeat","background-position":"center center","background-size":"auto","background-attachment":"scroll","background-type":"","background-media":"","overlay-type":"","overlay-color":"","overlay-opacity":"","overlay-gradient":""},"tablet":{"background-color":"var(--ast-global-color-5)","background-image":"","background-repeat":"repeat","background-position":"center center","background-size":"auto","background-attachment":"scroll","background-type":"","background-media":"","overlay-type":"","overlay-color":"","overlay-opacity":"","overlay-gradient":""},"mobile":{"background-color":"var(--ast-global-color-5)","background-image":"","background-repeat":"repeat","background-position":"center center","background-size":"auto","background-attachment":"scroll","background-type":"","background-media":"","overlay-type":"","overlay-color":"","overlay-opacity":"","overlay-gradient":""}},"_jet_sm_ready_style":"","_jet_sm_style":"","_jet_sm_controls_values":"","_jet_sm_fonts_collection":"","_jet_sm_fonts_links":"","footnotes":""},"schlagwortedst":[],"wf_page_folders":[184],"class_list":["post-4773","page","type-page","status-publish","has-post-thumbnail","hentry"],"_links":{"self":[{"href":"https:\/\/www.dstenerife.eu\/es\/wp-json\/wp\/v2\/pages\/4773","targetHints":{"allow":["GET"]}}],"collection":[{"href":"https:\/\/www.dstenerife.eu\/es\/wp-json\/wp\/v2\/pages"}],"about":[{"href":"https:\/\/www.dstenerife.eu\/es\/wp-json\/wp\/v2\/types\/page"}],"author":[{"embeddable":true,"href":"https:\/\/www.dstenerife.eu\/es\/wp-json\/wp\/v2\/users\/10"}],"replies":[{"embeddable":true,"href":"https:\/\/www.dstenerife.eu\/es\/wp-json\/wp\/v2\/comments?post=4773"}],"version-history":[{"count":0,"href":"https:\/\/www.dstenerife.eu\/es\/wp-json\/wp\/v2\/pages\/4773\/revisions"}],"up":[{"embeddable":true,"href":"https:\/\/www.dstenerife.eu\/es\/wp-json\/wp\/v2\/pages\/894"}],"wp:featuredmedia":[{"embeddable":true,"href":"https:\/\/www.dstenerife.eu\/es\/wp-json\/wp\/v2\/media\/2239"}],"wp:attachment":[{"href":"https:\/\/www.dstenerife.eu\/es\/wp-json\/wp\/v2\/media?parent=4773"}],"wp:term":[{"taxonomy":"schlagwortedst","embeddable":true,"href":"https:\/\/www.dstenerife.eu\/es\/wp-json\/wp\/v2\/schlagwortedst?post=4773"},{"taxonomy":"wf_page_folders","embeddable":true,"href":"https:\/\/www.dstenerife.eu\/es\/wp-json\/wp\/v2\/wf_page_folders?post=4773"}],"curies":[{"name":"wp","href":"https:\/\/api.w.org\/{rel}","templated":true}]}}