{"id":543,"date":"2015-02-06T00:31:27","date_gmt":"2015-02-06T00:31:27","guid":{"rendered":"http:\/\/dstenerife.ducklingit.com\/?page_id=543"},"modified":"2024-06-21T11:32:25","modified_gmt":"2024-06-21T10:32:25","slug":"schulprofil-und-leitbild","status":"publish","type":"page","link":"https:\/\/www.dstenerife.eu\/es\/colegio\/schulprofil-und-leitbild\/","title":{"rendered":"Perfil e ideario escolar"},"content":{"rendered":"<p>El Colegio Alem\u00e1n de Santa Cruz de Tenerife (DST) es un colegio biling\u00fce en el que se preparara al alumnado para el ingreso en la Universidad alemana y espa\u00f1ola. Adem\u00e1s, existe la posibilidad de obtener el T\u00edtulo de Educaci\u00f3n Secundaria Obligatoria despu\u00e9s de 4.\u00ba de la ESO. El DST es un Colegio Alem\u00e1n en el Extranjero independiente y privado, reconocido como tal por el estado Espa\u00f1ol de acuerdo con el Real Decreto 806\/1993 del 28.05.1993. Recibe financiaci\u00f3n econ\u00f3mica y personal de la Oficina Federal de Relaciones Exteriores de la Rep\u00fablica Federal de Alemania, al igual que es reconocido y supervisado \u00a0por la Conferencia Permanente de los Ministros de la Rep\u00fablica Federal de Alemania (KMK).\u00a0 La Central de Colegios en el Extrajero (ZfA) de la Oficina Federal de Administraci\u00f3n (BVA) supervisa la organizaci\u00f3n del colegio, proporciona apoyo financiero y material educativo y env\u00eda profesorado en comisi\u00f3n de servicio por un tiempo limitado.<\/p>\n<p>La mayor\u00eda del alumnado accede a trav\u00e9s de Educaci\u00f3n Infantil con un a\u00f1o o a los tres a\u00f1os en el Kindergarten. Esto da lugar a dos clases paralelas en Primaria, que luego contin\u00faan en la Secundaria.<\/p>\n<p>Los principios rectores del colegio describen lo que es importante en el Colegio Alem\u00e1n Santa Cruz de Tenerife (DST). Nombran los objetivos que son importantes y creemos dignos de alcanzar. Algunos principios describen hechos, otros indican metas. En su conjunto proporcionan una imagen ideal del colegio, los llamados principios rectores.<\/p>\n<p><img fetchpriority=\"high\" decoding=\"async\" class=\"alignnone size-full wp-image-4879\" src=\"https:\/\/e969z83yjsq.exactdn.com\/wp-content\/uploads\/2015\/04\/Leitbild-span.png?strip=all\" alt=\"Leitbild-span\" width=\"966\" height=\"744\" srcset=\"https:\/\/e969z83yjsq.exactdn.com\/wp-content\/uploads\/2015\/04\/Leitbild-span.png?strip=all 966w, https:\/\/e969z83yjsq.exactdn.com\/wp-content\/uploads\/2015\/04\/Leitbild-span-768x592.png?strip=all 768w, https:\/\/e969z83yjsq.exactdn.com\/wp-content\/uploads\/2015\/04\/Leitbild-span.png?strip=all&amp;w=193 193w, https:\/\/e969z83yjsq.exactdn.com\/wp-content\/uploads\/2015\/04\/Leitbild-span.png?strip=all&amp;w=386 386w, https:\/\/e969z83yjsq.exactdn.com\/wp-content\/uploads\/2015\/04\/Leitbild-span.png?strip=all&amp;w=579 579w, https:\/\/e969z83yjsq.exactdn.com\/wp-content\/uploads\/2015\/04\/Leitbild-span.png?strip=all&amp;w=450 450w\" sizes=\"(max-width: 966px) 100vw, 966px\" \/><\/p>\n<p>&nbsp;<\/p>\n<p><a href=\"https:\/\/www.dstenerife.eu\/wp-content\/uploads\/2020\/01\/Schulprogramm_aktualisiert_15012020.pdf\" target=\"_blank\" rel=\"noopener noreferrer\"><strong>Programa y perfil escolar (Junio 2024)<\/strong><\/a><\/p>\n<a href=\"https:\/\/www.dstenerife.eu\/wp-content\/uploads\/2024\/06\/Schulprogramm-2024.pdf\" class=\"pdfemb-viewer\" style=\"\" data-width=\"max\" data-height=\"max\" data-toolbar=\"top\" data-toolbar-fixed=\"on\">Schulprogramm-2024<\/a>\n<p>Se esta trabajando en una versi\u00f3n espa\u00f1ola.<\/p>\n","protected":false},"excerpt":{"rendered":"<p>El Colegio Alem\u00e1n de Santa Cruz de Tenerife (DST) es un colegio biling\u00fce en el que [&hellip;]<\/p>\n","protected":false},"author":15,"featured_media":0,"parent":902,"menu_order":6,"comment_status":"closed","ping_status":"closed","template":"","meta":{"site-sidebar-layout":"right-sidebar","site-content-layout":"default","ast-site-content-layout":"default","site-content-style":"default","site-sidebar-style":"default","ast-global-header-display":"","ast-banner-title-visibility":"","ast-main-header-display":"","ast-hfb-above-header-display":"","ast-hfb-below-header-display":"","ast-hfb-mobile-header-display":"","site-post-title":"","ast-breadcrumbs-content":"","ast-featured-img":"","footer-sml-layout":"","ast-disable-related-posts":"","theme-transparent-header-meta":"default","adv-header-id-meta":"","stick-header-meta":"default","header-above-stick-meta":"","header-main-stick-meta":"","header-below-stick-meta":"","astra-migrate-meta-layouts":"set","ast-page-background-enabled":"default","ast-page-background-meta":{"desktop":{"background-color":"","background-image":"","background-repeat":"repeat","background-position":"center center","background-size":"auto","background-attachment":"scroll","background-type":"","background-media":"","overlay-type":"","overlay-color":"","overlay-opacity":"","overlay-gradient":""},"tablet":{"background-color":"","background-image":"","background-repeat":"repeat","background-position":"center center","background-size":"auto","background-attachment":"scroll","background-type":"","background-media":"","overlay-type":"","overlay-color":"","overlay-opacity":"","overlay-gradient":""},"mobile":{"background-color":"","background-image":"","background-repeat":"repeat","background-position":"center center","background-size":"auto","background-attachment":"scroll","background-type":"","background-media":"","overlay-type":"","overlay-color":"","overlay-opacity":"","overlay-gradient":""}},"ast-content-background-meta":{"desktop":{"background-color":"var(--ast-global-color-5)","background-image":"","background-repeat":"repeat","background-position":"center center","background-size":"auto","background-attachment":"scroll","background-type":"","background-media":"","overlay-type":"","overlay-color":"","overlay-opacity":"","overlay-gradient":""},"tablet":{"background-color":"var(--ast-global-color-5)","background-image":"","background-repeat":"repeat","background-position":"center center","background-size":"auto","background-attachment":"scroll","background-type":"","background-media":"","overlay-type":"","overlay-color":"","overlay-opacity":"","overlay-gradient":""},"mobile":{"background-color":"var(--ast-global-color-5)","background-image":"","background-repeat":"repeat","background-position":"center center","background-size":"auto","background-attachment":"scroll","background-type":"","background-media":"","overlay-type":"","overlay-color":"","overlay-opacity":"","overlay-gradient":""}},"_jet_sm_ready_style":"","_jet_sm_style":"","_jet_sm_controls_values":"","_jet_sm_fonts_collection":"","_jet_sm_fonts_links":"","footnotes":""},"schlagwortedst":[153],"wf_page_folders":[176],"class_list":["post-543","page","type-page","status-publish","hentry","schlagwortedst-sideschule"],"_links":{"self":[{"href":"https:\/\/www.dstenerife.eu\/es\/wp-json\/wp\/v2\/pages\/543","targetHints":{"allow":["GET"]}}],"collection":[{"href":"https:\/\/www.dstenerife.eu\/es\/wp-json\/wp\/v2\/pages"}],"about":[{"href":"https:\/\/www.dstenerife.eu\/es\/wp-json\/wp\/v2\/types\/page"}],"author":[{"embeddable":true,"href":"https:\/\/www.dstenerife.eu\/es\/wp-json\/wp\/v2\/users\/15"}],"replies":[{"embeddable":true,"href":"https:\/\/www.dstenerife.eu\/es\/wp-json\/wp\/v2\/comments?post=543"}],"version-history":[{"count":3,"href":"https:\/\/www.dstenerife.eu\/es\/wp-json\/wp\/v2\/pages\/543\/revisions"}],"predecessor-version":[{"id":72611,"href":"https:\/\/www.dstenerife.eu\/es\/wp-json\/wp\/v2\/pages\/543\/revisions\/72611"}],"up":[{"embeddable":true,"href":"https:\/\/www.dstenerife.eu\/es\/wp-json\/wp\/v2\/pages\/902"}],"wp:attachment":[{"href":"https:\/\/www.dstenerife.eu\/es\/wp-json\/wp\/v2\/media?parent=543"}],"wp:term":[{"taxonomy":"schlagwortedst","embeddable":true,"href":"https:\/\/www.dstenerife.eu\/es\/wp-json\/wp\/v2\/schlagwortedst?post=543"},{"taxonomy":"wf_page_folders","embeddable":true,"href":"https:\/\/www.dstenerife.eu\/es\/wp-json\/wp\/v2\/wf_page_folders?post=543"}],"curies":[{"name":"wp","href":"https:\/\/api.w.org\/{rel}","templated":true}]}}