{"id":6199,"date":"2016-06-26T07:26:55","date_gmt":"2016-06-26T07:26:55","guid":{"rendered":"https:\/\/kopie.dst.deutsche-schule.eu\/es\/?page_id=6199"},"modified":"2021-03-07T05:33:13","modified_gmt":"2021-03-07T05:33:13","slug":"fiesta-de-verano-en-la-primaria","status":"publish","type":"page","link":"https:\/\/www.dstenerife.eu\/es\/fiesta-de-verano-en-la-primaria\/","title":{"rendered":"Fiesta de verano en la Primaria"},"content":{"rendered":"<p>Erde-Wasser-Feuer-Luft-die vier Elemente als Sinnbild f\u00fcr Verschiedenheit und Gemeinsamkeit.<\/p>\n<p>Hierzu haben die Sch\u00fclerinnen und Sch\u00fcler der Grundschule in der vergangenen Projekt- und Lesewoche vielseitig gearbeitet und das Sommerfest am 24.06.2016 vorbereitet.\u00a0Mit\u00a0einer\u00a0bezaubernden Auff\u00fchrung\u00a0 und\u00a0dem\u00a0anschlie\u00dfenden Fest in den H\u00f6fen und R\u00e4umlichkeiten der Grundschule wurde das Schuljahr 2015\/2016 verabschiedet. Die Tombola begeisterte alle gro\u00dfen und kleinen G\u00e4ste, es wurde getanzt, geschminkt und\u00a0gespielt. Auch f\u00fcr das leibliche Wohl war an den Klassenbuffets bestens gesorgt.<\/p>\n<p>\u00abWas f\u00fcr ein Tag\u00bb, so hie\u00df es im gemeinsamen Abschlusslied. Wir freuen uns auf ein Wiedersehen im Schuljahr 2016\/2017 und bedanken uns bei allen Kindern,\u00a0den vielen\u00a0Helferinnen und Helfern, dem Kollegium \u00a0sowie\u00a0den Eltern f\u00fcr die tolle Unterst\u00fctzung.<\/p>\n","protected":false},"excerpt":{"rendered":"<p>Erde-Wasser-Feuer-Luft-die vier Elemente als Sinnbild f\u00fcr Verschiedenheit und Gemeinsamkeit. Hierzu haben die Sch\u00fclerinnen und Sch\u00fcler der [&hellip;]<\/p>\n","protected":false},"author":10,"featured_media":6196,"parent":0,"menu_order":0,"comment_status":"closed","ping_status":"closed","template":"","meta":{"site-sidebar-layout":"default","site-content-layout":"","ast-site-content-layout":"default","site-content-style":"default","site-sidebar-style":"default","ast-global-header-display":"","ast-banner-title-visibility":"","ast-main-header-display":"","ast-hfb-above-header-display":"","ast-hfb-below-header-display":"","ast-hfb-mobile-header-display":"","site-post-title":"","ast-breadcrumbs-content":"","ast-featured-img":"","footer-sml-layout":"","ast-disable-related-posts":"","theme-transparent-header-meta":"","adv-header-id-meta":"","stick-header-meta":"","header-above-stick-meta":"","header-main-stick-meta":"","header-below-stick-meta":"","astra-migrate-meta-layouts":"default","ast-page-background-enabled":"default","ast-page-background-meta":{"desktop":{"background-color":"","background-image":"","background-repeat":"repeat","background-position":"center center","background-size":"auto","background-attachment":"scroll","background-type":"","background-media":"","overlay-type":"","overlay-color":"","overlay-opacity":"","overlay-gradient":""},"tablet":{"background-color":"","background-image":"","background-repeat":"repeat","background-position":"center center","background-size":"auto","background-attachment":"scroll","background-type":"","background-media":"","overlay-type":"","overlay-color":"","overlay-opacity":"","overlay-gradient":""},"mobile":{"background-color":"","background-image":"","background-repeat":"repeat","background-position":"center center","background-size":"auto","background-attachment":"scroll","background-type":"","background-media":"","overlay-type":"","overlay-color":"","overlay-opacity":"","overlay-gradient":""}},"ast-content-background-meta":{"desktop":{"background-color":"var(--ast-global-color-5)","background-image":"","background-repeat":"repeat","background-position":"center center","background-size":"auto","background-attachment":"scroll","background-type":"","background-media":"","overlay-type":"","overlay-color":"","overlay-opacity":"","overlay-gradient":""},"tablet":{"background-color":"var(--ast-global-color-5)","background-image":"","background-repeat":"repeat","background-position":"center center","background-size":"auto","background-attachment":"scroll","background-type":"","background-media":"","overlay-type":"","overlay-color":"","overlay-opacity":"","overlay-gradient":""},"mobile":{"background-color":"var(--ast-global-color-5)","background-image":"","background-repeat":"repeat","background-position":"center center","background-size":"auto","background-attachment":"scroll","background-type":"","background-media":"","overlay-type":"","overlay-color":"","overlay-opacity":"","overlay-gradient":""}},"_jet_sm_ready_style":"","_jet_sm_style":"","_jet_sm_controls_values":"","_jet_sm_fonts_collection":"","_jet_sm_fonts_links":"","footnotes":""},"schlagwortedst":[],"wf_page_folders":[],"class_list":["post-6199","page","type-page","status-publish","has-post-thumbnail","hentry"],"_links":{"self":[{"href":"https:\/\/www.dstenerife.eu\/es\/wp-json\/wp\/v2\/pages\/6199","targetHints":{"allow":["GET"]}}],"collection":[{"href":"https:\/\/www.dstenerife.eu\/es\/wp-json\/wp\/v2\/pages"}],"about":[{"href":"https:\/\/www.dstenerife.eu\/es\/wp-json\/wp\/v2\/types\/page"}],"author":[{"embeddable":true,"href":"https:\/\/www.dstenerife.eu\/es\/wp-json\/wp\/v2\/users\/10"}],"replies":[{"embeddable":true,"href":"https:\/\/www.dstenerife.eu\/es\/wp-json\/wp\/v2\/comments?post=6199"}],"version-history":[{"count":0,"href":"https:\/\/www.dstenerife.eu\/es\/wp-json\/wp\/v2\/pages\/6199\/revisions"}],"wp:featuredmedia":[{"embeddable":true,"href":"https:\/\/www.dstenerife.eu\/es\/wp-json\/wp\/v2\/media\/6196"}],"wp:attachment":[{"href":"https:\/\/www.dstenerife.eu\/es\/wp-json\/wp\/v2\/media?parent=6199"}],"wp:term":[{"taxonomy":"schlagwortedst","embeddable":true,"href":"https:\/\/www.dstenerife.eu\/es\/wp-json\/wp\/v2\/schlagwortedst?post=6199"},{"taxonomy":"wf_page_folders","embeddable":true,"href":"https:\/\/www.dstenerife.eu\/es\/wp-json\/wp\/v2\/wf_page_folders?post=6199"}],"curies":[{"name":"wp","href":"https:\/\/api.w.org\/{rel}","templated":true}]}}