{"id":65653,"date":"2023-12-11T09:16:06","date_gmt":"2023-12-11T09:16:06","guid":{"rendered":"https:\/\/www.dstenerife.eu\/kikri-y-kindergarten\/anmeldung-fuer-kikri-1-kuekengruppe\/"},"modified":"2023-12-28T12:01:00","modified_gmt":"2023-12-28T12:01:00","slug":"inscripciones-para-kikri-1-grupo-de-los-pollitos","status":"publish","type":"page","link":"https:\/\/www.dstenerife.eu\/es\/kikri-y-kindergarten\/inscripciones-para-kikri-1-grupo-de-los-pollitos\/","title":{"rendered":"Inscripciones para KiKri 1 \u201egrupo de los Pollitos\u201c"},"content":{"rendered":"<p>Nos complace informarlas de que a partir del <strong>1 de febrero de 2024<\/strong> ampliaremos nuestra guarder\u00eda en KiKri y abriremos un nuevo grupo en nuestras instalaciones. El <strong>grupo de los \u00bbPollitos\u00bb<\/strong> acoger\u00e1 a diez ni\u00f1as y ni\u00f1os que hayan<strong> cumplido un a\u00f1o antes del 31 de agosto de 2023.<\/strong><\/p>\n<p>De este modo, el Colegio Alem\u00e1n Santa Cruz de Tenerife ofrece a las familias un nuevo programa de guarder\u00eda en el que el alumnado tendr\u00e1 un contacto m\u00e1s temprano con la lengua alemana y las hermanas y los hermanos m\u00e1s peque\u00f1os tambi\u00e9n ser\u00e1n bienvenidos.<\/p>\n<p>A partir de este momento aceptamos las inscripciones para el febrero del 2024 y para el pr\u00f3ximo curso escolar 2024-2025. Las<strong> inscripciones para febrero<\/strong> 2024 podr\u00e1n efectuarse <strong>hasta el 12.01.2024.<\/strong><\/p>\n<p>Tengan en cuenta el siguiente requisito:<\/p>\n<ul>\n<li><strong>KiKri 1 \u00abPollitos\u00bb<\/strong>: alumnado que haya cumplido 1 a\u00f1o antes del <strong>31 de agosto de 2024<\/strong><\/li>\n<\/ul>\n<p>Si tiene inter\u00e9s, por favor, p\u00f3ngase en contacto con nostros a trav\u00e9s del siguiente correo electr\u00f3nico dstenerife@dstenerife.eu.<\/p>\n<p>&nbsp;<\/p>\n<p><a href=\"https:\/\/e969z83yjsq.exactdn.com\/wp-content\/uploads\/2023\/12\/LogoKikri_kuken@025x.png?strip=all&w=2560\"><img fetchpriority=\"high\" decoding=\"async\" class=\"aligncenter size-medium wp-image-65691\" src=\"https:\/\/e969z83yjsq.exactdn.com\/wp-content\/uploads\/2023\/12\/LogoKikri_kuken@025x-274x423.png?strip=all\" alt=\"\" width=\"274\" height=\"423\" srcset=\"https:\/\/e969z83yjsq.exactdn.com\/wp-content\/uploads\/2023\/12\/LogoKikri_kuken@025x-274x423.png?strip=all 274w, https:\/\/e969z83yjsq.exactdn.com\/wp-content\/uploads\/2023\/12\/LogoKikri_kuken@025x-320x494.png?strip=all 320w, https:\/\/e969z83yjsq.exactdn.com\/wp-content\/uploads\/2023\/12\/LogoKikri_kuken@025x.png?strip=all 381w, https:\/\/e969z83yjsq.exactdn.com\/wp-content\/uploads\/2023\/12\/LogoKikri_kuken@025x.png?strip=all&amp;w=76 76w, https:\/\/e969z83yjsq.exactdn.com\/wp-content\/uploads\/2023\/12\/LogoKikri_kuken@025x.png?strip=all&amp;w=152 152w\" sizes=\"(max-width: 274px) 100vw, 274px\" \/><\/a><\/p>\n","protected":false},"excerpt":{"rendered":"<p>Nos complace informarlas de que a partir del 1 de febrero de 2024 ampliaremos nuestra guarder\u00eda [&hellip;]<\/p>\n","protected":false},"author":17,"featured_media":0,"parent":1601,"menu_order":0,"comment_status":"closed","ping_status":"closed","template":"","meta":{"site-sidebar-layout":"default","site-content-layout":"","ast-site-content-layout":"default","site-content-style":"default","site-sidebar-style":"default","ast-global-header-display":"","ast-banner-title-visibility":"","ast-main-header-display":"","ast-hfb-above-header-display":"","ast-hfb-below-header-display":"","ast-hfb-mobile-header-display":"","site-post-title":"","ast-breadcrumbs-content":"","ast-featured-img":"","footer-sml-layout":"","ast-disable-related-posts":"","theme-transparent-header-meta":"default","adv-header-id-meta":"","stick-header-meta":"default","header-above-stick-meta":"","header-main-stick-meta":"","header-below-stick-meta":"","astra-migrate-meta-layouts":"set","ast-page-background-enabled":"default","ast-page-background-meta":{"desktop":{"background-color":"","background-image":"","background-repeat":"repeat","background-position":"center center","background-size":"auto","background-attachment":"scroll","background-type":"","background-media":"","overlay-type":"","overlay-color":"","overlay-opacity":"","overlay-gradient":""},"tablet":{"background-color":"","background-image":"","background-repeat":"repeat","background-position":"center center","background-size":"auto","background-attachment":"scroll","background-type":"","background-media":"","overlay-type":"","overlay-color":"","overlay-opacity":"","overlay-gradient":""},"mobile":{"background-color":"","background-image":"","background-repeat":"repeat","background-position":"center center","background-size":"auto","background-attachment":"scroll","background-type":"","background-media":"","overlay-type":"","overlay-color":"","overlay-opacity":"","overlay-gradient":""}},"ast-content-background-meta":{"desktop":{"background-color":"var(--ast-global-color-5)","background-image":"","background-repeat":"repeat","background-position":"center center","background-size":"auto","background-attachment":"scroll","background-type":"","background-media":"","overlay-type":"","overlay-color":"","overlay-opacity":"","overlay-gradient":""},"tablet":{"background-color":"var(--ast-global-color-5)","background-image":"","background-repeat":"repeat","background-position":"center center","background-size":"auto","background-attachment":"scroll","background-type":"","background-media":"","overlay-type":"","overlay-color":"","overlay-opacity":"","overlay-gradient":""},"mobile":{"background-color":"var(--ast-global-color-5)","background-image":"","background-repeat":"repeat","background-position":"center center","background-size":"auto","background-attachment":"scroll","background-type":"","background-media":"","overlay-type":"","overlay-color":"","overlay-opacity":"","overlay-gradient":""}},"_jet_sm_ready_style":"","_jet_sm_style":"","_jet_sm_controls_values":"","_jet_sm_fonts_collection":"","_jet_sm_fonts_links":"","footnotes":""},"schlagwortedst":[149],"wf_page_folders":[178,192],"class_list":["post-65653","page","type-page","status-publish","hentry","schlagwortedst-sidekg"],"_links":{"self":[{"href":"https:\/\/www.dstenerife.eu\/es\/wp-json\/wp\/v2\/pages\/65653","targetHints":{"allow":["GET"]}}],"collection":[{"href":"https:\/\/www.dstenerife.eu\/es\/wp-json\/wp\/v2\/pages"}],"about":[{"href":"https:\/\/www.dstenerife.eu\/es\/wp-json\/wp\/v2\/types\/page"}],"author":[{"embeddable":true,"href":"https:\/\/www.dstenerife.eu\/es\/wp-json\/wp\/v2\/users\/17"}],"replies":[{"embeddable":true,"href":"https:\/\/www.dstenerife.eu\/es\/wp-json\/wp\/v2\/comments?post=65653"}],"version-history":[{"count":2,"href":"https:\/\/www.dstenerife.eu\/es\/wp-json\/wp\/v2\/pages\/65653\/revisions"}],"predecessor-version":[{"id":66341,"href":"https:\/\/www.dstenerife.eu\/es\/wp-json\/wp\/v2\/pages\/65653\/revisions\/66341"}],"up":[{"embeddable":true,"href":"https:\/\/www.dstenerife.eu\/es\/wp-json\/wp\/v2\/pages\/1601"}],"wp:attachment":[{"href":"https:\/\/www.dstenerife.eu\/es\/wp-json\/wp\/v2\/media?parent=65653"}],"wp:term":[{"taxonomy":"schlagwortedst","embeddable":true,"href":"https:\/\/www.dstenerife.eu\/es\/wp-json\/wp\/v2\/schlagwortedst?post=65653"},{"taxonomy":"wf_page_folders","embeddable":true,"href":"https:\/\/www.dstenerife.eu\/es\/wp-json\/wp\/v2\/wf_page_folders?post=65653"}],"curies":[{"name":"wp","href":"https:\/\/api.w.org\/{rel}","templated":true}]}}