{"id":66836,"date":"2024-01-26T06:43:05","date_gmt":"2024-01-26T06:43:05","guid":{"rendered":"https:\/\/www.dstenerife.eu\/formula-kg-anmeldung\/"},"modified":"2025-11-02T07:30:33","modified_gmt":"2025-11-02T07:30:33","slug":"formulario-kg-inscripcion","status":"publish","type":"page","link":"https:\/\/www.dstenerife.eu\/es\/kikri-y-kindergarten\/formulario-kg-inscripcion\/","title":{"rendered":"Formulario registro KG"},"content":{"rendered":"\t\t<div data-elementor-type=\"wp-page\" data-elementor-id=\"66836\" class=\"elementor elementor-66836 elementor-66787\" data-elementor-post-type=\"page\">\n\t\t\t\t<div class=\"elementor-element elementor-element-c93d680 e-con-full e-flex e-con e-parent\" data-id=\"c93d680\" data-element_type=\"container\" data-e-type=\"container\">\n\t\t\t\t<div class=\"elementor-element elementor-element-eca05ab elementor-widget elementor-widget-heading\" data-id=\"eca05ab\" data-element_type=\"widget\" data-e-type=\"widget\" data-settings=\"{&quot;_ob_widget_stalker_use&quot;:&quot;no&quot;,&quot;_ob_shadough_use&quot;:&quot;no&quot;}\" data-widget_type=\"heading.default\">\n\t\t\t\t<div class=\"elementor-widget-container\">\n\t\t\t\t\t<h1 class=\"elementor-heading-title elementor-size-default\">INSCRIPCIONES 2025-2026<\/h1>\t\t\t\t<\/div>\n\t\t\t\t<\/div>\n\t\t\t\t<div class=\"elementor-element elementor-element-26c7611 elementor-widget elementor-widget-heading\" data-id=\"26c7611\" data-element_type=\"widget\" data-e-type=\"widget\" data-settings=\"{&quot;_ob_widget_stalker_use&quot;:&quot;no&quot;,&quot;_ob_shadough_use&quot;:&quot;no&quot;}\" data-widget_type=\"heading.default\">\n\t\t\t\t<div class=\"elementor-widget-container\">\n\t\t\t\t\t<p class=\"elementor-heading-title elementor-size-default\">\u00a1Reserve ahora su cita personalizada y conozca nuestro Centro Infantil!<\/p>\t\t\t\t<\/div>\n\t\t\t\t<\/div>\n\t\t\t\t<div class=\"elementor-element elementor-element-0e50472 elementor-widget elementor-widget-html\" data-id=\"0e50472\" data-element_type=\"widget\" data-e-type=\"widget\" data-settings=\"{&quot;_ob_widget_stalker_use&quot;:&quot;no&quot;,&quot;_ob_shadough_use&quot;:&quot;no&quot;}\" data-widget_type=\"html.default\">\n\t\t\t\t<div class=\"elementor-widget-container\">\n\t\t\t\t\t<iframe src='https:\/\/outlook.office.com\/book\/CITAVisitaKindergarten@s.dstenerife.eu\/?ismsaljsauthenabled' width='100%' height='2150px' scrolling='yes' style='border:0'><\/iframe>\t\t\t\t<\/div>\n\t\t\t\t<\/div>\n\t\t\t\t<div class=\"elementor-element elementor-element-75aa3a4 elementor-widget elementor-widget-text-editor\" data-id=\"75aa3a4\" data-element_type=\"widget\" data-e-type=\"widget\" data-settings=\"{&quot;_ob_widget_stalker_use&quot;:&quot;no&quot;,&quot;_ob_shadough_use&quot;:&quot;no&quot;}\" data-widget_type=\"text-editor.default\">\n\t\t\t\t<div class=\"elementor-widget-container\">\n\t\t\t\t\t\t\t\t\t<h3><strong>INFORMACI\u00d3N B\u00c1SICA DE PROTECCI\u00d3N DE DATOS: <\/strong><\/h3><h4><strong>Responsable del tratamiento:<\/strong><\/h4><p>ASOCIACI\u00d3N PARA EL FOMENTO DEL COLEGIO ALEM\u00c1N SANTA CRUZ DE TENERIFE<br \/>G38017752<br \/>Calle Drago, 1, 38190 &#8211; El Rosario (Santa Cruz de Tenerife)<br \/>Tel\u00e9fono: 922682010<br \/>Correo-e: dpd@dstenerife.eu<br \/>Web: www.dstenerife.eu<\/p><p>Puede contactar con el Delegado de Protecci\u00f3n de Datos en la siguiente direcci\u00f3n de correo-e DPD@dstenerife.eu.<\/p><p><strong>Finalidad: <\/strong>Los datos personales aportados en el presente formulario de preinscripci\u00f3n ser\u00e1n utilizados que el centro se ponga en contacto con los interesados a fin de fijar una visita, as\u00ed como ofrecerle informaci\u00f3n sobre los distintos servicios que ofrece ASOCIACI\u00d3N PARA EL FOMENTO DEL COLEGIO ALEM\u00c1N SANTA CRUZ DE TENERIFE.<\/p><p><strong>Legitimaci\u00f3n: <\/strong>En ASOCIACI\u00d3N PARA EL FOMENTO DEL COLEGIO ALEM\u00c1N SANTA CRUZ DE TENERIFE tratamos sus datos en base al art\u00edculo 6.1. a) del RGPD que estable que \u201cel interesado dio su consentimiento para el tratamiento de sus datos personales para uno o varios fines espec\u00edficos\u201d.<\/p><p><strong>Plazo de conservaci\u00f3n: <\/strong>Los datos se conservar\u00e1n durante el tiempo necesario para cumplir con la finalidad para la que se recabaron y para determinar las posibles responsabilidades que se pudieran derivar de dicha finalidad y del tratamiento.<\/p><p><strong>Destinatarios: <\/strong>Sus datos ser\u00e1n comunicados a los organismos obligados por Ley.<\/p><p><strong>Derechos: <\/strong>Puede ejercer sus derechos de acceso, rectificaci\u00f3n, supresi\u00f3n, limitaci\u00f3n del tratamiento, oposici\u00f3n, y a no ser objeto de decisiones individualizadas basadas \u00fanicamente en el tratamiento automatizado de sus datos ante ASOCIACI\u00d3N PARA EL FOMENTO DEL COLEGIO ALEM\u00c1N SANTA CRUZ DE TENERIFE<\/p><p><strong>Informaci\u00f3n adicional: <\/strong>Puede solicitarla en la direcci\u00f3n arriba indicada, en las instalaciones del centro o en nuestra web www.dstenerife.eu.<\/p>\t\t\t\t\t\t\t\t<\/div>\n\t\t\t\t<\/div>\n\t\t\t\t<\/div>\n\t\t\t\t<\/div>\n\t\t","protected":false},"excerpt":{"rendered":"<p>INSCRIPCIONES 2025-2026 \u00a1Reserve ahora su cita personalizada y conozca nuestro Centro Infantil! INFORMACI\u00d3N B\u00c1SICA DE PROTECCI\u00d3N [&hellip;]<\/p>\n","protected":false},"author":15,"featured_media":0,"parent":1601,"menu_order":4,"comment_status":"closed","ping_status":"closed","template":"","meta":{"site-sidebar-layout":"no-sidebar","site-content-layout":"page-builder","ast-site-content-layout":"default","site-content-style":"default","site-sidebar-style":"default","ast-global-header-display":"","ast-banner-title-visibility":"","ast-main-header-display":"","ast-hfb-above-header-display":"","ast-hfb-below-header-display":"","ast-hfb-mobile-header-display":"","site-post-title":"disabled","ast-breadcrumbs-content":"","ast-featured-img":"disabled","footer-sml-layout":"","ast-disable-related-posts":"","theme-transparent-header-meta":"default","adv-header-id-meta":"","stick-header-meta":"default","header-above-stick-meta":"","header-main-stick-meta":"","header-below-stick-meta":"","astra-migrate-meta-layouts":"set","ast-page-background-enabled":"default","ast-page-background-meta":{"desktop":{"background-color":"","background-image":"","background-repeat":"repeat","background-position":"center center","background-size":"auto","background-attachment":"scroll","background-type":"","background-media":"","overlay-type":"","overlay-color":"","overlay-opacity":"","overlay-gradient":""},"tablet":{"background-color":"","background-image":"","background-repeat":"repeat","background-position":"center center","background-size":"auto","background-attachment":"scroll","background-type":"","background-media":"","overlay-type":"","overlay-color":"","overlay-opacity":"","overlay-gradient":""},"mobile":{"background-color":"","background-image":"","background-repeat":"repeat","background-position":"center center","background-size":"auto","background-attachment":"scroll","background-type":"","background-media":"","overlay-type":"","overlay-color":"","overlay-opacity":"","overlay-gradient":""}},"ast-content-background-meta":{"desktop":{"background-color":"var(--ast-global-color-5)","background-image":"","background-repeat":"repeat","background-position":"center center","background-size":"auto","background-attachment":"scroll","background-type":"","background-media":"","overlay-type":"","overlay-color":"","overlay-opacity":"","overlay-gradient":""},"tablet":{"background-color":"var(--ast-global-color-5)","background-image":"","background-repeat":"repeat","background-position":"center center","background-size":"auto","background-attachment":"scroll","background-type":"","background-media":"","overlay-type":"","overlay-color":"","overlay-opacity":"","overlay-gradient":""},"mobile":{"background-color":"var(--ast-global-color-5)","background-image":"","background-repeat":"repeat","background-position":"center center","background-size":"auto","background-attachment":"scroll","background-type":"","background-media":"","overlay-type":"","overlay-color":"","overlay-opacity":"","overlay-gradient":""}},"_jet_sm_ready_style":"","_jet_sm_style":"","_jet_sm_controls_values":"","_jet_sm_fonts_collection":"","_jet_sm_fonts_links":"","footnotes":""},"schlagwortedst":[149],"wf_page_folders":[],"class_list":["post-66836","page","type-page","status-publish","hentry","schlagwortedst-sidekg"],"_links":{"self":[{"href":"https:\/\/www.dstenerife.eu\/es\/wp-json\/wp\/v2\/pages\/66836","targetHints":{"allow":["GET"]}}],"collection":[{"href":"https:\/\/www.dstenerife.eu\/es\/wp-json\/wp\/v2\/pages"}],"about":[{"href":"https:\/\/www.dstenerife.eu\/es\/wp-json\/wp\/v2\/types\/page"}],"author":[{"embeddable":true,"href":"https:\/\/www.dstenerife.eu\/es\/wp-json\/wp\/v2\/users\/15"}],"replies":[{"embeddable":true,"href":"https:\/\/www.dstenerife.eu\/es\/wp-json\/wp\/v2\/comments?post=66836"}],"version-history":[{"count":34,"href":"https:\/\/www.dstenerife.eu\/es\/wp-json\/wp\/v2\/pages\/66836\/revisions"}],"predecessor-version":[{"id":101158,"href":"https:\/\/www.dstenerife.eu\/es\/wp-json\/wp\/v2\/pages\/66836\/revisions\/101158"}],"up":[{"embeddable":true,"href":"https:\/\/www.dstenerife.eu\/es\/wp-json\/wp\/v2\/pages\/1601"}],"wp:attachment":[{"href":"https:\/\/www.dstenerife.eu\/es\/wp-json\/wp\/v2\/media?parent=66836"}],"wp:term":[{"taxonomy":"schlagwortedst","embeddable":true,"href":"https:\/\/www.dstenerife.eu\/es\/wp-json\/wp\/v2\/schlagwortedst?post=66836"},{"taxonomy":"wf_page_folders","embeddable":true,"href":"https:\/\/www.dstenerife.eu\/es\/wp-json\/wp\/v2\/wf_page_folders?post=66836"}],"curies":[{"name":"wp","href":"https:\/\/api.w.org\/{rel}","templated":true}]}}