{"id":70195,"date":"2024-05-04T09:57:11","date_gmt":"2024-05-04T08:57:11","guid":{"rendered":"https:\/\/www.dstenerife.eu\/?page_id=70195"},"modified":"2025-06-04T09:50:05","modified_gmt":"2025-06-04T08:50:05","slug":"campamento-de-verano","status":"publish","type":"page","link":"https:\/\/www.dstenerife.eu\/es\/primaria\/campamento-de-verano\/","title":{"rendered":"Campamento Julio 2025"},"content":{"rendered":"\t\t<div data-elementor-type=\"wp-page\" data-elementor-id=\"70195\" class=\"elementor elementor-70195 elementor-70119\" data-elementor-post-type=\"page\">\n\t\t\t\t<div class=\"elementor-element elementor-element-5c51716 e-con-full e-flex e-con e-parent\" data-id=\"5c51716\" data-element_type=\"container\" data-e-type=\"container\">\n\t\t\t\t<div class=\"elementor-element elementor-element-47c2894 elementor-cta--skin-classic elementor-animated-content elementor-bg-transform elementor-bg-transform-zoom-in elementor-widget elementor-widget-call-to-action\" data-id=\"47c2894\" data-element_type=\"widget\" data-e-type=\"widget\" data-settings=\"{&quot;_ob_widget_stalker_use&quot;:&quot;no&quot;,&quot;_ob_shadough_use&quot;:&quot;no&quot;}\" data-widget_type=\"call-to-action.default\">\n\t\t\t\t<div class=\"elementor-widget-container\">\n\t\t\t\t\t\t\t<div class=\"elementor-cta\">\n\t\t\t\t\t<div class=\"elementor-cta__bg-wrapper\">\n\t\t\t\t<div class=\"elementor-cta__bg elementor-bg\" style=\"background-image: url(https:\/\/e969z83yjsq.exactdn.com\/wp-content\/uploads\/2025\/06\/sommercamp2.jpg?strip=all);\" role=\"img\" aria-label=\"sommercamp2\"><\/div>\n\t\t\t\t<div class=\"elementor-cta__bg-overlay\"><\/div>\n\t\t\t<\/div>\n\t\t\t\t\t\t\t<div class=\"elementor-cta__content\">\n\t\t\t\t\n\t\t\t\t\t\t\t\t\t<h2 class=\"elementor-cta__title elementor-cta__content-item elementor-content-item\">\n\t\t\t\t\t\tInscripci\u00f3n por tel\u00e9fono o correo electr\u00f3nico\t\t\t\t\t<\/h2>\n\t\t\t\t\n\t\t\t\t\t\t\t\t\t<div class=\"elementor-cta__description elementor-cta__content-item elementor-content-item\">\n\t\t\t\t\t\t\nTel\u00e9fono: <strong>922 68 20 10<\/stronG>\n\ncorreo: <strong>dstenerife@dstenerife.eu<\/strong>\t\t\t\t\t<\/div>\n\t\t\t\t\n\t\t\t\t\t\t\t\t\t<div class=\"elementor-cta__button-wrapper elementor-cta__content-item elementor-content-item \">\n\t\t\t\t\t<a class=\"elementor-cta__button elementor-button elementor-size-\" href=\"mailto:dstenerife@dstenerife.eu\">\n\t\t\t\t\t\tcorreo\t\t\t\t\t<\/a>\n\t\t\t\t\t<\/div>\n\t\t\t\t\t\t\t<\/div>\n\t\t\t\t\t\t<\/div>\n\t\t\t\t\t\t<\/div>\n\t\t\t\t<\/div>\n\t\t\t\t<\/div>\n\t\t<div class=\"elementor-element elementor-element-6c78104 e-con-full e-flex e-con e-parent\" data-id=\"6c78104\" data-element_type=\"container\" data-e-type=\"container\">\n\t\t\t\t<div class=\"elementor-element elementor-element-3eeef53 elementor-widget elementor-widget-text-editor\" data-id=\"3eeef53\" data-element_type=\"widget\" data-e-type=\"widget\" data-settings=\"{&quot;_ob_widget_stalker_use&quot;:&quot;no&quot;,&quot;_ob_shadough_use&quot;:&quot;no&quot;}\" data-widget_type=\"text-editor.default\">\n\t\t\t\t<div class=\"elementor-widget-container\">\n\t\t\t\t\t\t\t\t\t<h3 class=\"cvGsUA direction-ltr align-start para-style-body\"><span class=\"OYPEnA font-feature-liga-off font-feature-clig-off font-feature-calt-off text-decoration-none text-strikethrough-none\">\ud83c\udf0d \u00a1Buscamos exploradores<br \/>\u00a0 \u00a0 \u00a0 \u00a0del mundo!<\/span><\/h3><h5 class=\"cvGsUA direction-ltr align-start para-style-body\"><span class=\"OYPEnA font-feature-liga-off font-feature-clig-off font-feature-calt-off text-decoration-none text-strikethrough-none\">\u00bfEst\u00e1s preparado para un emocionante viaje alrededor del planeta?<\/span><\/h5><p class=\"cvGsUA direction-ltr align-start para-style-body\"><span class=\"OYPEnA font-feature-liga-off font-feature-clig-off font-feature-calt-off text-decoration-none text-strikethrough-none\">\u00a1En nuestro campamento de verano, exploraremos juntos las culturas y los pa\u00edses m\u00e1s fascinantes del mundo, llenos de diversi\u00f3n, acci\u00f3n y creatividad!<\/span><\/p><h5 class=\"cvGsUA direction-ltr align-start para-style-body\"><span class=\"OYPEnA font-feature-liga-off font-feature-clig-off font-feature-calt-off text-decoration-none text-strikethrough-none\">\u00bfQu\u00e9 te espera?<\/span><\/h5><ul><li><span class=\"OYPEnA font-feature-liga-off font-feature-clig-off font-feature-calt-off text-decoration-none text-strikethrough-none\">Talleres creativos: dise\u00f1a obras de arte tradicionales y descubre la diversidad de culturas.<\/span><\/li><li><span class=\"OYPEnA font-feature-liga-off font-feature-clig-off font-feature-calt-off text-decoration-none text-strikethrough-none\">Experiencias culinarias: descubre nuevos sabores.<\/span><\/li><li><span class=\"OYPEnA font-feature-liga-off font-feature-clig-off font-feature-calt-off text-decoration-none text-strikethrough-none\">Educaci\u00f3n vial: aprende de forma l\u00fadica las normas de tr\u00e1fico de otros pa\u00edses y domina emocionantes recorridos.<\/span><\/li><li><span class=\"OYPEnA font-feature-liga-off font-feature-clig-off font-feature-calt-off text-decoration-none text-strikethrough-none\">Juegos acu\u00e1ticos: refr\u00e9scate con divertidos juegos acu\u00e1ticos.<\/span><\/li><li><span class=\"OYPEnA font-feature-liga-off font-feature-clig-off font-feature-calt-off text-decoration-none text-strikethrough-none\">Actividades deportivas: practica juegos y deportes tradicionales de todo el mundo.<\/span><\/li><\/ul><p class=\"cvGsUA direction-ltr align-start para-style-body\"><span class=\"OYPEnA font-feature-liga-off font-feature-clig-off font-feature-calt-off text-decoration-none text-strikethrough-none\">Descarga energ\u00eda en nuestro castillo hinchable y disfruta de la diversi\u00f3n de la espuma.<\/span><\/p><p class=\"cvGsUA direction-ltr align-start para-style-body\"><span class=\"OYPEnA font-feature-liga-off font-feature-clig-off font-feature-calt-off text-decoration-none text-strikethrough-none\">\u00a1\u00danete y descubre el mundo de una forma divertida!<\/span><\/p><p class=\"cvGsUA direction-ltr align-start para-style-body\"><span class=\"OYPEnA font-feature-liga-off font-feature-clig-off font-feature-calt-off text-decoration-none text-strikethrough-none\"><strong>Inscr\u00edbete ahora<\/strong> y acomp\u00e1\u00f1anos en un viaje inolvidable.<\/span><\/p>\t\t\t\t\t\t\t\t<\/div>\n\t\t\t\t<\/div>\n\t\t\t\t<\/div>\n\t\t<div class=\"elementor-element elementor-element-603ee48 e-con-full e-flex e-con e-parent\" data-id=\"603ee48\" data-element_type=\"container\" data-e-type=\"container\">\n\t\t<div class=\"elementor-element elementor-element-c0766d8 e-flex e-con-boxed e-con e-child\" data-id=\"c0766d8\" data-element_type=\"container\" data-e-type=\"container\">\n\t\t\t\t\t<div class=\"e-con-inner\">\n\t\t\t\t<div class=\"elementor-element elementor-element-ccd63ad elementor-icon-list--layout-traditional elementor-list-item-link-full_width elementor-widget elementor-widget-icon-list\" data-id=\"ccd63ad\" data-element_type=\"widget\" data-e-type=\"widget\" data-settings=\"{&quot;_ob_widget_stalker_use&quot;:&quot;no&quot;,&quot;_ob_shadough_use&quot;:&quot;no&quot;}\" data-widget_type=\"icon-list.default\">\n\t\t\t\t<div class=\"elementor-widget-container\">\n\t\t\t\t\t\t\t<ul class=\"elementor-icon-list-items\">\n\t\t\t\t\t\t\t<li class=\"elementor-icon-list-item\">\n\t\t\t\t\t\t\t\t\t\t\t<span class=\"elementor-icon-list-icon\">\n\t\t\t\t\t\t\t<svg aria-hidden=\"true\" class=\"e-font-icon-svg e-fas-calendar-check\" viewBox=\"0 0 448 512\" xmlns=\"http:\/\/www.w3.org\/2000\/svg\"><path d=\"M436 160H12c-6.627 0-12-5.373-12-12v-36c0-26.51 21.49-48 48-48h48V12c0-6.627 5.373-12 12-12h40c6.627 0 12 5.373 12 12v52h128V12c0-6.627 5.373-12 12-12h40c6.627 0 12 5.373 12 12v52h48c26.51 0 48 21.49 48 48v36c0 6.627-5.373 12-12 12zM12 192h424c6.627 0 12 5.373 12 12v260c0 26.51-21.49 48-48 48H48c-26.51 0-48-21.49-48-48V204c0-6.627 5.373-12 12-12zm333.296 95.947l-28.169-28.398c-4.667-4.705-12.265-4.736-16.97-.068L194.12 364.665l-45.98-46.352c-4.667-4.705-12.266-4.736-16.971-.068l-28.397 28.17c-4.705 4.667-4.736 12.265-.068 16.97l82.601 83.269c4.667 4.705 12.265 4.736 16.97.068l142.953-141.805c4.705-4.667 4.736-12.265.068-16.97z\"><\/path><\/svg>\t\t\t\t\t\t<\/span>\n\t\t\t\t\t\t\t\t\t\t<span class=\"elementor-icon-list-text\">30.06. - 25.07. Se pueden reservar semanas independientes<\/span>\n\t\t\t\t\t\t\t\t\t<\/li>\n\t\t\t\t\t\t\t\t<li class=\"elementor-icon-list-item\">\n\t\t\t\t\t\t\t\t\t\t\t<span class=\"elementor-icon-list-icon\">\n\t\t\t\t\t\t\t<svg aria-hidden=\"true\" class=\"e-font-icon-svg e-fas-clock\" viewBox=\"0 0 512 512\" xmlns=\"http:\/\/www.w3.org\/2000\/svg\"><path d=\"M256,8C119,8,8,119,8,256S119,504,256,504,504,393,504,256,393,8,256,8Zm92.49,313h0l-20,25a16,16,0,0,1-22.49,2.5h0l-67-49.72a40,40,0,0,1-15-31.23V112a16,16,0,0,1,16-16h32a16,16,0,0,1,16,16V256l58,42.5A16,16,0,0,1,348.49,321Z\"><\/path><\/svg>\t\t\t\t\t\t<\/span>\n\t\t\t\t\t\t\t\t\t\t<span class=\"elementor-icon-list-text\">Llegada: 08:00 - 09.00 a.m.<\/span>\n\t\t\t\t\t\t\t\t\t<\/li>\n\t\t\t\t\t\t\t\t<li class=\"elementor-icon-list-item\">\n\t\t\t\t\t\t\t\t\t\t\t<span class=\"elementor-icon-list-icon\">\n\t\t\t\t\t\t\t<svg aria-hidden=\"true\" class=\"e-font-icon-svg e-far-clock\" viewBox=\"0 0 512 512\" xmlns=\"http:\/\/www.w3.org\/2000\/svg\"><path d=\"M256 8C119 8 8 119 8 256s111 248 248 248 248-111 248-248S393 8 256 8zm0 448c-110.5 0-200-89.5-200-200S145.5 56 256 56s200 89.5 200 200-89.5 200-200 200zm61.8-104.4l-84.9-61.7c-3.1-2.3-4.9-5.9-4.9-9.7V116c0-6.6 5.4-12 12-12h32c6.6 0 12 5.4 12 12v141.7l66.8 48.6c5.4 3.9 6.5 11.4 2.6 16.8L334.6 349c-3.9 5.3-11.4 6.5-16.8 2.6z\"><\/path><\/svg>\t\t\t\t\t\t<\/span>\n\t\t\t\t\t\t\t\t\t\t<span class=\"elementor-icon-list-text\">Recogida: 13:00 (sin comedor)      14:00, 14:45 und 15:30 p.m. (con comedor)<\/span>\n\t\t\t\t\t\t\t\t\t<\/li>\n\t\t\t\t\t\t\t\t<li class=\"elementor-icon-list-item\">\n\t\t\t\t\t\t\t\t\t\t\t<span class=\"elementor-icon-list-icon\">\n\t\t\t\t\t\t\t<svg aria-hidden=\"true\" class=\"e-font-icon-svg e-fas-euro-sign\" viewBox=\"0 0 320 512\" xmlns=\"http:\/\/www.w3.org\/2000\/svg\"><path d=\"M310.706 413.765c-1.314-6.63-7.835-10.872-14.424-9.369-10.692 2.439-27.422 5.413-45.426 5.413-56.763 0-101.929-34.79-121.461-85.449h113.689a12 12 0 0 0 11.708-9.369l6.373-28.36c1.686-7.502-4.019-14.631-11.708-14.631H115.22c-1.21-14.328-1.414-28.287.137-42.245H261.95a12 12 0 0 0 11.723-9.434l6.512-29.755c1.638-7.484-4.061-14.566-11.723-14.566H130.184c20.633-44.991 62.69-75.03 117.619-75.03 14.486 0 28.564 2.25 37.851 4.145 6.216 1.268 12.347-2.498 14.002-8.623l11.991-44.368c1.822-6.741-2.465-13.616-9.326-14.917C290.217 34.912 270.71 32 249.635 32 152.451 32 74.03 92.252 45.075 176H12c-6.627 0-12 5.373-12 12v29.755c0 6.627 5.373 12 12 12h21.569c-1.009 13.607-1.181 29.287-.181 42.245H12c-6.627 0-12 5.373-12 12v28.36c0 6.627 5.373 12 12 12h30.114C67.139 414.692 145.264 480 249.635 480c26.301 0 48.562-4.544 61.101-7.788 6.167-1.595 10.027-7.708 8.788-13.957l-8.818-44.49z\"><\/path><\/svg>\t\t\t\t\t\t<\/span>\n\t\t\t\t\t\t\t\t\t\t<span class=\"elementor-icon-list-text\">1 semana: 130 \u20ac <br>2 semana:  245 \u20ac<br>3 semanas: 360 \u20ac<br> 4 semanas: 475 \u20ac<br>comedor: 6,10 \u20ac por d\u00eda<\/span>\n\t\t\t\t\t\t\t\t\t<\/li>\n\t\t\t\t\t\t\t\t<li class=\"elementor-icon-list-item\">\n\t\t\t\t\t\t\t\t\t\t\t<span class=\"elementor-icon-list-icon\">\n\t\t\t\t\t\t\t<svg aria-hidden=\"true\" class=\"e-font-icon-svg e-fas-magic\" viewBox=\"0 0 512 512\" xmlns=\"http:\/\/www.w3.org\/2000\/svg\"><path d=\"M224 96l16-32 32-16-32-16-16-32-16 32-32 16 32 16 16 32zM80 160l26.66-53.33L160 80l-53.34-26.67L80 0 53.34 53.33 0 80l53.34 26.67L80 160zm352 128l-26.66 53.33L352 368l53.34 26.67L432 448l26.66-53.33L512 368l-53.34-26.67L432 288zm70.62-193.77L417.77 9.38C411.53 3.12 403.34 0 395.15 0c-8.19 0-16.38 3.12-22.63 9.38L9.38 372.52c-12.5 12.5-12.5 32.76 0 45.25l84.85 84.85c6.25 6.25 14.44 9.37 22.62 9.37 8.19 0 16.38-3.12 22.63-9.37l363.14-363.15c12.5-12.48 12.5-32.75 0-45.24zM359.45 203.46l-50.91-50.91 86.6-86.6 50.91 50.91-86.6 86.6z\"><\/path><\/svg>\t\t\t\t\t\t<\/span>\n\t\t\t\t\t\t\t\t\t\t<span class=\"elementor-icon-list-text\">Habr\u00e1 regalo de bienvenida para cada ni\u00f1a y cada ni\u00f1o<\/span>\n\t\t\t\t\t\t\t\t\t<\/li>\n\t\t\t\t\t\t<\/ul>\n\t\t\t\t\t\t<\/div>\n\t\t\t\t<\/div>\n\t\t\t\t\t<\/div>\n\t\t\t\t<\/div>\n\t\t\t\t<\/div>\n\t\t\t\t<\/div>\n\t\t","protected":false},"excerpt":{"rendered":"<p>Inscripci\u00f3n por tel\u00e9fono o correo electr\u00f3nico Tel\u00e9fono: 922 68 20 10 correo: dstenerife@dstenerife.eu correo \ud83c\udf0d \u00a1Buscamos [&hellip;]<\/p>\n","protected":false},"author":15,"featured_media":96287,"parent":1743,"menu_order":0,"comment_status":"closed","ping_status":"closed","template":"","meta":{"site-sidebar-layout":"right-sidebar","site-content-layout":"page-builder","ast-site-content-layout":"normal-width-container","site-content-style":"default","site-sidebar-style":"default","ast-global-header-display":"","ast-banner-title-visibility":"","ast-main-header-display":"","ast-hfb-above-header-display":"","ast-hfb-below-header-display":"","ast-hfb-mobile-header-display":"","site-post-title":"","ast-breadcrumbs-content":"","ast-featured-img":"disabled","footer-sml-layout":"","ast-disable-related-posts":"","theme-transparent-header-meta":"default","adv-header-id-meta":"","stick-header-meta":"default","header-above-stick-meta":"","header-main-stick-meta":"","header-below-stick-meta":"","astra-migrate-meta-layouts":"set","ast-page-background-enabled":"default","ast-page-background-meta":{"desktop":{"background-color":"","background-image":"","background-repeat":"repeat","background-position":"center center","background-size":"auto","background-attachment":"scroll","background-type":"","background-media":"","overlay-type":"","overlay-color":"","overlay-opacity":"","overlay-gradient":""},"tablet":{"background-color":"","background-image":"","background-repeat":"repeat","background-position":"center center","background-size":"auto","background-attachment":"scroll","background-type":"","background-media":"","overlay-type":"","overlay-color":"","overlay-opacity":"","overlay-gradient":""},"mobile":{"background-color":"","background-image":"","background-repeat":"repeat","background-position":"center center","background-size":"auto","background-attachment":"scroll","background-type":"","background-media":"","overlay-type":"","overlay-color":"","overlay-opacity":"","overlay-gradient":""}},"ast-content-background-meta":{"desktop":{"background-color":"var(--ast-global-color-5)","background-image":"","background-repeat":"repeat","background-position":"center center","background-size":"auto","background-attachment":"scroll","background-type":"","background-media":"","overlay-type":"","overlay-color":"","overlay-opacity":"","overlay-gradient":""},"tablet":{"background-color":"var(--ast-global-color-5)","background-image":"","background-repeat":"repeat","background-position":"center center","background-size":"auto","background-attachment":"scroll","background-type":"","background-media":"","overlay-type":"","overlay-color":"","overlay-opacity":"","overlay-gradient":""},"mobile":{"background-color":"var(--ast-global-color-5)","background-image":"","background-repeat":"repeat","background-position":"center center","background-size":"auto","background-attachment":"scroll","background-type":"","background-media":"","overlay-type":"","overlay-color":"","overlay-opacity":"","overlay-gradient":""}},"_jet_sm_ready_style":"","_jet_sm_style":"","_jet_sm_controls_values":"","_jet_sm_fonts_collection":"","_jet_sm_fonts_links":"","footnotes":""},"schlagwortedst":[150],"wf_page_folders":[],"class_list":["post-70195","page","type-page","status-publish","has-post-thumbnail","hentry","schlagwortedst-sidegs"],"_links":{"self":[{"href":"https:\/\/www.dstenerife.eu\/es\/wp-json\/wp\/v2\/pages\/70195","targetHints":{"allow":["GET"]}}],"collection":[{"href":"https:\/\/www.dstenerife.eu\/es\/wp-json\/wp\/v2\/pages"}],"about":[{"href":"https:\/\/www.dstenerife.eu\/es\/wp-json\/wp\/v2\/types\/page"}],"author":[{"embeddable":true,"href":"https:\/\/www.dstenerife.eu\/es\/wp-json\/wp\/v2\/users\/15"}],"replies":[{"embeddable":true,"href":"https:\/\/www.dstenerife.eu\/es\/wp-json\/wp\/v2\/comments?post=70195"}],"version-history":[{"count":33,"href":"https:\/\/www.dstenerife.eu\/es\/wp-json\/wp\/v2\/pages\/70195\/revisions"}],"predecessor-version":[{"id":96336,"href":"https:\/\/www.dstenerife.eu\/es\/wp-json\/wp\/v2\/pages\/70195\/revisions\/96336"}],"up":[{"embeddable":true,"href":"https:\/\/www.dstenerife.eu\/es\/wp-json\/wp\/v2\/pages\/1743"}],"wp:featuredmedia":[{"embeddable":true,"href":"https:\/\/www.dstenerife.eu\/es\/wp-json\/wp\/v2\/media\/96287"}],"wp:attachment":[{"href":"https:\/\/www.dstenerife.eu\/es\/wp-json\/wp\/v2\/media?parent=70195"}],"wp:term":[{"taxonomy":"schlagwortedst","embeddable":true,"href":"https:\/\/www.dstenerife.eu\/es\/wp-json\/wp\/v2\/schlagwortedst?post=70195"},{"taxonomy":"wf_page_folders","embeddable":true,"href":"https:\/\/www.dstenerife.eu\/es\/wp-json\/wp\/v2\/wf_page_folders?post=70195"}],"curies":[{"name":"wp","href":"https:\/\/api.w.org\/{rel}","templated":true}]}}