{"id":7126,"date":"2016-11-02T22:29:51","date_gmt":"2016-11-02T22:29:51","guid":{"rendered":"https:\/\/kopie.dst.deutsche-schule.eu\/es\/?page_id=7126"},"modified":"2024-05-14T08:45:14","modified_gmt":"2024-05-14T07:45:14","slug":"evaluaciones","status":"publish","type":"page","link":"https:\/\/www.dstenerife.eu\/es\/colegio\/gestion-de-calidad-en-el-colegio-aleman-santa-cruz-de-tenerife\/evaluaciones\/","title":{"rendered":"Evaluaciones"},"content":{"rendered":"<p>Las evaluaciones internas y externas, al igual que la retroalimentaci\u00f3n son componentes esenciales para garantizar los idearios pedag\u00f3gicos establecidos, ya que es la \u00fanica manera de lograr datos fiables sobre la eficacia de las medidas adoptadas.<\/p>\n<h3><strong>Ciclo de evaluaciones<\/strong><\/h3>\n<ul>\n<li>BLI 2 (noviembre 2016)<\/li>\n<li>Visita de control (febrero 2020)<\/li>\n<li>Peer Review (noviembre 2023)<\/li>\n<li>BLI 3 (probablemente 30.09.2024 &#8211; 04.10.2024)<\/li>\n<\/ul>\n<h6>Peer Review (noviembre 2023)<\/h6>\n<p>Desde el d\u00eda 18.10.2023 hasta el 20.10.2023 tuvo lugar el Peer Review, un importante paso en el proceso de desarrollo de la calidad escolar. Como encargados para realizar el Peer Review, invitamos a la Se\u00f1ora Julka Mozolova (DS Bilbao) y al Se\u00f1or BAris Agus (DS Lissabon), para que evaluaran dos cuestiones: <em><strong>el uso de los iPads en las clases<\/strong><\/em> y <em><strong>comportamientos de tolernacia y de respeto<\/strong><\/em>. Los miembros de la Direcci\u00f3n, de la Junta Directiva, del Grupo de Gesti\u00f3n de Calidad (Steuergruppe), los representantes de padres y el profesorado recibieron el resumen de estos d\u00edas de evaluaci\u00f3n. Los resultados del Peer Review ser\u00e1n la base para el futuro trabajo a <a href=\"https:\/\/www.dstenerife.eu\/es\/colegio\/gestion-de-calidad-en-el-colegio-aleman-santa-cruz-de-tenerife\/\">desarrollar<\/a> en el <a href=\"https:\/\/www.dstenerife.eu\/es\/colegio\/comites-del-colegio\/gestion-de-calidad-en-el-colegio-aleman-de-santa-cruz-de-tenerife\/\">Grupo de Gesti\u00f3n de la Calidad<\/a>. Queremos darles cordialmente las gracias a nuestros \u201ePeers\u201c por su trabajo profesional, valioso y constructivo.<\/p>\n<h6>Encuesta de Satisfacci\u00f3n escolar abril 2023<\/h6>\n<p>En abril de 2023, realizamos una \u00abEncuesta de Satisfacci\u00f3n Escolar\u00bb entre el alumnado de las clases 4 a las clases 12 , as\u00ed como entre las familias y el profesorado, sobre los aspectos de satisfacci\u00f3n escolar y comunicaci\u00f3n. El Grupo de Gesti\u00f3n de Calidad incorpora los resultados de la encuesta a la planificaci\u00f3n del proceso de desarrollo escolar.<\/p>\n<p>&nbsp;<\/p>\n","protected":false},"excerpt":{"rendered":"<p>Las evaluaciones internas y externas, al igual que la retroalimentaci\u00f3n son componentes esenciales para garantizar los [&hellip;]<\/p>\n","protected":false},"author":10,"featured_media":939,"parent":7125,"menu_order":0,"comment_status":"closed","ping_status":"closed","template":"","meta":{"site-sidebar-layout":"default","site-content-layout":"default","ast-site-content-layout":"default","site-content-style":"default","site-sidebar-style":"default","ast-global-header-display":"","ast-banner-title-visibility":"","ast-main-header-display":"","ast-hfb-above-header-display":"","ast-hfb-below-header-display":"","ast-hfb-mobile-header-display":"","site-post-title":"","ast-breadcrumbs-content":"","ast-featured-img":"","footer-sml-layout":"","ast-disable-related-posts":"","theme-transparent-header-meta":"default","adv-header-id-meta":"","stick-header-meta":"default","header-above-stick-meta":"","header-main-stick-meta":"","header-below-stick-meta":"","astra-migrate-meta-layouts":"set","ast-page-background-enabled":"default","ast-page-background-meta":{"desktop":{"background-color":"","background-image":"","background-repeat":"repeat","background-position":"center center","background-size":"auto","background-attachment":"scroll","background-type":"","background-media":"","overlay-type":"","overlay-color":"","overlay-opacity":"","overlay-gradient":""},"tablet":{"background-color":"","background-image":"","background-repeat":"repeat","background-position":"center center","background-size":"auto","background-attachment":"scroll","background-type":"","background-media":"","overlay-type":"","overlay-color":"","overlay-opacity":"","overlay-gradient":""},"mobile":{"background-color":"","background-image":"","background-repeat":"repeat","background-position":"center center","background-size":"auto","background-attachment":"scroll","background-type":"","background-media":"","overlay-type":"","overlay-color":"","overlay-opacity":"","overlay-gradient":""}},"ast-content-background-meta":{"desktop":{"background-color":"var(--ast-global-color-5)","background-image":"","background-repeat":"repeat","background-position":"center center","background-size":"auto","background-attachment":"scroll","background-type":"","background-media":"","overlay-type":"","overlay-color":"","overlay-opacity":"","overlay-gradient":""},"tablet":{"background-color":"var(--ast-global-color-5)","background-image":"","background-repeat":"repeat","background-position":"center center","background-size":"auto","background-attachment":"scroll","background-type":"","background-media":"","overlay-type":"","overlay-color":"","overlay-opacity":"","overlay-gradient":""},"mobile":{"background-color":"var(--ast-global-color-5)","background-image":"","background-repeat":"repeat","background-position":"center center","background-size":"auto","background-attachment":"scroll","background-type":"","background-media":"","overlay-type":"","overlay-color":"","overlay-opacity":"","overlay-gradient":""}},"_jet_sm_ready_style":"","_jet_sm_style":"","_jet_sm_controls_values":"","_jet_sm_fonts_collection":"","_jet_sm_fonts_links":"","footnotes":""},"schlagwortedst":[153],"wf_page_folders":[],"class_list":["post-7126","page","type-page","status-publish","has-post-thumbnail","hentry","schlagwortedst-sideschule"],"_links":{"self":[{"href":"https:\/\/www.dstenerife.eu\/es\/wp-json\/wp\/v2\/pages\/7126","targetHints":{"allow":["GET"]}}],"collection":[{"href":"https:\/\/www.dstenerife.eu\/es\/wp-json\/wp\/v2\/pages"}],"about":[{"href":"https:\/\/www.dstenerife.eu\/es\/wp-json\/wp\/v2\/types\/page"}],"author":[{"embeddable":true,"href":"https:\/\/www.dstenerife.eu\/es\/wp-json\/wp\/v2\/users\/10"}],"replies":[{"embeddable":true,"href":"https:\/\/www.dstenerife.eu\/es\/wp-json\/wp\/v2\/comments?post=7126"}],"version-history":[{"count":4,"href":"https:\/\/www.dstenerife.eu\/es\/wp-json\/wp\/v2\/pages\/7126\/revisions"}],"predecessor-version":[{"id":70681,"href":"https:\/\/www.dstenerife.eu\/es\/wp-json\/wp\/v2\/pages\/7126\/revisions\/70681"}],"up":[{"embeddable":true,"href":"https:\/\/www.dstenerife.eu\/es\/wp-json\/wp\/v2\/pages\/7125"}],"wp:featuredmedia":[{"embeddable":true,"href":"https:\/\/www.dstenerife.eu\/es\/wp-json\/wp\/v2\/media\/939"}],"wp:attachment":[{"href":"https:\/\/www.dstenerife.eu\/es\/wp-json\/wp\/v2\/media?parent=7126"}],"wp:term":[{"taxonomy":"schlagwortedst","embeddable":true,"href":"https:\/\/www.dstenerife.eu\/es\/wp-json\/wp\/v2\/schlagwortedst?post=7126"},{"taxonomy":"wf_page_folders","embeddable":true,"href":"https:\/\/www.dstenerife.eu\/es\/wp-json\/wp\/v2\/wf_page_folders?post=7126"}],"curies":[{"name":"wp","href":"https:\/\/api.w.org\/{rel}","templated":true}]}}