{"id":7178,"date":"2016-11-07T21:10:35","date_gmt":"2016-11-07T21:10:35","guid":{"rendered":"https:\/\/kopie.dst.deutsche-schule.eu\/es\/?page_id=7178"},"modified":"2016-11-08T09:18:04","modified_gmt":"2016-11-08T09:18:04","slug":"peer-review","status":"publish","type":"page","link":"https:\/\/www.dstenerife.eu\/es\/colegio\/gestion-de-calidad-en-el-colegio-aleman-santa-cruz-de-tenerife\/evaluaciones\/peer-review\/","title":{"rendered":"Peer Review"},"content":{"rendered":"<p>Desde el d\u00eda 14 hasta el d\u00eda 17 de marzo 2016 tuvo lugar el Peer Review, un importante paso en el proceso de desarrollo de la calidad escolar. Como encargados para realizar el Peer Review, invitamos a Andrea Bahmann y a Dirk Stamer, del Colegio Alem\u00e1n de Las Palmas de Gran Canaria, para que evaluaran dos cuestiones: la educaci\u00f3n a <strong>la democracia<\/strong> y <strong>las estructuras de feedback<\/strong>. Los miembros de la Direcci\u00f3n, de la Junta Directiva, del Grupo de Gesti\u00f3n de Calidad (Steuergruppe), los representantes de padres y los profesores recibieron el resumen de estos d\u00edas de evaluaci\u00f3n. Los resultados del Peer Review ser\u00e1n la base para el futuro trabajo a <a href=\"https:\/\/www.dstenerife.eu\/es\/nuestro-colegio\/gestion-de-calidad-en-el-colegio-aleman-santa-cruz-de-tenerife\/\">desarrollar<\/a> en el <a href=\"https:\/\/www.dstenerife.eu\/es\/comites-del-colegio\/gestion-de-calidad-en-el-colegio-aleman-de-santa-cruz-de-tenerife\/\">Grupo de Gesti\u00f3n de la Calidad<\/a>. Queremos darles cordialmente las gracias a nuestros \u201ePeers\u201c por su trabajo profesional, valioso y constructivo.<\/p>\n","protected":false},"excerpt":{"rendered":"<p>Desde el d\u00eda 14 hasta el d\u00eda 17 de marzo 2016 tuvo lugar el Peer Review, [&hellip;]<\/p>\n","protected":false},"author":10,"featured_media":6778,"parent":7126,"menu_order":1,"comment_status":"closed","ping_status":"closed","template":"","meta":{"site-sidebar-layout":"default","site-content-layout":"","ast-site-content-layout":"default","site-content-style":"default","site-sidebar-style":"default","ast-global-header-display":"","ast-banner-title-visibility":"","ast-main-header-display":"","ast-hfb-above-header-display":"","ast-hfb-below-header-display":"","ast-hfb-mobile-header-display":"","site-post-title":"","ast-breadcrumbs-content":"","ast-featured-img":"","footer-sml-layout":"","ast-disable-related-posts":"","theme-transparent-header-meta":"","adv-header-id-meta":"","stick-header-meta":"","header-above-stick-meta":"","header-main-stick-meta":"","header-below-stick-meta":"","astra-migrate-meta-layouts":"default","ast-page-background-enabled":"default","ast-page-background-meta":{"desktop":{"background-color":"","background-image":"","background-repeat":"repeat","background-position":"center center","background-size":"auto","background-attachment":"scroll","background-type":"","background-media":"","overlay-type":"","overlay-color":"","overlay-opacity":"","overlay-gradient":""},"tablet":{"background-color":"","background-image":"","background-repeat":"repeat","background-position":"center center","background-size":"auto","background-attachment":"scroll","background-type":"","background-media":"","overlay-type":"","overlay-color":"","overlay-opacity":"","overlay-gradient":""},"mobile":{"background-color":"","background-image":"","background-repeat":"repeat","background-position":"center center","background-size":"auto","background-attachment":"scroll","background-type":"","background-media":"","overlay-type":"","overlay-color":"","overlay-opacity":"","overlay-gradient":""}},"ast-content-background-meta":{"desktop":{"background-color":"var(--ast-global-color-5)","background-image":"","background-repeat":"repeat","background-position":"center center","background-size":"auto","background-attachment":"scroll","background-type":"","background-media":"","overlay-type":"","overlay-color":"","overlay-opacity":"","overlay-gradient":""},"tablet":{"background-color":"var(--ast-global-color-5)","background-image":"","background-repeat":"repeat","background-position":"center center","background-size":"auto","background-attachment":"scroll","background-type":"","background-media":"","overlay-type":"","overlay-color":"","overlay-opacity":"","overlay-gradient":""},"mobile":{"background-color":"var(--ast-global-color-5)","background-image":"","background-repeat":"repeat","background-position":"center center","background-size":"auto","background-attachment":"scroll","background-type":"","background-media":"","overlay-type":"","overlay-color":"","overlay-opacity":"","overlay-gradient":""}},"_jet_sm_ready_style":"","_jet_sm_style":"","_jet_sm_controls_values":"","_jet_sm_fonts_collection":"","_jet_sm_fonts_links":"","footnotes":""},"schlagwortedst":[],"wf_page_folders":[],"class_list":["post-7178","page","type-page","status-publish","has-post-thumbnail","hentry"],"_links":{"self":[{"href":"https:\/\/www.dstenerife.eu\/es\/wp-json\/wp\/v2\/pages\/7178","targetHints":{"allow":["GET"]}}],"collection":[{"href":"https:\/\/www.dstenerife.eu\/es\/wp-json\/wp\/v2\/pages"}],"about":[{"href":"https:\/\/www.dstenerife.eu\/es\/wp-json\/wp\/v2\/types\/page"}],"author":[{"embeddable":true,"href":"https:\/\/www.dstenerife.eu\/es\/wp-json\/wp\/v2\/users\/10"}],"replies":[{"embeddable":true,"href":"https:\/\/www.dstenerife.eu\/es\/wp-json\/wp\/v2\/comments?post=7178"}],"version-history":[{"count":0,"href":"https:\/\/www.dstenerife.eu\/es\/wp-json\/wp\/v2\/pages\/7178\/revisions"}],"up":[{"embeddable":true,"href":"https:\/\/www.dstenerife.eu\/es\/wp-json\/wp\/v2\/pages\/7126"}],"wp:featuredmedia":[{"embeddable":true,"href":"https:\/\/www.dstenerife.eu\/es\/wp-json\/wp\/v2\/media\/6778"}],"wp:attachment":[{"href":"https:\/\/www.dstenerife.eu\/es\/wp-json\/wp\/v2\/media?parent=7178"}],"wp:term":[{"taxonomy":"schlagwortedst","embeddable":true,"href":"https:\/\/www.dstenerife.eu\/es\/wp-json\/wp\/v2\/schlagwortedst?post=7178"},{"taxonomy":"wf_page_folders","embeddable":true,"href":"https:\/\/www.dstenerife.eu\/es\/wp-json\/wp\/v2\/wf_page_folders?post=7178"}],"curies":[{"name":"wp","href":"https:\/\/api.w.org\/{rel}","templated":true}]}}