{"id":74358,"date":"2024-01-10T05:35:01","date_gmt":"2024-01-10T05:35:01","guid":{"rendered":"https:\/\/www.dstenerife.eu\/kikri-y-kindergarten\/unsere-gruppen-im-kindergarten\/"},"modified":"2025-07-22T16:09:12","modified_gmt":"2025-07-22T15:09:12","slug":"nuestros-grupos-en-infantil","status":"publish","type":"page","link":"https:\/\/www.dstenerife.eu\/es\/kikri-y-kindergarten\/nuestros-grupos-en-infantil\/","title":{"rendered":"Nuestros grupos en Infantil"},"content":{"rendered":"\t\t<div data-elementor-type=\"wp-page\" data-elementor-id=\"74358\" class=\"elementor elementor-74358 elementor-66351\" data-elementor-post-type=\"page\">\n\t\t\t\t<div class=\"elementor-element elementor-element-f6ead0a e-flex e-con-boxed e-con e-parent\" data-id=\"f6ead0a\" data-element_type=\"container\" data-e-type=\"container\">\n\t\t\t\t\t<div class=\"e-con-inner\">\n\t\t\t\t<div class=\"elementor-element elementor-element-8d851cb elementor-widget elementor-widget-heading\" data-id=\"8d851cb\" data-element_type=\"widget\" data-e-type=\"widget\" data-settings=\"{&quot;_ob_widget_stalker_use&quot;:&quot;no&quot;,&quot;_ob_shadough_use&quot;:&quot;no&quot;}\" data-widget_type=\"heading.default\">\n\t\t\t\t<div class=\"elementor-widget-container\">\n\t\t\t\t\t<h1 class=\"elementor-heading-title elementor-size-default\">Nuestros grupos en Infantil<\/h1>\t\t\t\t<\/div>\n\t\t\t\t<\/div>\n\t\t\t\t<div class=\"elementor-element elementor-element-13475d5 elementor-widget elementor-widget-jet-images-layout\" data-id=\"13475d5\" data-element_type=\"widget\" data-e-type=\"widget\" data-settings=\"{&quot;columns_tablet&quot;:&quot;3&quot;,&quot;columns_mobile&quot;:&quot;3&quot;,&quot;columns&quot;:3,&quot;_ob_widget_stalker_use&quot;:&quot;no&quot;,&quot;_ob_shadough_use&quot;:&quot;no&quot;}\" data-widget_type=\"jet-images-layout.default\">\n\t\t\t\t<div class=\"elementor-widget-container\">\n\t\t\t\t\t<div class=\"elementor-jet-images-layout jet-elements\">\n<div class=\"jet-images-layout layout-type-masonry\" data-settings='{&quot;layoutType&quot;:&quot;masonry&quot;,&quot;justifyHeight&quot;:300}'>\n\t<div class=\"jet-images-layout__list salvattore column-desktop-3 column-tablet-3 column-mobile-3\" data-columns>\n<div class=\"jet-images-layout__item \">\n\t<div class=\"jet-images-layout__inner\">\n\t\t<div class=\"jet-images-layout__image-loader\"><span><\/span><\/div>\n\t\t<a class=\"jet-images-layout__link \" href=\"https:\/\/www.dstenerife.eu\/es\/kikri-y-kindergarten\/nuestros-grupos-en-infantil\/fotos-pollitos\/\" target=\"_self\" rel=\"\">\n\t\t\t<div class=\"jet-images-layout__image\">\n\t\t\t\t<img decoding=\"async\" class=\"jet-images-layout__image-instance\" src=\"https:\/\/e969z83yjsq.exactdn.com\/wp-content\/uploads\/2024\/01\/Kukengruppe-Grupo-de-los-PollitosWEB.jpg?strip=all\" alt=\"K\u00fckengruppe Grupo de los PollitosWEB\" loading=\"lazy\">\t\t\t<\/div>\n\t\t\t<div class=\"jet-images-layout__content\"><h5 class=\"jet-images-layout__title\">Grupo pollitos<\/h5><\/div>\n\t\t<\/a>\n\t<\/div>\n<\/div>\n<div class=\"jet-images-layout__item \">\n\t<div class=\"jet-images-layout__inner\">\n\t\t<div class=\"jet-images-layout__image-loader\"><span><\/span><\/div>\n\t\t<a class=\"jet-images-layout__link \" href=\"https:\/\/www.dstenerife.eu\/es\/kikri-y-kindergarten\/nuestros-grupos-en-infantil\/grupo-soles\/\" target=\"_self\" rel=\"\">\n\t\t\t<div class=\"jet-images-layout__image\">\n\t\t\t\t<img decoding=\"async\" class=\"jet-images-layout__image-instance\" src=\"https:\/\/e969z83yjsq.exactdn.com\/wp-content\/uploads\/2024\/01\/Sonnengruppe-Grupo-de-los-SolesWEB.jpg?strip=all\" alt=\"Sonnengruppe Grupo de los SolesWEB\" loading=\"lazy\">\t\t\t<\/div>\n\t\t\t<div class=\"jet-images-layout__content\"><h5 class=\"jet-images-layout__title\">Grupo soles<\/h5><\/div>\n\t\t<\/a>\n\t<\/div>\n<\/div>\n<div class=\"jet-images-layout__item \">\n\t<div class=\"jet-images-layout__inner\">\n\t\t<div class=\"jet-images-layout__image-loader\"><span><\/span><\/div>\n\t\t<a class=\"jet-images-layout__link \" href=\"https:\/\/www.dstenerife.eu\/es\/kikri-y-kindergarten\/nuestros-grupos-en-infantil\/grupo-enanos\/\" target=\"_self\" rel=\"\">\n\t\t\t<div class=\"jet-images-layout__image\">\n\t\t\t\t<img decoding=\"async\" class=\"jet-images-layout__image-instance\" src=\"https:\/\/e969z83yjsq.exactdn.com\/wp-content\/uploads\/2024\/01\/Zwergengruppe-Grupo-de-los-EnanosWEB.jpg?strip=all\" alt=\"Zwergengruppe Grupo de los EnanosWEB\" loading=\"lazy\">\t\t\t<\/div>\n\t\t\t<div class=\"jet-images-layout__content\"><h5 class=\"jet-images-layout__title\">Grupo enanos<\/h5><\/div>\n\t\t<\/a>\n\t<\/div>\n<\/div>\n<div class=\"jet-images-layout__item \">\n\t<div class=\"jet-images-layout__inner\">\n\t\t<div class=\"jet-images-layout__image-loader\"><span><\/span><\/div>\n\t\t<a class=\"jet-images-layout__link \" href=\"https:\/\/www.dstenerife.eu\/es\/kikri-y-kindergarten\/nuestros-grupos-en-infantil\/gruene-gruppe\/\" target=\"_self\" rel=\"\">\n\t\t\t<div class=\"jet-images-layout__image\">\n\t\t\t\t<img decoding=\"async\" class=\"jet-images-layout__image-instance\" src=\"https:\/\/e969z83yjsq.exactdn.com\/wp-content\/uploads\/2024\/01\/Grune-Gruppe-Grupo-VerdeWEB.jpg?strip=all\" alt=\"Gr\u00fcne Gruppe Grupo VerdeWEB\" loading=\"lazy\">\t\t\t<\/div>\n\t\t\t<div class=\"jet-images-layout__content\"><h5 class=\"jet-images-layout__title\">Grupo Verde<\/h5><\/div>\n\t\t<\/a>\n\t<\/div>\n<\/div>\n<div class=\"jet-images-layout__item \">\n\t<div class=\"jet-images-layout__inner\">\n\t\t<div class=\"jet-images-layout__image-loader\"><span><\/span><\/div>\n\t\t<a class=\"jet-images-layout__link \" href=\"https:\/\/www.dstenerife.eu\/es\/kikri-y-kindergarten\/nuestros-grupos-en-infantil\/orangene-gruppe\/\" target=\"_self\" rel=\"\">\n\t\t\t<div class=\"jet-images-layout__image\">\n\t\t\t\t<img decoding=\"async\" class=\"jet-images-layout__image-instance\" src=\"https:\/\/e969z83yjsq.exactdn.com\/wp-content\/uploads\/2024\/01\/Orangene-Gruppe-Grupo-NaranjaWEB.jpg?strip=all\" alt=\"Orangene Gruppe Grupo NaranjaWEB\" loading=\"lazy\">\t\t\t<\/div>\n\t\t\t<div class=\"jet-images-layout__content\"><h5 class=\"jet-images-layout__title\">Grupo Naranja<\/h5><\/div>\n\t\t<\/a>\n\t<\/div>\n<\/div>\n<div class=\"jet-images-layout__item \">\n\t<div class=\"jet-images-layout__inner\">\n\t\t<div class=\"jet-images-layout__image-loader\"><span><\/span><\/div>\n\t\t<a class=\"jet-images-layout__link \" href=\"https:\/\/www.dstenerife.eu\/es\/kikri-y-kindergarten\/nuestros-grupos-en-infantil\/hellblaue-gruppe\/\" target=\"_self\" rel=\"\">\n\t\t\t<div class=\"jet-images-layout__image\">\n\t\t\t\t<img decoding=\"async\" class=\"jet-images-layout__image-instance\" src=\"https:\/\/e969z83yjsq.exactdn.com\/wp-content\/uploads\/2024\/01\/Hellblaue-Gruppe-Grupo-azul-celesteWEB.jpg?strip=all\" alt=\"Hellblaue Gruppe Grupo azul celesteWEB\" loading=\"lazy\">\t\t\t<\/div>\n\t\t\t<div class=\"jet-images-layout__content\"><h5 class=\"jet-images-layout__title\">Grupo Azul Celeste<\/h5><\/div>\n\t\t<\/a>\n\t<\/div>\n<\/div>\n<div class=\"jet-images-layout__item \">\n\t<div class=\"jet-images-layout__inner\">\n\t\t<div class=\"jet-images-layout__image-loader\"><span><\/span><\/div>\n\t\t<a class=\"jet-images-layout__link \" href=\"https:\/\/www.dstenerife.eu\/es\/kikri-y-kindergarten\/nuestros-grupos-en-infantil\/dunkelblaue-gruppe\/\" target=\"_self\" rel=\"\">\n\t\t\t<div class=\"jet-images-layout__image\">\n\t\t\t\t<img decoding=\"async\" class=\"jet-images-layout__image-instance\" src=\"https:\/\/e969z83yjsq.exactdn.com\/wp-content\/uploads\/2024\/01\/Dunkelblaue-Gruppe-Grupo-Azul-OscuroWEB.jpg?strip=all\" alt=\"Dunkelblaue Gruppe Grupo Azul OscuroWEB\" loading=\"lazy\">\t\t\t<\/div>\n\t\t\t<div class=\"jet-images-layout__content\"><h5 class=\"jet-images-layout__title\">Grupo Azul Oscuro<\/h5><\/div>\n\t\t<\/a>\n\t<\/div>\n<\/div>\n<div class=\"jet-images-layout__item \">\n\t<div class=\"jet-images-layout__inner\">\n\t\t<div class=\"jet-images-layout__image-loader\"><span><\/span><\/div>\n\t\t<a class=\"jet-images-layout__link \" href=\"https:\/\/www.dstenerife.eu\/es\/kikri-y-kindergarten\/nuestros-grupos-en-infantil\/lila-gruppe\/\" target=\"_self\" rel=\"\">\n\t\t\t<div class=\"jet-images-layout__image\">\n\t\t\t\t<img decoding=\"async\" class=\"jet-images-layout__image-instance\" src=\"https:\/\/e969z83yjsq.exactdn.com\/wp-content\/uploads\/2024\/01\/Lila-Gruppe-Grupo-LilaWEB.jpg?strip=all\" alt=\"Lila Gruppe Grupo LilaWEB\" loading=\"lazy\">\t\t\t<\/div>\n\t\t\t<div class=\"jet-images-layout__content\"><h5 class=\"jet-images-layout__title\">Grupo Lila<\/h5><\/div>\n\t\t<\/a>\n\t<\/div>\n<\/div>\n<div class=\"jet-images-layout__item \">\n\t<div class=\"jet-images-layout__inner\">\n\t\t<div class=\"jet-images-layout__image-loader\"><span><\/span><\/div>\n\t\t<a class=\"jet-images-layout__link \" href=\"https:\/\/www.dstenerife.eu\/es\/kikri-y-kindergarten\/nuestros-grupos-en-infantil\/k3\/\" target=\"_self\" rel=\"\">\n\t\t\t<div class=\"jet-images-layout__image\">\n\t\t\t\t<img decoding=\"async\" class=\"jet-images-layout__image-instance\" src=\"https:\/\/e969z83yjsq.exactdn.com\/wp-content\/uploads\/2024\/01\/K3plusWEB.jpg?strip=all\" alt=\"K3plusWEB\" loading=\"lazy\">\t\t\t<\/div>\n\t\t\t<div class=\"jet-images-layout__content\"><h5 class=\"jet-images-layout__title\">K3+<\/h5><\/div>\n\t\t<\/a>\n\t<\/div>\n<\/div>\n<\/div><\/div>\n<\/div>\t\t\t\t<\/div>\n\t\t\t\t<\/div>\n\t\t\t\t\t<\/div>\n\t\t\t\t<\/div>\n\t\t<div class=\"elementor-element elementor-element-30ea544 e-flex e-con-boxed e-con e-parent\" data-id=\"30ea544\" data-element_type=\"container\" data-e-type=\"container\">\n\t\t\t\t\t<div class=\"e-con-inner\">\n\t\t\t\t<div class=\"elementor-element elementor-element-6b768cc elementor-widget elementor-widget-text-editor\" data-id=\"6b768cc\" data-element_type=\"widget\" data-e-type=\"widget\" data-settings=\"{&quot;_ob_widget_stalker_use&quot;:&quot;no&quot;,&quot;_ob_shadough_use&quot;:&quot;no&quot;}\" data-widget_type=\"text-editor.default\">\n\t\t\t\t<div class=\"elementor-widget-container\">\n\t\t\t\t\t\t\t\t\t<p>Los datos personales publicados en el presente entorno, entre ellos <em>nombre, apellidos, fotograf\u00edas<\/em>, etc. ser\u00e1n accesible por todos los participantes, por ello, debe garantizarse que la informaci\u00f3n que se volcar\u00e1 a continuaci\u00f3n sean datos y\/o informaci\u00f3n que puedan ser conocidas por terceros.<\/p><p>A su vez, y en virtud de la publicaci\u00f3n de fotograf\u00edas a las que podr\u00e1n acceder todos los participantes, quedan informados de lo siguiente: Act\u00faa como Responsable del tratamiento la ASOCIACI\u00d3N PARA EL FOMENTO DEL COLEGIO ALEM\u00c1N SANTA CRUZ DE TENERIFE de las im\u00e1genes publicadas en este entorno, por ello, su descarga y publicaci\u00f3n en redes sociales se podr\u00e1 realizar \u00fanicamente bajo autorizaci\u00f3n expresa del centro.<\/p><p>Cualquier publicaci\u00f3n de las im\u00e1genes realizadas sin autorizaci\u00f3n por parte de los usuarios del entorno, quedar\u00e1 bajo su \u00fanica responsabilidad quedando exento de cualquier reclamaci\u00f3n y\/o responsabilidad la ASOCIACI\u00d3N PARA EL FOMENTO DEL COLEGIO ALEM\u00c1N SANTA CRUZ DE TENERIFE.<\/p><p>La publicaci\u00f3n de las fotograf\u00edas estar\u00e1 bajo el amparo de la Ley Org\u00e1nica 1\/1982, de 5 de mayo, de protecci\u00f3n civil del derecho al honor, a la intimidad personal y familiar y a la propia imagen.<\/p><p>Cualquier duda que puedan tener en relaci\u00f3n con las mismas pueden ponerse en contacto con el responsable de protecci\u00f3n de datos interno de la ASOCIACI\u00d3N PARA EL FOMENTO DEL COLEGIO ALEM\u00c1N SANTA CRUZ DE TENERIFE.<\/p>\t\t\t\t\t\t\t\t<\/div>\n\t\t\t\t<\/div>\n\t\t\t\t\t<\/div>\n\t\t\t\t<\/div>\n\t\t\t\t<\/div>\n\t\t","protected":false},"excerpt":{"rendered":"<p>Grupo pollitos Grupo soles Grupo enanos Grupo Verde Grupo Naranja Grupo Azul Celeste Grupo Azul Oscuro [&hellip;]<\/p>\n","protected":false},"author":15,"featured_media":0,"parent":1601,"menu_order":0,"comment_status":"closed","ping_status":"closed","template":"","meta":{"site-sidebar-layout":"no-sidebar","site-content-layout":"page-builder","ast-site-content-layout":"full-width-container","site-content-style":"default","site-sidebar-style":"default","ast-global-header-display":"","ast-banner-title-visibility":"","ast-main-header-display":"","ast-hfb-above-header-display":"","ast-hfb-below-header-display":"","ast-hfb-mobile-header-display":"","site-post-title":"disabled","ast-breadcrumbs-content":"","ast-featured-img":"disabled","footer-sml-layout":"","ast-disable-related-posts":"","theme-transparent-header-meta":"default","adv-header-id-meta":"","stick-header-meta":"default","header-above-stick-meta":"","header-main-stick-meta":"","header-below-stick-meta":"","astra-migrate-meta-layouts":"set","ast-page-background-enabled":"default","ast-page-background-meta":{"desktop":{"background-color":"","background-image":"","background-repeat":"repeat","background-position":"center center","background-size":"auto","background-attachment":"scroll","background-type":"","background-media":"","overlay-type":"","overlay-color":"","overlay-opacity":"","overlay-gradient":""},"tablet":{"background-color":"","background-image":"","background-repeat":"repeat","background-position":"center center","background-size":"auto","background-attachment":"scroll","background-type":"","background-media":"","overlay-type":"","overlay-color":"","overlay-opacity":"","overlay-gradient":""},"mobile":{"background-color":"","background-image":"","background-repeat":"repeat","background-position":"center center","background-size":"auto","background-attachment":"scroll","background-type":"","background-media":"","overlay-type":"","overlay-color":"","overlay-opacity":"","overlay-gradient":""}},"ast-content-background-meta":{"desktop":{"background-color":"var(--ast-global-color-5)","background-image":"","background-repeat":"repeat","background-position":"center center","background-size":"auto","background-attachment":"scroll","background-type":"","background-media":"","overlay-type":"","overlay-color":"","overlay-opacity":"","overlay-gradient":""},"tablet":{"background-color":"var(--ast-global-color-5)","background-image":"","background-repeat":"repeat","background-position":"center center","background-size":"auto","background-attachment":"scroll","background-type":"","background-media":"","overlay-type":"","overlay-color":"","overlay-opacity":"","overlay-gradient":""},"mobile":{"background-color":"var(--ast-global-color-5)","background-image":"","background-repeat":"repeat","background-position":"center center","background-size":"auto","background-attachment":"scroll","background-type":"","background-media":"","overlay-type":"","overlay-color":"","overlay-opacity":"","overlay-gradient":""}},"_jet_sm_ready_style":"","_jet_sm_style":"","_jet_sm_controls_values":"","_jet_sm_fonts_collection":"","_jet_sm_fonts_links":"","footnotes":""},"schlagwortedst":[],"wf_page_folders":[192],"class_list":["post-74358","page","type-page","status-publish","hentry"],"_links":{"self":[{"href":"https:\/\/www.dstenerife.eu\/es\/wp-json\/wp\/v2\/pages\/74358","targetHints":{"allow":["GET"]}}],"collection":[{"href":"https:\/\/www.dstenerife.eu\/es\/wp-json\/wp\/v2\/pages"}],"about":[{"href":"https:\/\/www.dstenerife.eu\/es\/wp-json\/wp\/v2\/types\/page"}],"author":[{"embeddable":true,"href":"https:\/\/www.dstenerife.eu\/es\/wp-json\/wp\/v2\/users\/15"}],"replies":[{"embeddable":true,"href":"https:\/\/www.dstenerife.eu\/es\/wp-json\/wp\/v2\/comments?post=74358"}],"version-history":[{"count":16,"href":"https:\/\/www.dstenerife.eu\/es\/wp-json\/wp\/v2\/pages\/74358\/revisions"}],"predecessor-version":[{"id":98904,"href":"https:\/\/www.dstenerife.eu\/es\/wp-json\/wp\/v2\/pages\/74358\/revisions\/98904"}],"up":[{"embeddable":true,"href":"https:\/\/www.dstenerife.eu\/es\/wp-json\/wp\/v2\/pages\/1601"}],"wp:attachment":[{"href":"https:\/\/www.dstenerife.eu\/es\/wp-json\/wp\/v2\/media?parent=74358"}],"wp:term":[{"taxonomy":"schlagwortedst","embeddable":true,"href":"https:\/\/www.dstenerife.eu\/es\/wp-json\/wp\/v2\/schlagwortedst?post=74358"},{"taxonomy":"wf_page_folders","embeddable":true,"href":"https:\/\/www.dstenerife.eu\/es\/wp-json\/wp\/v2\/wf_page_folders?post=74358"}],"curies":[{"name":"wp","href":"https:\/\/api.w.org\/{rel}","templated":true}]}}