{"id":86485,"date":"2024-11-12T04:06:41","date_gmt":"2024-11-12T04:06:41","guid":{"rendered":"https:\/\/www.dstenerife.eu\/?page_id=86485"},"modified":"2024-11-12T14:06:35","modified_gmt":"2024-11-12T14:06:35","slug":"protocolos","status":"publish","type":"page","link":"https:\/\/www.dstenerife.eu\/es\/colegio\/protocolos\/","title":{"rendered":"Protocolos"},"content":{"rendered":"<h3><em>ACOSO ESCOLAR.<\/em> \u201cMarco general de actuaci\u00f3n ante un posible acoso escolar\u201d.<\/h3>\n<ul>\n<li>Base legal:<br \/>\n<a href=\"https:\/\/www.gobiernodecanarias.org\/educacion\/web\/servicios\/prevencion-acoso-escolar\/marco-general-actuacion-acoso-escolar\/index.html\" target=\"_blank\" rel=\"noopener\">https:\/\/www.gobiernodecanarias.org\/educacion\/web\/servicios\/prevencion-acoso-escolar\/marco-general-actuacion-acoso-escolar\/index.html<\/a><\/li>\n<li>Esquema del DST:<br \/>\n<a href=\"https:\/\/www.dstenerife.eu\/wp-content\/uploads\/2024\/06\/Antibullying-Konzept_spanisch.pdf\" target=\"_blank\" rel=\"noopener\">Antibullying-Konzept_spanisch.pdf<\/a><\/li>\n<\/ul>\n<h3>\u201cProtocolo de intervenci\u00f3n ante riesgo suicida detectado en instituciones educativas de Canarias\u201d.<\/h3>\n<ul>\n<li>Base legal:<br \/>\n<a href=\"https:\/\/www.gobiernodecanarias.org\/cmsweb\/export\/sites\/educacion\/web\/_galerias\/descargas\/otros\/20240926_protocolo_de_intervencion_ante_riesgo_suicida_detectado_en_instuciones_educativas_de_canarias.pdf\" target=\"_blank\" rel=\"noopener\">https:\/\/www.gobiernodecanarias.org\/cmsweb\/export\/sites\/educacion\/web\/_galerias\/descargas\/otros\/20240926_protocolo_de_intervencion_ante_riesgo_suicida_detectado_en_instuciones_educativas_de_canarias.pdf<\/a><\/li>\n<li>Agentes principales<br \/>\n<img fetchpriority=\"high\" decoding=\"async\" class=\"aligncenter size-medium wp-image-86486\" src=\"https:\/\/e969z83yjsq.exactdn.com\/wp-content\/uploads\/2024\/11\/protocoloagentes-739x423.jpg?strip=all\" alt=\"\" width=\"739\" height=\"423\" srcset=\"https:\/\/e969z83yjsq.exactdn.com\/wp-content\/uploads\/2024\/11\/protocoloagentes-739x423.jpg?strip=all 739w, https:\/\/e969z83yjsq.exactdn.com\/wp-content\/uploads\/2024\/11\/protocoloagentes-320x183.jpg?strip=all 320w, https:\/\/e969z83yjsq.exactdn.com\/wp-content\/uploads\/2024\/11\/protocoloagentes.jpg?strip=all 760w, https:\/\/e969z83yjsq.exactdn.com\/wp-content\/uploads\/2024\/11\/protocoloagentes.jpg?strip=all&amp;w=152 152w, https:\/\/e969z83yjsq.exactdn.com\/wp-content\/uploads\/2024\/11\/protocoloagentes.jpg?strip=all&amp;w=456 456w, https:\/\/e969z83yjsq.exactdn.com\/wp-content\/uploads\/2024\/11\/protocoloagentes.jpg?strip=all&amp;w=608 608w\" sizes=\"(max-width: 739px) 100vw, 739px\" \/>Equipo de gesti\u00f3n de intervenci\u00f3n y seguimiento del DST<\/li>\n<\/ul>\n<h3>\u201cProtocolo para el acompa\u00f1amiento al alumnado trans* y atenci\u00f3n a la diversidad de g\u00e9nero\u201d<\/h3>\n<p><span style=\"color: #ff0000;\">\u00a1En proceso de publicaci\u00f3n!<\/span><\/p>\n<h3><\/h3>\n<h3>\u201cProtocolo de actuaci\u00f3n en el \u00e1mbito educativo ante situaciones de altas temperaturas\u201d<\/h3>\n<p><span style=\"color: #ff0000;\">\u00a1En proceso de publicaci\u00f3n!<\/span><\/p>\n","protected":false},"excerpt":{"rendered":"<p>ACOSO ESCOLAR. \u201cMarco general de actuaci\u00f3n ante un posible acoso escolar\u201d. Base legal: https:\/\/www.gobiernodecanarias.org\/educacion\/web\/servicios\/prevencion-acoso-escolar\/marco-general-actuacion-acoso-escolar\/index.html Esquema del [&hellip;]<\/p>\n","protected":false},"author":15,"featured_media":0,"parent":902,"menu_order":0,"comment_status":"closed","ping_status":"closed","template":"","meta":{"site-sidebar-layout":"default","site-content-layout":"","ast-site-content-layout":"default","site-content-style":"default","site-sidebar-style":"default","ast-global-header-display":"","ast-banner-title-visibility":"","ast-main-header-display":"","ast-hfb-above-header-display":"","ast-hfb-below-header-display":"","ast-hfb-mobile-header-display":"","site-post-title":"","ast-breadcrumbs-content":"","ast-featured-img":"","footer-sml-layout":"","ast-disable-related-posts":"","theme-transparent-header-meta":"default","adv-header-id-meta":"","stick-header-meta":"default","header-above-stick-meta":"","header-main-stick-meta":"","header-below-stick-meta":"","astra-migrate-meta-layouts":"set","ast-page-background-enabled":"default","ast-page-background-meta":{"desktop":{"background-color":"","background-image":"","background-repeat":"repeat","background-position":"center center","background-size":"auto","background-attachment":"scroll","background-type":"","background-media":"","overlay-type":"","overlay-color":"","overlay-opacity":"","overlay-gradient":""},"tablet":{"background-color":"","background-image":"","background-repeat":"repeat","background-position":"center center","background-size":"auto","background-attachment":"scroll","background-type":"","background-media":"","overlay-type":"","overlay-color":"","overlay-opacity":"","overlay-gradient":""},"mobile":{"background-color":"","background-image":"","background-repeat":"repeat","background-position":"center center","background-size":"auto","background-attachment":"scroll","background-type":"","background-media":"","overlay-type":"","overlay-color":"","overlay-opacity":"","overlay-gradient":""}},"ast-content-background-meta":{"desktop":{"background-color":"var(--ast-global-color-5)","background-image":"","background-repeat":"repeat","background-position":"center center","background-size":"auto","background-attachment":"scroll","background-type":"","background-media":"","overlay-type":"","overlay-color":"","overlay-opacity":"","overlay-gradient":""},"tablet":{"background-color":"var(--ast-global-color-5)","background-image":"","background-repeat":"repeat","background-position":"center center","background-size":"auto","background-attachment":"scroll","background-type":"","background-media":"","overlay-type":"","overlay-color":"","overlay-opacity":"","overlay-gradient":""},"mobile":{"background-color":"var(--ast-global-color-5)","background-image":"","background-repeat":"repeat","background-position":"center center","background-size":"auto","background-attachment":"scroll","background-type":"","background-media":"","overlay-type":"","overlay-color":"","overlay-opacity":"","overlay-gradient":""}},"_jet_sm_ready_style":"","_jet_sm_style":"","_jet_sm_controls_values":"","_jet_sm_fonts_collection":"","_jet_sm_fonts_links":"","footnotes":""},"schlagwortedst":[153],"wf_page_folders":[],"class_list":["post-86485","page","type-page","status-publish","hentry","schlagwortedst-sideschule"],"_links":{"self":[{"href":"https:\/\/www.dstenerife.eu\/es\/wp-json\/wp\/v2\/pages\/86485","targetHints":{"allow":["GET"]}}],"collection":[{"href":"https:\/\/www.dstenerife.eu\/es\/wp-json\/wp\/v2\/pages"}],"about":[{"href":"https:\/\/www.dstenerife.eu\/es\/wp-json\/wp\/v2\/types\/page"}],"author":[{"embeddable":true,"href":"https:\/\/www.dstenerife.eu\/es\/wp-json\/wp\/v2\/users\/15"}],"replies":[{"embeddable":true,"href":"https:\/\/www.dstenerife.eu\/es\/wp-json\/wp\/v2\/comments?post=86485"}],"version-history":[{"count":2,"href":"https:\/\/www.dstenerife.eu\/es\/wp-json\/wp\/v2\/pages\/86485\/revisions"}],"predecessor-version":[{"id":86506,"href":"https:\/\/www.dstenerife.eu\/es\/wp-json\/wp\/v2\/pages\/86485\/revisions\/86506"}],"up":[{"embeddable":true,"href":"https:\/\/www.dstenerife.eu\/es\/wp-json\/wp\/v2\/pages\/902"}],"wp:attachment":[{"href":"https:\/\/www.dstenerife.eu\/es\/wp-json\/wp\/v2\/media?parent=86485"}],"wp:term":[{"taxonomy":"schlagwortedst","embeddable":true,"href":"https:\/\/www.dstenerife.eu\/es\/wp-json\/wp\/v2\/schlagwortedst?post=86485"},{"taxonomy":"wf_page_folders","embeddable":true,"href":"https:\/\/www.dstenerife.eu\/es\/wp-json\/wp\/v2\/wf_page_folders?post=86485"}],"curies":[{"name":"wp","href":"https:\/\/api.w.org\/{rel}","templated":true}]}}