{"id":88660,"date":"2025-01-17T06:55:13","date_gmt":"2025-01-17T06:55:13","guid":{"rendered":"https:\/\/www.dstenerife.eu\/?page_id=88660"},"modified":"2025-09-05T12:06:49","modified_gmt":"2025-09-05T11:06:49","slug":"opcion-almuerzo-traido-desde-casa","status":"publish","type":"page","link":"https:\/\/www.dstenerife.eu\/es\/servicios\/opcion-almuerzo-traido-desde-casa\/","title":{"rendered":"Opci\u00f3n: Almuerzo tra\u00eddo desde casa"},"content":{"rendered":"<p>La \u00abButterbrotklasse\u00bb es una oferta para alumnos y alumnas, en la que su hijo o hija consume su comida fr\u00eda tra\u00edda de casa en un aula bajo supervisi\u00f3n (de 13:10 a 13:40 horas). Con el fin de mejorar los procesos administrativos, se implementar\u00e1 un modelo de inscripci\u00f3n por semestre. Este servicio ser\u00e1 de pago, ya que incluye la atenci\u00f3n y supervisi\u00f3n del alumnado por parte de personal cualificado.<\/p>\n<p><strong>Precios fijos por mes:<\/strong><\/p>\n<p>1 d\u00eda por semana:\u00a0\u00a0 4 \u20ac \/ mes<br \/>\n2 d\u00edas por semana: 8 \u20ac \/ mes<br \/>\n3 d\u00edas por semana: 12 \u20ac \/ mes<br \/>\n4 d\u00edas por semana: 16 \u20ac \/ mes<br \/>\n5 d\u00edas por semana: 20 \u20ac \/ mes<\/p>\n<p><strong>Nota importante sobre d\u00edas adicionales:<\/strong><\/p>\n<p>Cada d\u00eda adicional fuera de la inscripci\u00f3n fija se considera un \u00abd\u00eda individual\u00bb (reserva diaria) y cuesta 1,50 \u20ac al d\u00eda, incluso si ya existe una inscripci\u00f3n fija para otros d\u00edas. Para d\u00edas espor\u00e1dicos o adicionales, es necesario realizar la inscripci\u00f3n a m\u00e1s tardar a las 09:00 horas. Estos d\u00edas se facturar\u00e1n al final del mes.<\/p>\n<p><strong>Compromiso de inscripci\u00f3n:<\/strong><\/p>\n<p>Les recordamos que, al inscribir a su hija o hijo en el servicio de Butterbrotklasse, se comprometen a mantener la inscripci\u00f3n para todo el semestre escolar, sin posibilidad de cambios durante este per\u00edodo, ya que la organizaci\u00f3n de la supervisi\u00f3n se basar\u00e1 en el n\u00famero de inscripciones. Por supuesto, la participaci\u00f3n de su hija o hijo no es obligatoria cada d\u00eda inscrito, pero no se realizar\u00e1n reembolsos de las cuotas pagadas.<\/p>\n<p>Para realizar la inscripci\u00f3n de forma fija, deber\u00e1n completar el formulario disponible a trav\u00e9s del siguiente enlace:<br \/>\n<a href=\"https:\/\/www.dstenerife.eu\/es\/servicios\/formularios\/comida-fria-butterbrot-inscripcion-1310-1340h-inscripcion-para-todo-el-ano\/\">Inscripci\u00f3n fija<\/a><\/p>\n<p>Para inscripciones puntuales o d\u00edas extras, deber\u00e1n utilizar el siguiente formulario:<br \/>\n<a href=\"https:\/\/www.dstenerife.eu\/es\/servicios\/formularios\/comida-fria-butterbrot-inscripcion-1310-1340h-para-un-dia-solo\/\">Inscripci\u00f3n puntual<\/a><\/p>\n","protected":false},"excerpt":{"rendered":"<p>La \u00abButterbrotklasse\u00bb es una oferta para alumnos y alumnas, en la que su hijo o hija [&hellip;]<\/p>\n","protected":false},"author":15,"featured_media":89844,"parent":1939,"menu_order":22,"comment_status":"closed","ping_status":"closed","template":"elementor_theme","meta":{"site-sidebar-layout":"default","site-content-layout":"","ast-site-content-layout":"default","site-content-style":"default","site-sidebar-style":"default","ast-global-header-display":"","ast-banner-title-visibility":"","ast-main-header-display":"","ast-hfb-above-header-display":"","ast-hfb-below-header-display":"","ast-hfb-mobile-header-display":"","site-post-title":"","ast-breadcrumbs-content":"","ast-featured-img":"","footer-sml-layout":"","ast-disable-related-posts":"","theme-transparent-header-meta":"default","adv-header-id-meta":"","stick-header-meta":"default","header-above-stick-meta":"","header-main-stick-meta":"","header-below-stick-meta":"","astra-migrate-meta-layouts":"set","ast-page-background-enabled":"default","ast-page-background-meta":{"desktop":{"background-color":"","background-image":"","background-repeat":"repeat","background-position":"center center","background-size":"auto","background-attachment":"scroll","background-type":"","background-media":"","overlay-type":"","overlay-color":"","overlay-opacity":"","overlay-gradient":""},"tablet":{"background-color":"","background-image":"","background-repeat":"repeat","background-position":"center center","background-size":"auto","background-attachment":"scroll","background-type":"","background-media":"","overlay-type":"","overlay-color":"","overlay-opacity":"","overlay-gradient":""},"mobile":{"background-color":"","background-image":"","background-repeat":"repeat","background-position":"center center","background-size":"auto","background-attachment":"scroll","background-type":"","background-media":"","overlay-type":"","overlay-color":"","overlay-opacity":"","overlay-gradient":""}},"ast-content-background-meta":{"desktop":{"background-color":"var(--ast-global-color-5)","background-image":"","background-repeat":"repeat","background-position":"center center","background-size":"auto","background-attachment":"scroll","background-type":"","background-media":"","overlay-type":"","overlay-color":"","overlay-opacity":"","overlay-gradient":""},"tablet":{"background-color":"var(--ast-global-color-5)","background-image":"","background-repeat":"repeat","background-position":"center center","background-size":"auto","background-attachment":"scroll","background-type":"","background-media":"","overlay-type":"","overlay-color":"","overlay-opacity":"","overlay-gradient":""},"mobile":{"background-color":"var(--ast-global-color-5)","background-image":"","background-repeat":"repeat","background-position":"center center","background-size":"auto","background-attachment":"scroll","background-type":"","background-media":"","overlay-type":"","overlay-color":"","overlay-opacity":"","overlay-gradient":""}},"_jet_sm_ready_style":"","_jet_sm_style":"","_jet_sm_controls_values":"","_jet_sm_fonts_collection":"","_jet_sm_fonts_links":"","footnotes":""},"schlagwortedst":[152],"wf_page_folders":[],"class_list":["post-88660","page","type-page","status-publish","has-post-thumbnail","hentry","schlagwortedst-sideservice"],"_links":{"self":[{"href":"https:\/\/www.dstenerife.eu\/es\/wp-json\/wp\/v2\/pages\/88660","targetHints":{"allow":["GET"]}}],"collection":[{"href":"https:\/\/www.dstenerife.eu\/es\/wp-json\/wp\/v2\/pages"}],"about":[{"href":"https:\/\/www.dstenerife.eu\/es\/wp-json\/wp\/v2\/types\/page"}],"author":[{"embeddable":true,"href":"https:\/\/www.dstenerife.eu\/es\/wp-json\/wp\/v2\/users\/15"}],"replies":[{"embeddable":true,"href":"https:\/\/www.dstenerife.eu\/es\/wp-json\/wp\/v2\/comments?post=88660"}],"version-history":[{"count":3,"href":"https:\/\/www.dstenerife.eu\/es\/wp-json\/wp\/v2\/pages\/88660\/revisions"}],"predecessor-version":[{"id":99303,"href":"https:\/\/www.dstenerife.eu\/es\/wp-json\/wp\/v2\/pages\/88660\/revisions\/99303"}],"up":[{"embeddable":true,"href":"https:\/\/www.dstenerife.eu\/es\/wp-json\/wp\/v2\/pages\/1939"}],"wp:featuredmedia":[{"embeddable":true,"href":"https:\/\/www.dstenerife.eu\/es\/wp-json\/wp\/v2\/media\/89844"}],"wp:attachment":[{"href":"https:\/\/www.dstenerife.eu\/es\/wp-json\/wp\/v2\/media?parent=88660"}],"wp:term":[{"taxonomy":"schlagwortedst","embeddable":true,"href":"https:\/\/www.dstenerife.eu\/es\/wp-json\/wp\/v2\/schlagwortedst?post=88660"},{"taxonomy":"wf_page_folders","embeddable":true,"href":"https:\/\/www.dstenerife.eu\/es\/wp-json\/wp\/v2\/wf_page_folders?post=88660"}],"curies":[{"name":"wp","href":"https:\/\/api.w.org\/{rel}","templated":true}]}}