{"id":902,"date":"2014-06-07T10:20:00","date_gmt":"2014-06-07T09:20:00","guid":{"rendered":"http:\/\/dstenerife.ducklingit.com\/?page_id=902"},"modified":"2025-09-30T08:21:37","modified_gmt":"2025-09-30T07:21:37","slug":"colegio","status":"publish","type":"page","link":"https:\/\/www.dstenerife.eu\/es\/colegio\/","title":{"rendered":"Colegio"},"content":{"rendered":"<p>El Colegio Alem\u00e1n Santa Cruz de Tenerife es un colegio biling\u00fce, en el que se preparara al alumnado para el ingreso en la universidad alemana y espa\u00f1ola. Adem\u00e1s, existe la posibilidad de obtener el T\u00edtulo de Educaci\u00f3n Secundaria Obligatoria despu\u00e9s de 4.\u00ba de la ESO.<\/p>\n<p>El DST es un Colegio Alem\u00e1n en el Extranjero independiente y privado, reconocido como tal por el estado Espa\u00f1ol de acuerdo con el Real Decreto 806\/1993 del 28.05.1993. Percibe financiaci\u00f3n econ\u00f3mica y personal de la Oficina Federal de Relaciones Exeriores de la Rep\u00fablica Federal de Alemania, al igual que es reconocido y supervisado \u00a0por la Conferencia Permanente de los Ministros de la Rep\u00fablica Federal de Alemania (KMK).<\/p>\n<p>La Central de Colegios en el Extrajero (ZfA) de la Oficina Federal de Administraci\u00f3n (BfAA) supervisa la organizaci\u00f3n del colegio, proporciona apoyo financiero y material educativo y env\u00eda pofesorado en comisi\u00f3n de servicio por un tiempo limitado.<\/p>\n<p>La mayor\u00eda del alumnado accede con 1 a\u00f1o de edad a trav\u00e9s de Educaci\u00f3n Infantil o con 3 a\u00f1os en el Kindergarten. Esto da lugar a dos clases paralelas en la Primaria, que luego contin\u00faan en la Secundaria.<\/p>\n","protected":false},"excerpt":{"rendered":"<p>El Colegio Alem\u00e1n Santa Cruz de Tenerife es un colegio biling\u00fce, en el que se preparara [&hellip;]<\/p>\n","protected":false},"author":10,"featured_media":99742,"parent":0,"menu_order":2,"comment_status":"closed","ping_status":"closed","template":"","meta":{"site-sidebar-layout":"right-sidebar","site-content-layout":"boxed-container","ast-site-content-layout":"normal-width-container","site-content-style":"boxed","site-sidebar-style":"boxed","ast-global-header-display":"","ast-banner-title-visibility":"","ast-main-header-display":"","ast-hfb-above-header-display":"","ast-hfb-below-header-display":"","ast-hfb-mobile-header-display":"","site-post-title":"","ast-breadcrumbs-content":"","ast-featured-img":"","footer-sml-layout":"","ast-disable-related-posts":"","theme-transparent-header-meta":"default","adv-header-id-meta":"","stick-header-meta":"default","header-above-stick-meta":"","header-main-stick-meta":"","header-below-stick-meta":"","astra-migrate-meta-layouts":"set","ast-page-background-enabled":"default","ast-page-background-meta":{"desktop":{"background-color":"","background-image":"","background-repeat":"repeat","background-position":"center center","background-size":"auto","background-attachment":"scroll","background-type":"","background-media":"","overlay-type":"","overlay-color":"","overlay-opacity":"","overlay-gradient":""},"tablet":{"background-color":"","background-image":"","background-repeat":"repeat","background-position":"center center","background-size":"auto","background-attachment":"scroll","background-type":"","background-media":"","overlay-type":"","overlay-color":"","overlay-opacity":"","overlay-gradient":""},"mobile":{"background-color":"","background-image":"","background-repeat":"repeat","background-position":"center center","background-size":"auto","background-attachment":"scroll","background-type":"","background-media":"","overlay-type":"","overlay-color":"","overlay-opacity":"","overlay-gradient":""}},"ast-content-background-meta":{"desktop":{"background-color":"var(--ast-global-color-5)","background-image":"","background-repeat":"repeat","background-position":"center center","background-size":"auto","background-attachment":"scroll","background-type":"","background-media":"","overlay-type":"","overlay-color":"","overlay-opacity":"","overlay-gradient":""},"tablet":{"background-color":"var(--ast-global-color-5)","background-image":"","background-repeat":"repeat","background-position":"center center","background-size":"auto","background-attachment":"scroll","background-type":"","background-media":"","overlay-type":"","overlay-color":"","overlay-opacity":"","overlay-gradient":""},"mobile":{"background-color":"var(--ast-global-color-5)","background-image":"","background-repeat":"repeat","background-position":"center center","background-size":"auto","background-attachment":"scroll","background-type":"","background-media":"","overlay-type":"","overlay-color":"","overlay-opacity":"","overlay-gradient":""}},"_jet_sm_ready_style":"","_jet_sm_style":"","_jet_sm_controls_values":"","_jet_sm_fonts_collection":"","_jet_sm_fonts_links":"","footnotes":""},"schlagwortedst":[153],"wf_page_folders":[176,208],"class_list":["post-902","page","type-page","status-publish","has-post-thumbnail","hentry","schlagwortedst-sideschule"],"_links":{"self":[{"href":"https:\/\/www.dstenerife.eu\/es\/wp-json\/wp\/v2\/pages\/902","targetHints":{"allow":["GET"]}}],"collection":[{"href":"https:\/\/www.dstenerife.eu\/es\/wp-json\/wp\/v2\/pages"}],"about":[{"href":"https:\/\/www.dstenerife.eu\/es\/wp-json\/wp\/v2\/types\/page"}],"author":[{"embeddable":true,"href":"https:\/\/www.dstenerife.eu\/es\/wp-json\/wp\/v2\/users\/10"}],"replies":[{"embeddable":true,"href":"https:\/\/www.dstenerife.eu\/es\/wp-json\/wp\/v2\/comments?post=902"}],"version-history":[{"count":5,"href":"https:\/\/www.dstenerife.eu\/es\/wp-json\/wp\/v2\/pages\/902\/revisions"}],"predecessor-version":[{"id":99749,"href":"https:\/\/www.dstenerife.eu\/es\/wp-json\/wp\/v2\/pages\/902\/revisions\/99749"}],"wp:featuredmedia":[{"embeddable":true,"href":"https:\/\/www.dstenerife.eu\/es\/wp-json\/wp\/v2\/media\/99742"}],"wp:attachment":[{"href":"https:\/\/www.dstenerife.eu\/es\/wp-json\/wp\/v2\/media?parent=902"}],"wp:term":[{"taxonomy":"schlagwortedst","embeddable":true,"href":"https:\/\/www.dstenerife.eu\/es\/wp-json\/wp\/v2\/schlagwortedst?post=902"},{"taxonomy":"wf_page_folders","embeddable":true,"href":"https:\/\/www.dstenerife.eu\/es\/wp-json\/wp\/v2\/wf_page_folders?post=902"}],"curies":[{"name":"wp","href":"https:\/\/api.w.org\/{rel}","templated":true}]}}