{"id":940,"date":"2015-04-25T21:53:44","date_gmt":"2015-04-25T20:53:44","guid":{"rendered":"http:\/\/dstenerife.ducklingit.com\/?page_id=940"},"modified":"2025-09-12T11:36:33","modified_gmt":"2025-09-12T10:36:33","slug":"gestion-de-calidad-en-el-colegio-aleman-de-santa-cruz-de-tenerife","status":"publish","type":"page","link":"https:\/\/www.dstenerife.eu\/es\/colegio\/comites-del-colegio\/gestion-de-calidad-en-el-colegio-aleman-de-santa-cruz-de-tenerife\/","title":{"rendered":"Grupo de la Gesti\u00f3n de Calidad"},"content":{"rendered":"<h3><strong>Miembros permanentes 2025\/2026<\/strong><\/h3>\n<ol>\n<li>Coordinadores del Grupo Director: Sra. Kaschta y Sr. Scheiter<\/li>\n<li>Direcci\u00f3n: Sr. Linkersd\u00f6rfer<\/li>\n<li>Representante de las madres y de los padres: Sr. Dannerbauer<\/li>\n<li>Representante del alumnado: In\u00e9s de las Casas, Zo\u00e9 Rolle, Ehedey Garc\u00eda (Clase 12)<\/li>\n<li>Representante de la Junta Directiva: Sr. K\u00fchn<\/li>\n<\/ol>\n<h4>Prioridades en el desarrollo escolar en el a\u00f1o escolar 2024\/2025<br \/>\nGrupos de trabajo:<\/h4>\n<div>\u00a0\u00abAlem\u00e1n\u00bb: Sra. Heim<\/div>\n<div>\u00abDFU\u00bb: Sra. Noss und Sra. Gonz\u00e1lez<\/div>\n<div>\u00abNuestro colegio en un mundo digital\u00bb: Sra. Gonz\u00e1lez y Sr. Igeler<\/div>\n<div>\u00abTolerancia y Democracia\u00bb: Sr. Igeler<\/div>\n<div>\u00abInclusi\u00f3n\u00bb: Sra. Pintado y Sra. Garc\u00eda (psci\u00f3logas escolares)<\/div>\n<div>\u00abEspa\u00f1ol e IPS\u00bb: Sr. Jorge<\/div>\n<div>\u00abPrimaria\u00bb: Sra. Heliosch y equipo de Primaria<\/div>\n<div><\/div>\n<h2><strong>Prioridades en el desarrollo escolar en el curso escolar 2024\/2025<\/strong><\/h2>\n<p>Los diferentes Grupos de Calidad funcionan seg\u00fan el principio de la gesti\u00f3n de proyectos con responsabilidades claramente definidas, una planificaci\u00f3n temporal fijada, con peque\u00f1os objetivos en los proyectos para garantizar y aumentar la calidad educativa. Sus tareas y metas est\u00e1n definidas en el programa escolar, como <a href=\"https:\/\/www.dstenerife.eu\/es\/colegio\/gestion-de-calidad-en-el-colegio-aleman-santa-cruz-de-tenerife\/evaluaciones\/\">resultado de las evaluaciones internas (por ejemplo SEIS+) y externas (por ejemplo BLI)<\/a>. Despu\u00e9s de alcanzar sus objetivos y la integraci\u00f3n de sus resultados en la gesti\u00f3n del proceso cont\u00ednuo, se disuelven los Grupos de Calidad y se ocupan de nuevas prioridades en el desarrollo.<\/p>\n<p>En la actualidad se est\u00e1 trabajando en prioridades, resultado de las inspecciones y visitas de la Central de Colegios en el Extranjero (visita de balance marzo 2020),\u00a0 la evaluaci\u00f3n de satisfacci\u00f3n escolar (mayo 2023) y de la revisi\u00f3n \u00abPeer\u00bb (octubre 2023).<\/p>\n<p>M\u00e1s informaci\u00f3n en <a href=\"https:\/\/www.dstenerife.eu\/es\/colegio\/gestion-de-calidad-en-el-colegio-aleman-santa-cruz-de-tenerife\/\">la p\u00e1gina Gesti\u00f3n de Calidad<\/a><\/p>\n","protected":false},"excerpt":{"rendered":"<p>Miembros permanentes 2025\/2026 Coordinadores del Grupo Director: Sra. Kaschta y Sr. Scheiter Direcci\u00f3n: Sr. Linkersd\u00f6rfer Representante [&hellip;]<\/p>\n","protected":false},"author":10,"featured_media":0,"parent":1913,"menu_order":4,"comment_status":"closed","ping_status":"closed","template":"","meta":{"site-sidebar-layout":"default","site-content-layout":"default","ast-site-content-layout":"default","site-content-style":"default","site-sidebar-style":"default","ast-global-header-display":"","ast-banner-title-visibility":"","ast-main-header-display":"","ast-hfb-above-header-display":"","ast-hfb-below-header-display":"","ast-hfb-mobile-header-display":"","site-post-title":"","ast-breadcrumbs-content":"","ast-featured-img":"","footer-sml-layout":"","ast-disable-related-posts":"","theme-transparent-header-meta":"default","adv-header-id-meta":"","stick-header-meta":"default","header-above-stick-meta":"","header-main-stick-meta":"","header-below-stick-meta":"","astra-migrate-meta-layouts":"set","ast-page-background-enabled":"default","ast-page-background-meta":{"desktop":{"background-color":"","background-image":"","background-repeat":"repeat","background-position":"center center","background-size":"auto","background-attachment":"scroll","background-type":"","background-media":"","overlay-type":"","overlay-color":"","overlay-opacity":"","overlay-gradient":""},"tablet":{"background-color":"","background-image":"","background-repeat":"repeat","background-position":"center center","background-size":"auto","background-attachment":"scroll","background-type":"","background-media":"","overlay-type":"","overlay-color":"","overlay-opacity":"","overlay-gradient":""},"mobile":{"background-color":"","background-image":"","background-repeat":"repeat","background-position":"center center","background-size":"auto","background-attachment":"scroll","background-type":"","background-media":"","overlay-type":"","overlay-color":"","overlay-opacity":"","overlay-gradient":""}},"ast-content-background-meta":{"desktop":{"background-color":"var(--ast-global-color-5)","background-image":"","background-repeat":"repeat","background-position":"center center","background-size":"auto","background-attachment":"scroll","background-type":"","background-media":"","overlay-type":"","overlay-color":"","overlay-opacity":"","overlay-gradient":""},"tablet":{"background-color":"var(--ast-global-color-5)","background-image":"","background-repeat":"repeat","background-position":"center center","background-size":"auto","background-attachment":"scroll","background-type":"","background-media":"","overlay-type":"","overlay-color":"","overlay-opacity":"","overlay-gradient":""},"mobile":{"background-color":"var(--ast-global-color-5)","background-image":"","background-repeat":"repeat","background-position":"center center","background-size":"auto","background-attachment":"scroll","background-type":"","background-media":"","overlay-type":"","overlay-color":"","overlay-opacity":"","overlay-gradient":""}},"_jet_sm_ready_style":"","_jet_sm_style":"","_jet_sm_controls_values":"","_jet_sm_fonts_collection":"","_jet_sm_fonts_links":"","footnotes":""},"schlagwortedst":[153],"wf_page_folders":[176,208],"class_list":["post-940","page","type-page","status-publish","hentry","schlagwortedst-sideschule"],"_links":{"self":[{"href":"https:\/\/www.dstenerife.eu\/es\/wp-json\/wp\/v2\/pages\/940","targetHints":{"allow":["GET"]}}],"collection":[{"href":"https:\/\/www.dstenerife.eu\/es\/wp-json\/wp\/v2\/pages"}],"about":[{"href":"https:\/\/www.dstenerife.eu\/es\/wp-json\/wp\/v2\/types\/page"}],"author":[{"embeddable":true,"href":"https:\/\/www.dstenerife.eu\/es\/wp-json\/wp\/v2\/users\/10"}],"replies":[{"embeddable":true,"href":"https:\/\/www.dstenerife.eu\/es\/wp-json\/wp\/v2\/comments?post=940"}],"version-history":[{"count":12,"href":"https:\/\/www.dstenerife.eu\/es\/wp-json\/wp\/v2\/pages\/940\/revisions"}],"predecessor-version":[{"id":99384,"href":"https:\/\/www.dstenerife.eu\/es\/wp-json\/wp\/v2\/pages\/940\/revisions\/99384"}],"up":[{"embeddable":true,"href":"https:\/\/www.dstenerife.eu\/es\/wp-json\/wp\/v2\/pages\/1913"}],"wp:attachment":[{"href":"https:\/\/www.dstenerife.eu\/es\/wp-json\/wp\/v2\/media?parent=940"}],"wp:term":[{"taxonomy":"schlagwortedst","embeddable":true,"href":"https:\/\/www.dstenerife.eu\/es\/wp-json\/wp\/v2\/schlagwortedst?post=940"},{"taxonomy":"wf_page_folders","embeddable":true,"href":"https:\/\/www.dstenerife.eu\/es\/wp-json\/wp\/v2\/wf_page_folders?post=940"}],"curies":[{"name":"wp","href":"https:\/\/api.w.org\/{rel}","templated":true}]}}